{"id":10922,"date":"2026-02-05T16:33:42","date_gmt":"2026-02-05T15:33:42","guid":{"rendered":"https:\/\/www.bynaldis-shop.com\/?post_type=product&#038;p=10922"},"modified":"2026-05-06T11:00:22","modified_gmt":"2026-05-06T09:00:22","slug":"engel-molly-stern-gold","status":"publish","type":"product","link":"https:\/\/www.bynaldis-shop.com\/?product=engel-molly-stern-gold","title":{"rendered":"Engel Molly &#8211; Stern gold"},"content":{"rendered":"<p>Die Figur Molly zeichnet sich durch detailreiche Handarbeit und sorgf\u00e4ltige Handbemalung aus. Gefertigt aus Kunstharz und Polyester, \u00fcberzeugt der Engel in mehrfarbiger Ausf\u00fchrung mit den Farbt\u00f6nen Braun, Gold, Silber und Wei\u00df. Die kompakte Form mit einer H\u00f6he von 7 cm und einem Durchmesser von 5 cm eignet sich zur Erg\u00e4nzung von hochwertigen Sortimenten. Das Design ist aufwendig gestaltet und zeugt von handwerklicher Pr\u00e4zision.<\/p>\n<p>Handgearbeitet und handgemalt<\/p>\n","protected":false},"excerpt":{"rendered":"<p>Die Figur Molly zeichnet sich durch detailreiche Handarbeit und sorgf\u00e4ltige Handbemalung aus. Gefertigt aus Kunstharz und Polyester, \u00fcberzeugt der Engel in mehrfarbiger Ausf\u00fchrung mit den Farbt\u00f6nen Braun, Gold, Silber und Wei\u00df. Die kompakte Form mit einer H\u00f6he von 7 cm und einem Durchmesser von 5 cm eignet sich zur Erg\u00e4nzung von hochwertigen Sortimenten. Das Design [&hellip;]<\/p>\n<p><a class=\"read-more\" href=\"https:\/\/www.bynaldis-shop.com\/?product=engel-molly-stern-gold\">Mehr lesen<span class=\"meta-nav\">&rarr;<\/span><\/a><\/p>\n","protected":false},"featured_media":10923,"template":"","meta":[],"product_brand":[],"product_cat":[268],"product_tag":[],"class_list":{"0":"post-10922","1":"product","2":"type-product","3":"status-publish","4":"has-post-thumbnail","6":"product_cat-demnaechst-lieferbar","8":"first","9":"instock","10":"taxable","11":"shipping-taxable","12":"purchasable","13":"product-type-simple"},"_links":{"self":[{"href":"https:\/\/www.bynaldis-shop.com\/index.php?rest_route=\/wp\/v2\/product\/10922","targetHints":{"allow":["GET"]}}],"collection":[{"href":"https:\/\/www.bynaldis-shop.com\/index.php?rest_route=\/wp\/v2\/product"}],"about":[{"href":"https:\/\/www.bynaldis-shop.com\/index.php?rest_route=\/wp\/v2\/types\/product"}],"wp:featuredmedia":[{"embeddable":true,"href":"https:\/\/www.bynaldis-shop.com\/index.php?rest_route=\/wp\/v2\/media\/10923"}],"wp:attachment":[{"href":"https:\/\/www.bynaldis-shop.com\/index.php?rest_route=%2Fwp%2Fv2%2Fmedia&parent=10922"}],"wp:term":[{"taxonomy":"product_brand","embeddable":true,"href":"https:\/\/www.bynaldis-shop.com\/index.php?rest_route=%2Fwp%2Fv2%2Fproduct_brand&post=10922"},{"taxonomy":"product_cat","embeddable":true,"href":"https:\/\/www.bynaldis-shop.com\/index.php?rest_route=%2Fwp%2Fv2%2Fproduct_cat&post=10922"},{"taxonomy":"product_tag","embeddable":true,"href":"https:\/\/www.bynaldis-shop.com\/index.php?rest_route=%2Fwp%2Fv2%2Fproduct_tag&post=10922"}],"curies":[{"name":"wp","href":"https:\/\/api.w.org\/{rel}","templated":true}]}}