{"id":10914,"date":"2026-02-05T16:26:00","date_gmt":"2026-02-05T15:26:00","guid":{"rendered":"https:\/\/www.bynaldis-shop.com\/?post_type=product&#038;p=10914"},"modified":"2026-05-06T11:01:11","modified_gmt":"2026-05-06T09:01:11","slug":"engel-hilde-gold-stehend","status":"publish","type":"product","link":"https:\/\/www.bynaldis-shop.com\/?product=engel-hilde-gold-stehend","title":{"rendered":"Engel Hilde gold &#8211; stehend"},"content":{"rendered":"<p>Die Figur &#8218;Hilde&#8216; aus kunstvoll bemaltem Kunstharz \u00fcberzeugt mit einer matten, mehrfarbigen Oberfl\u00e4che in Beige und Grau. Die handgemalte Engel-Form unterstreicht den filigranen Charakter des Artikels. Mit einer H\u00f6he von 9 cm und einer Breite von 4, 5 cm eignet sich das hochwertige Objekt als stilsichere Sortimentserg\u00e4nzung f\u00fcr weihnachtliche Anl\u00e4sse.<\/p>\n<p>handgemalt<\/p>\n","protected":false},"excerpt":{"rendered":"<p>Die Figur &#8218;Hilde&#8216; aus kunstvoll bemaltem Kunstharz \u00fcberzeugt mit einer matten, mehrfarbigen Oberfl\u00e4che in Beige und Grau. Die handgemalte Engel-Form unterstreicht den filigranen Charakter des Artikels. Mit einer H\u00f6he von 9 cm und einer Breite von 4, 5 cm eignet sich das hochwertige Objekt als stilsichere Sortimentserg\u00e4nzung f\u00fcr weihnachtliche Anl\u00e4sse. handgemalt<\/p>\n<p><a class=\"read-more\" href=\"https:\/\/www.bynaldis-shop.com\/?product=engel-hilde-gold-stehend\">Mehr lesen<span class=\"meta-nav\">&rarr;<\/span><\/a><\/p>\n","protected":false},"featured_media":10915,"template":"","meta":[],"product_brand":[],"product_cat":[268],"product_tag":[],"class_list":{"0":"post-10914","1":"product","2":"type-product","3":"status-publish","4":"has-post-thumbnail","6":"product_cat-demnaechst-lieferbar","8":"first","9":"instock","10":"taxable","11":"shipping-taxable","12":"purchasable","13":"product-type-simple"},"_links":{"self":[{"href":"https:\/\/www.bynaldis-shop.com\/index.php?rest_route=\/wp\/v2\/product\/10914","targetHints":{"allow":["GET"]}}],"collection":[{"href":"https:\/\/www.bynaldis-shop.com\/index.php?rest_route=\/wp\/v2\/product"}],"about":[{"href":"https:\/\/www.bynaldis-shop.com\/index.php?rest_route=\/wp\/v2\/types\/product"}],"wp:featuredmedia":[{"embeddable":true,"href":"https:\/\/www.bynaldis-shop.com\/index.php?rest_route=\/wp\/v2\/media\/10915"}],"wp:attachment":[{"href":"https:\/\/www.bynaldis-shop.com\/index.php?rest_route=%2Fwp%2Fv2%2Fmedia&parent=10914"}],"wp:term":[{"taxonomy":"product_brand","embeddable":true,"href":"https:\/\/www.bynaldis-shop.com\/index.php?rest_route=%2Fwp%2Fv2%2Fproduct_brand&post=10914"},{"taxonomy":"product_cat","embeddable":true,"href":"https:\/\/www.bynaldis-shop.com\/index.php?rest_route=%2Fwp%2Fv2%2Fproduct_cat&post=10914"},{"taxonomy":"product_tag","embeddable":true,"href":"https:\/\/www.bynaldis-shop.com\/index.php?rest_route=%2Fwp%2Fv2%2Fproduct_tag&post=10914"}],"curies":[{"name":"wp","href":"https:\/\/api.w.org\/{rel}","templated":true}]}}