{"id":10912,"date":"2026-02-05T16:20:01","date_gmt":"2026-02-05T15:20:01","guid":{"rendered":"https:\/\/www.bynaldis-shop.com\/?post_type=product&#038;p=10912"},"modified":"2026-05-06T11:01:19","modified_gmt":"2026-05-06T09:01:19","slug":"engel-hilde-silber","status":"publish","type":"product","link":"https:\/\/www.bynaldis-shop.com\/?product=engel-hilde-silber","title":{"rendered":"Engel Hilde silber &#8211; h\u00e4ngend"},"content":{"rendered":"<p>Der Weihnachtsanh\u00e4nger Hilde besteht aus Kunstharz und zeichnet sich durch eine mehrfarbige, handbemalte Gestaltung in Beige und Grau aus. Die Engel-Form und der matte optische Effekt unterstreichen das sorgf\u00e4ltig ausgearbeitete Design. Mit einer H\u00f6he von 5, 50 cm und einer L\u00e4nge von 4, 50 cm bietet dieser handgemalte Artikel best\u00e4ndige Materialqualit\u00e4t f\u00fcr ein hochwertiges Weihnachtssortiment.<\/p>\n","protected":false},"excerpt":{"rendered":"<p>Der Weihnachtsanh\u00e4nger Hilde besteht aus Kunstharz und zeichnet sich durch eine mehrfarbige, handbemalte Gestaltung in Beige und Grau aus. Die Engel-Form und der matte optische Effekt unterstreichen das sorgf\u00e4ltig ausgearbeitete Design. Mit einer H\u00f6he von 5, 50 cm und einer L\u00e4nge von 4, 50 cm bietet dieser handgemalte Artikel best\u00e4ndige Materialqualit\u00e4t f\u00fcr ein hochwertiges Weihnachtssortiment.<\/p>\n<p><a class=\"read-more\" href=\"https:\/\/www.bynaldis-shop.com\/?product=engel-hilde-silber\">Mehr lesen<span class=\"meta-nav\">&rarr;<\/span><\/a><\/p>\n","protected":false},"featured_media":10913,"template":"","meta":[],"product_brand":[],"product_cat":[268],"product_tag":[],"class_list":{"0":"post-10912","1":"product","2":"type-product","3":"status-publish","4":"has-post-thumbnail","6":"product_cat-demnaechst-lieferbar","8":"first","9":"instock","10":"taxable","11":"shipping-taxable","12":"purchasable","13":"product-type-simple"},"_links":{"self":[{"href":"https:\/\/www.bynaldis-shop.com\/index.php?rest_route=\/wp\/v2\/product\/10912","targetHints":{"allow":["GET"]}}],"collection":[{"href":"https:\/\/www.bynaldis-shop.com\/index.php?rest_route=\/wp\/v2\/product"}],"about":[{"href":"https:\/\/www.bynaldis-shop.com\/index.php?rest_route=\/wp\/v2\/types\/product"}],"wp:featuredmedia":[{"embeddable":true,"href":"https:\/\/www.bynaldis-shop.com\/index.php?rest_route=\/wp\/v2\/media\/10913"}],"wp:attachment":[{"href":"https:\/\/www.bynaldis-shop.com\/index.php?rest_route=%2Fwp%2Fv2%2Fmedia&parent=10912"}],"wp:term":[{"taxonomy":"product_brand","embeddable":true,"href":"https:\/\/www.bynaldis-shop.com\/index.php?rest_route=%2Fwp%2Fv2%2Fproduct_brand&post=10912"},{"taxonomy":"product_cat","embeddable":true,"href":"https:\/\/www.bynaldis-shop.com\/index.php?rest_route=%2Fwp%2Fv2%2Fproduct_cat&post=10912"},{"taxonomy":"product_tag","embeddable":true,"href":"https:\/\/www.bynaldis-shop.com\/index.php?rest_route=%2Fwp%2Fv2%2Fproduct_tag&post=10912"}],"curies":[{"name":"wp","href":"https:\/\/api.w.org\/{rel}","templated":true}]}}