{"id":10870,"date":"2026-01-26T15:32:01","date_gmt":"2026-01-26T14:32:01","guid":{"rendered":"https:\/\/www.bynaldis-shop.com\/?post_type=product&#038;p=10870"},"modified":"2026-03-25T13:50:14","modified_gmt":"2026-03-25T12:50:14","slug":"schluesselanhaenger-engel-5","status":"publish","type":"product","link":"https:\/\/www.bynaldis-shop.com\/?product=schluesselanhaenger-engel-5","title":{"rendered":"Schl\u00fcsselanh\u00e4nger Engel 5"},"content":{"rendered":"<p>Manchmal brauchen Kinder etwas Kleines, das ihnen Sicherheit schenkt. Dieser Schutzengel-Anh\u00e4nger aus rundem Speckstein (ca. 3\u20134 cm) ist genau daf\u00fcr gedacht. Jeder Engel ist individuell gestaltet, farbenfroh und kindgerecht. Ein kleines Symbol f\u00fcr Schutz und Vertrauen.<br \/>\nDer silberne Schl\u00fcsselring macht ihn zum idealen Begleiter am Schl\u00fcsselbund, Rucksack oder Turnbeutel.<br \/>\nDie liebevolle Botschaft auf der R\u00fcckseite gibt Kindern Mut und erinnert sie daran: Jemand passt auf dich auf.<\/p>\n<p>In unserem Shop finden Sie viele weitere Schutzengel-Anh\u00e4nger f\u00fcr Kinder in unterschiedlichen Farben und Gestaltungen. St\u00f6bern Sie gern und entdecken Sie den passenden Begleiter f\u00fcr Ihr Kind.<\/p>\n","protected":false},"excerpt":{"rendered":"<p>Manchmal brauchen Kinder etwas Kleines, das ihnen Sicherheit schenkt. Dieser Schutzengel-Anh\u00e4nger aus rundem Speckstein (ca. 3\u20134 cm) ist genau daf\u00fcr gedacht. Jeder Engel ist individuell gestaltet, farbenfroh und kindgerecht. Ein kleines Symbol f\u00fcr Schutz und Vertrauen. Der silberne Schl\u00fcsselring macht ihn zum idealen Begleiter am Schl\u00fcsselbund, Rucksack oder Turnbeutel. Die liebevolle Botschaft auf der R\u00fcckseite [&hellip;]<\/p>\n<p><a class=\"read-more\" href=\"https:\/\/www.bynaldis-shop.com\/?product=schluesselanhaenger-engel-5\">Mehr lesen<span class=\"meta-nav\">&rarr;<\/span><\/a><\/p>\n","protected":false},"featured_media":10871,"template":"","meta":[],"product_brand":[],"product_cat":[291,219],"product_tag":[],"class_list":{"0":"post-10870","1":"product","2":"type-product","3":"status-publish","4":"has-post-thumbnail","6":"product_cat-engel-fuer-kleine-herzen","7":"product_cat-noch-mehr-engel","9":"first","10":"instock","11":"taxable","12":"shipping-taxable","13":"purchasable","14":"product-type-simple"},"_links":{"self":[{"href":"https:\/\/www.bynaldis-shop.com\/index.php?rest_route=\/wp\/v2\/product\/10870","targetHints":{"allow":["GET"]}}],"collection":[{"href":"https:\/\/www.bynaldis-shop.com\/index.php?rest_route=\/wp\/v2\/product"}],"about":[{"href":"https:\/\/www.bynaldis-shop.com\/index.php?rest_route=\/wp\/v2\/types\/product"}],"wp:featuredmedia":[{"embeddable":true,"href":"https:\/\/www.bynaldis-shop.com\/index.php?rest_route=\/wp\/v2\/media\/10871"}],"wp:attachment":[{"href":"https:\/\/www.bynaldis-shop.com\/index.php?rest_route=%2Fwp%2Fv2%2Fmedia&parent=10870"}],"wp:term":[{"taxonomy":"product_brand","embeddable":true,"href":"https:\/\/www.bynaldis-shop.com\/index.php?rest_route=%2Fwp%2Fv2%2Fproduct_brand&post=10870"},{"taxonomy":"product_cat","embeddable":true,"href":"https:\/\/www.bynaldis-shop.com\/index.php?rest_route=%2Fwp%2Fv2%2Fproduct_cat&post=10870"},{"taxonomy":"product_tag","embeddable":true,"href":"https:\/\/www.bynaldis-shop.com\/index.php?rest_route=%2Fwp%2Fv2%2Fproduct_tag&post=10870"}],"curies":[{"name":"wp","href":"https:\/\/api.w.org\/{rel}","templated":true}]}}