{"id":10791,"date":"2026-01-06T13:24:25","date_gmt":"2026-01-06T12:24:25","guid":{"rendered":"https:\/\/www.bynaldis-shop.com\/?post_type=product&#038;p=10791"},"modified":"2026-03-25T13:33:32","modified_gmt":"2026-03-25T12:33:32","slug":"postkarte-happy-birthday","status":"publish","type":"product","link":"https:\/\/www.bynaldis-shop.com\/?product=postkarte-happy-birthday","title":{"rendered":"Postkarte &#8211; Happy Birthday"},"content":{"rendered":"<p data-start=\"0\" data-end=\"24\"><strong>Postkarte A6 &#8211; Happy Birthday<\/strong><\/p>\n<p data-start=\"26\" data-end=\"458\" data-is-last-node=\"\" data-is-only-node=\"\">Eine zarte Botschaft voller W\u00e4rme und Verbundenheit, die zeigt, wie wertvoll gemeinsame Momente sind. Diese Karte l\u00e4dt Frauen dazu ein, die Freude am Miteinander zu feiern und das Geschenk der N\u00e4he zu w\u00fcrdigen. Mit liebevoller Spiritualit\u00e4t ber\u00fchrt sie das Herz und erinnert daran, wie sch\u00f6n es ist, gemeinsam durch das Leben zu gehen \u2013 voller Liebe, Achtsamkeit und Licht. Ein liebevolles Zeichen der Dankbarkeit und Verbundenheit.<\/p>\n<p data-start=\"26\" data-end=\"458\" data-is-last-node=\"\" data-is-only-node=\"\">Passend zu unseren liebevoll gestalteten Postkarten findest du in unserem Shop auch wundersch\u00f6ne Postkartenhalter aus Holz und Gips. Sie setzen deine Karten elegant in Szene und sorgen daf\u00fcr, dass deine liebsten Botschaften immer gut sichtbar und stilvoll pr\u00e4sentiert werden. Ob auf dem Schreibtisch, im Regal oder auf dem Fensterbrett \u2013 unsere Halter sind kleine Hingucker und machen das Postkartenerlebnis noch besonderer. Entdecke die Vielfalt und gestalte deine pers\u00f6nliche Wohlf\u00fchloase mit Herz!<\/p>\n","protected":false},"excerpt":{"rendered":"<p>Postkarte A6 &#8211; Happy Birthday Eine zarte Botschaft voller W\u00e4rme und Verbundenheit, die zeigt, wie wertvoll gemeinsame Momente sind. Diese Karte l\u00e4dt Frauen dazu ein, die Freude am Miteinander zu feiern und das Geschenk der N\u00e4he zu w\u00fcrdigen. Mit liebevoller Spiritualit\u00e4t ber\u00fchrt sie das Herz und erinnert daran, wie sch\u00f6n es ist, gemeinsam durch das [&hellip;]<\/p>\n<p><a class=\"read-more\" href=\"https:\/\/www.bynaldis-shop.com\/?product=postkarte-happy-birthday\">Mehr lesen<span class=\"meta-nav\">&rarr;<\/span><\/a><\/p>\n","protected":false},"featured_media":10792,"template":"","meta":[],"product_brand":[],"product_cat":[215],"product_tag":[],"class_list":{"0":"post-10791","1":"product","2":"type-product","3":"status-publish","4":"has-post-thumbnail","6":"product_cat-postkarten","8":"first","9":"instock","10":"taxable","11":"shipping-taxable","12":"purchasable","13":"product-type-simple"},"_links":{"self":[{"href":"https:\/\/www.bynaldis-shop.com\/index.php?rest_route=\/wp\/v2\/product\/10791","targetHints":{"allow":["GET"]}}],"collection":[{"href":"https:\/\/www.bynaldis-shop.com\/index.php?rest_route=\/wp\/v2\/product"}],"about":[{"href":"https:\/\/www.bynaldis-shop.com\/index.php?rest_route=\/wp\/v2\/types\/product"}],"wp:featuredmedia":[{"embeddable":true,"href":"https:\/\/www.bynaldis-shop.com\/index.php?rest_route=\/wp\/v2\/media\/10792"}],"wp:attachment":[{"href":"https:\/\/www.bynaldis-shop.com\/index.php?rest_route=%2Fwp%2Fv2%2Fmedia&parent=10791"}],"wp:term":[{"taxonomy":"product_brand","embeddable":true,"href":"https:\/\/www.bynaldis-shop.com\/index.php?rest_route=%2Fwp%2Fv2%2Fproduct_brand&post=10791"},{"taxonomy":"product_cat","embeddable":true,"href":"https:\/\/www.bynaldis-shop.com\/index.php?rest_route=%2Fwp%2Fv2%2Fproduct_cat&post=10791"},{"taxonomy":"product_tag","embeddable":true,"href":"https:\/\/www.bynaldis-shop.com\/index.php?rest_route=%2Fwp%2Fv2%2Fproduct_tag&post=10791"}],"curies":[{"name":"wp","href":"https:\/\/api.w.org\/{rel}","templated":true}]}}