{"id":10702,"date":"2025-10-28T11:25:24","date_gmt":"2025-10-28T10:25:24","guid":{"rendered":"https:\/\/www.bynaldis-shop.com\/?post_type=product&#038;p=10702"},"modified":"2026-05-05T12:13:25","modified_gmt":"2026-05-05T10:13:25","slug":"kristall-zapfen","status":"publish","type":"product","link":"https:\/\/www.bynaldis-shop.com\/?product=kristall-zapfen","title":{"rendered":"Kristall Zapfen"},"content":{"rendered":"<p data-start=\"224\" data-end=\"452\">1,6 x 7,6 cm gro\u00dfe Regenbogenkristalle bringen Licht, Farbe und Leben in Ihr Zuhause. In ihren geschliffenen Facetten bricht sich das Sonnenlicht wie von Zauberhand und tanzt als prismenhaftes Farbenspiel \u00fcber W\u00e4nde und Boden.<\/p>\n<p data-start=\"454\" data-end=\"813\">Wer seine Wohnung oder den Arbeitsplatz nach den Prinzipien des Feng Shui gestalten m\u00f6chte, wird die Sun Catcher lieben. Sie lassen sich problemlos in jedes Fenster h\u00e4ngen, sodass das Sonnenlicht hineinfallen und immer wieder neue, faszinierende Lichtspiele erzeugen kann. Probieren Sie es aus und lassen Sie sich von diesen strahlenden Momenten verzaubern.<\/p>\n<p data-start=\"815\" data-end=\"1239\">Feng Shui ist eine \u00fcber 3000 Jahre alte Philosophie, die lehrt, wie unsere Umgebung unser Wohlbefinden beeinflusst. Sie zeigt, wie Design, Einrichtung und Raumgestaltung unser Gl\u00fcck f\u00f6rdern k\u00f6nnen und wie negative Energien in positive umgewandelt werden k\u00f6nnen. Ziel ist es, den Lebens- und Arbeitsraum so zu gestalten, dass ein harmonischer Chi-Fluss entsteht \u2013 die Lebensenergie, die K\u00f6rper, Geist und Seele unterst\u00fctzt.<\/p>\n<p data-start=\"1241\" data-end=\"1543\">Im Feng Shui dreht sich alles um Harmonie und Gleichgewicht zwischen gegens\u00e4tzlichen Kr\u00e4ften wie Yin und Yang oder weiblich und m\u00e4nnlich. Mit einem Regenbogenkristall holen Sie sich nicht nur ein wundersch\u00f6nes Lichtspiel ins Haus, sondern auch ein St\u00fcck Harmonie und Ausgeglichenheit in Ihren Alltag.<\/p>\n","protected":false},"excerpt":{"rendered":"<p>1,6 x 7,6 cm gro\u00dfe Regenbogenkristalle bringen Licht, Farbe und Leben in Ihr Zuhause. In ihren geschliffenen Facetten bricht sich das Sonnenlicht wie von Zauberhand und tanzt als prismenhaftes Farbenspiel \u00fcber W\u00e4nde und Boden. Wer seine Wohnung oder den Arbeitsplatz nach den Prinzipien des Feng Shui gestalten m\u00f6chte, wird die Sun Catcher lieben. Sie lassen [&hellip;]<\/p>\n<p><a class=\"read-more\" href=\"https:\/\/www.bynaldis-shop.com\/?product=kristall-zapfen\">Mehr lesen<span class=\"meta-nav\">&rarr;<\/span><\/a><\/p>\n","protected":false},"featured_media":10703,"template":"","meta":[],"product_brand":[],"product_cat":[210],"product_tag":[],"class_list":{"0":"post-10702","1":"product","2":"type-product","3":"status-publish","4":"has-post-thumbnail","6":"product_cat-kristalle","8":"first","9":"instock","10":"taxable","11":"shipping-taxable","12":"purchasable","13":"product-type-simple"},"_links":{"self":[{"href":"https:\/\/www.bynaldis-shop.com\/index.php?rest_route=\/wp\/v2\/product\/10702","targetHints":{"allow":["GET"]}}],"collection":[{"href":"https:\/\/www.bynaldis-shop.com\/index.php?rest_route=\/wp\/v2\/product"}],"about":[{"href":"https:\/\/www.bynaldis-shop.com\/index.php?rest_route=\/wp\/v2\/types\/product"}],"wp:featuredmedia":[{"embeddable":true,"href":"https:\/\/www.bynaldis-shop.com\/index.php?rest_route=\/wp\/v2\/media\/10703"}],"wp:attachment":[{"href":"https:\/\/www.bynaldis-shop.com\/index.php?rest_route=%2Fwp%2Fv2%2Fmedia&parent=10702"}],"wp:term":[{"taxonomy":"product_brand","embeddable":true,"href":"https:\/\/www.bynaldis-shop.com\/index.php?rest_route=%2Fwp%2Fv2%2Fproduct_brand&post=10702"},{"taxonomy":"product_cat","embeddable":true,"href":"https:\/\/www.bynaldis-shop.com\/index.php?rest_route=%2Fwp%2Fv2%2Fproduct_cat&post=10702"},{"taxonomy":"product_tag","embeddable":true,"href":"https:\/\/www.bynaldis-shop.com\/index.php?rest_route=%2Fwp%2Fv2%2Fproduct_tag&post=10702"}],"curies":[{"name":"wp","href":"https:\/\/api.w.org\/{rel}","templated":true}]}}