{"id":10697,"date":"2025-10-28T11:13:34","date_gmt":"2025-10-28T10:13:34","guid":{"rendered":"https:\/\/www.bynaldis-shop.com\/?post_type=product&#038;p=10697"},"modified":"2025-12-28T12:06:43","modified_gmt":"2025-12-28T11:06:43","slug":"rosenquarzengel","status":"publish","type":"product","link":"https:\/\/www.bynaldis-shop.com\/?product=rosenquarzengel","title":{"rendered":"Rosenquarzengel"},"content":{"rendered":"<p data-start=\"193\" data-end=\"478\">Engel sind Boten aus h\u00f6heren Gefilden, die uns mit ihrer Pr\u00e4senz geistige F\u00fchrung schenken und emotionale Unterst\u00fctzung bieten. Geschnitzte Engel aus Edelstein helfen uns, die Verbindung zu unserem pers\u00f6nlichen Schutzengel zu st\u00e4rken und uns bei allem zu begleiten, worum wir bitten.<\/p>\n<p data-start=\"480\" data-end=\"697\">Jeder Engel ist aus einem nat\u00fcrlichen Edelstein gefertigt und dadurch einzigartig in Farbe, Musterung und Form. Kein Engel gleicht dem anderen. Genau diese Einzigartigkeit macht jeden zu einem besonderen Begleiter.<\/p>\n<p data-start=\"699\" data-end=\"1034\">Der Rosenquarz steht f\u00fcr Sanftheit, Liebe und Herzensw\u00e4rme. Er f\u00f6rdert einen positiven emotionalen Austausch und unterst\u00fctzt uns dabei, (wieder) sich selbst und andere zu lieben. Mit einem Rosenquarz-Engel bringen Sie ein St\u00fcck Liebe, Harmonie und Licht in Ihr Leben oder schenken jemandem eine besondere Botschaft aus Herz und Hand.<\/p>\n","protected":false},"excerpt":{"rendered":"<p>Engel sind Boten aus h\u00f6heren Gefilden, die uns mit ihrer Pr\u00e4senz geistige F\u00fchrung schenken und emotionale Unterst\u00fctzung bieten. Geschnitzte Engel aus Edelstein helfen uns, die Verbindung zu unserem pers\u00f6nlichen Schutzengel zu st\u00e4rken und uns bei allem zu begleiten, worum wir bitten. Jeder Engel ist aus einem nat\u00fcrlichen Edelstein gefertigt und dadurch einzigartig in Farbe, Musterung [&hellip;]<\/p>\n<p><a class=\"read-more\" href=\"https:\/\/www.bynaldis-shop.com\/?product=rosenquarzengel\">Mehr lesen<span class=\"meta-nav\">&rarr;<\/span><\/a><\/p>\n","protected":false},"featured_media":10698,"template":"","meta":[],"product_brand":[],"product_cat":[219,282],"product_tag":[],"class_list":{"0":"post-10697","1":"product","2":"type-product","3":"status-publish","4":"has-post-thumbnail","6":"product_cat-noch-mehr-engel","7":"product_cat-anhaenger-und-armbaender","9":"first","10":"instock","11":"taxable","12":"shipping-taxable","13":"purchasable","14":"product-type-simple"},"_links":{"self":[{"href":"https:\/\/www.bynaldis-shop.com\/index.php?rest_route=\/wp\/v2\/product\/10697","targetHints":{"allow":["GET"]}}],"collection":[{"href":"https:\/\/www.bynaldis-shop.com\/index.php?rest_route=\/wp\/v2\/product"}],"about":[{"href":"https:\/\/www.bynaldis-shop.com\/index.php?rest_route=\/wp\/v2\/types\/product"}],"wp:featuredmedia":[{"embeddable":true,"href":"https:\/\/www.bynaldis-shop.com\/index.php?rest_route=\/wp\/v2\/media\/10698"}],"wp:attachment":[{"href":"https:\/\/www.bynaldis-shop.com\/index.php?rest_route=%2Fwp%2Fv2%2Fmedia&parent=10697"}],"wp:term":[{"taxonomy":"product_brand","embeddable":true,"href":"https:\/\/www.bynaldis-shop.com\/index.php?rest_route=%2Fwp%2Fv2%2Fproduct_brand&post=10697"},{"taxonomy":"product_cat","embeddable":true,"href":"https:\/\/www.bynaldis-shop.com\/index.php?rest_route=%2Fwp%2Fv2%2Fproduct_cat&post=10697"},{"taxonomy":"product_tag","embeddable":true,"href":"https:\/\/www.bynaldis-shop.com\/index.php?rest_route=%2Fwp%2Fv2%2Fproduct_tag&post=10697"}],"curies":[{"name":"wp","href":"https:\/\/api.w.org\/{rel}","templated":true}]}}