{"id":10680,"date":"2025-10-28T10:21:23","date_gmt":"2025-10-28T09:21:23","guid":{"rendered":"https:\/\/www.bynaldis-shop.com\/?post_type=product&#038;p=10680"},"modified":"2026-05-05T13:39:43","modified_gmt":"2026-05-05T11:39:43","slug":"postkartenbuch-klaus-sausebraus","status":"publish","type":"product","link":"https:\/\/www.bynaldis-shop.com\/?product=postkartenbuch-klaus-sausebraus","title":{"rendered":"Postkartenbuch &#8222;Klaus Sausebraus&#8220;"},"content":{"rendered":"<p data-start=\"265\" data-end=\"605\">D\u00fcrfen wir vorstellen? Hier kommt Klaus Sausebraus! Ein kleiner Gartenbewohner voller Energie, Freude und Lebenslust. Wo er auftaucht, summt und brummt das Leben fr\u00f6hlich, leicht und sonnendurchflutet. Klaus Sausebraus schleckt Nektar aus den Bl\u00fcten, tanzt durch den Sommerwind und ruht sich schlie\u00dflich wohlig im Wiesenschaumkraut aus.<\/p>\n<p data-start=\"607\" data-end=\"932\">Mit feinem Pinselstrich und einem Herz f\u00fcr das Kleine und Zarte erz\u00e4hlt Daniela Drescher in ihren Illustrationen von der Leichtigkeit des Lebens, von Naturgl\u00fcck und stillen Momenten des Friedens. Jede der Postkarten aus diesem Buch tr\u00e4gt die unverkennbare Handschrift der K\u00fcnstlerin: farbenfroh, lebendig und voller Charme.<\/p>\n<p data-start=\"934\" data-end=\"1234\">Die Motive aus \u201eKlaus Sausebraus\u201c stecken an mit ihrer Heiterkeit. Sie machen Lust, hinauszugehen, den Wind zu sp\u00fcren, die Bienen summen zu h\u00f6ren und das einfache Gl\u00fcck wiederzuentdecken. Zum Verschicken, Verschenken oder als kleine Erinnerung daran, dass Freude oft in den winzigsten Dingen wohnt.<\/p>\n<p data-start=\"1236\" data-end=\"1370\">Ein liebevolles Geschenk f\u00fcr alle, die sich vom Zauber der Natur ber\u00fchren lassen und f\u00fcr alle, die das Staunen nie verlernt haben.<\/p>\n<p data-start=\"1372\" data-end=\"1619\">In unserem Shop finden Sie noch viele weitere Postkartenb\u00fccher von Daniela Drescher, die denselben Zauber tragen: Bilder voller Herzensw\u00e4rme, Poesie und leiser Lebensfreude. Jedes einzelne eine Einladung, ein St\u00fcck Gl\u00fcck auf den Weg zu schicken.<\/p>\n<p data-start=\"1621\" data-end=\"1684\">Ein bunter Blumengru\u00df von Klaus Sausebraus direkt ins Herz.<\/p>\n","protected":false},"excerpt":{"rendered":"<p>D\u00fcrfen wir vorstellen? Hier kommt Klaus Sausebraus! Ein kleiner Gartenbewohner voller Energie, Freude und Lebenslust. Wo er auftaucht, summt und brummt das Leben fr\u00f6hlich, leicht und sonnendurchflutet. Klaus Sausebraus schleckt Nektar aus den Bl\u00fcten, tanzt durch den Sommerwind und ruht sich schlie\u00dflich wohlig im Wiesenschaumkraut aus. Mit feinem Pinselstrich und einem Herz f\u00fcr das Kleine [&hellip;]<\/p>\n<p><a class=\"read-more\" href=\"https:\/\/www.bynaldis-shop.com\/?product=postkartenbuch-klaus-sausebraus\">Mehr lesen<span class=\"meta-nav\">&rarr;<\/span><\/a><\/p>\n","protected":false},"featured_media":10681,"template":"","meta":[],"product_brand":[],"product_cat":[288,341],"product_tag":[],"class_list":{"0":"post-10680","1":"product","2":"type-product","3":"status-publish","4":"has-post-thumbnail","6":"product_cat-alles-fuer-das-kinderherz","7":"product_cat-postkartenbuch","9":"first","10":"instock","11":"taxable","12":"shipping-taxable","13":"purchasable","14":"product-type-simple"},"_links":{"self":[{"href":"https:\/\/www.bynaldis-shop.com\/index.php?rest_route=\/wp\/v2\/product\/10680","targetHints":{"allow":["GET"]}}],"collection":[{"href":"https:\/\/www.bynaldis-shop.com\/index.php?rest_route=\/wp\/v2\/product"}],"about":[{"href":"https:\/\/www.bynaldis-shop.com\/index.php?rest_route=\/wp\/v2\/types\/product"}],"wp:featuredmedia":[{"embeddable":true,"href":"https:\/\/www.bynaldis-shop.com\/index.php?rest_route=\/wp\/v2\/media\/10681"}],"wp:attachment":[{"href":"https:\/\/www.bynaldis-shop.com\/index.php?rest_route=%2Fwp%2Fv2%2Fmedia&parent=10680"}],"wp:term":[{"taxonomy":"product_brand","embeddable":true,"href":"https:\/\/www.bynaldis-shop.com\/index.php?rest_route=%2Fwp%2Fv2%2Fproduct_brand&post=10680"},{"taxonomy":"product_cat","embeddable":true,"href":"https:\/\/www.bynaldis-shop.com\/index.php?rest_route=%2Fwp%2Fv2%2Fproduct_cat&post=10680"},{"taxonomy":"product_tag","embeddable":true,"href":"https:\/\/www.bynaldis-shop.com\/index.php?rest_route=%2Fwp%2Fv2%2Fproduct_tag&post=10680"}],"curies":[{"name":"wp","href":"https:\/\/api.w.org\/{rel}","templated":true}]}}