{"id":10677,"date":"2025-10-28T10:16:39","date_gmt":"2025-10-28T09:16:39","guid":{"rendered":"https:\/\/www.bynaldis-shop.com\/?post_type=product&#038;p=10677"},"modified":"2026-05-05T13:41:09","modified_gmt":"2026-05-05T11:41:09","slug":"postkartenbuch-ich-hab-dich-gern","status":"publish","type":"product","link":"https:\/\/www.bynaldis-shop.com\/?product=postkartenbuch-ich-hab-dich-gern","title":{"rendered":"Postkartenbuch &#8222;Ich hab dich gern&#8220;"},"content":{"rendered":"<p data-start=\"300\" data-end=\"607\">Mit diesem Postkartenbuch stellt Daniela Drescher einmal mehr unter Beweis, wie vielseitig und einf\u00fchlsam ihr Schaffen ist. \u201eIch hab dich gern\u201c vereint Motive, die von N\u00e4he, Vertrauen und echter Freundschaft erz\u00e4hlen still, liebevoll und mit jener W\u00e4rme, die Daniela Dreschers Bilder so besonders macht.<\/p>\n<p data-start=\"609\" data-end=\"887\">Ob Kinder und Tiere, Geschwister, Freunde oder Weggef\u00e4hrten in jedem Motiv sp\u00fcrt man Zuneigung, Geborgenheit und die Freude daran, f\u00fcreinander da zu sein. Diese Karten laden dazu ein, genau das weiterzugeben: ein L\u00e4cheln, einen Gru\u00df, eine kleine Geste, die von Herzen kommt.<\/p>\n<p data-start=\"889\" data-end=\"1270\">Jede Postkarte ist ein St\u00fcck gelebte Z\u00e4rtlichkeit in Farbe perfekt, um jemandem zu sagen: \u201eIch hab dich gern.\u201c Daniela Drescher versteht es meisterhaft, Momente voller Empathie und Verbundenheit einzufangen, ohne viele Worte. Ihre Bilder sprechen direkt zur Seele und erinnern daran, wie wichtig Freundschaft, Vertrauen und Liebe im Alltag sind f\u00fcr Kinder wie f\u00fcr Erwachsene.<\/p>\n<p data-start=\"1272\" data-end=\"1432\">Das Postkartenbuch \u201eIch hab dich gern\u201c ist ein wunderbares Geschenk, um Herzensmenschen eine Freude zu machen oder selbst ein St\u00fcck W\u00e4rme in den Tag zu holen.<\/p>\n<p data-start=\"1434\" data-end=\"1655\">Und wer noch mehr von Daniela Dreschers liebevollen Welten entdecken m\u00f6chte, findet in unserem Shop viele weitere Postkartenb\u00fccher jedes davon ein kleines Kunstwerk, das mit zarter Hand und gro\u00dfem Herzen gemalt wurde.<\/p>\n<p data-start=\"1657\" data-end=\"1721\">Ein Herzensgru\u00df, der bleibt und immer wieder Freude schenkt.<\/p>\n","protected":false},"excerpt":{"rendered":"<p>Mit diesem Postkartenbuch stellt Daniela Drescher einmal mehr unter Beweis, wie vielseitig und einf\u00fchlsam ihr Schaffen ist. \u201eIch hab dich gern\u201c vereint Motive, die von N\u00e4he, Vertrauen und echter Freundschaft erz\u00e4hlen still, liebevoll und mit jener W\u00e4rme, die Daniela Dreschers Bilder so besonders macht. Ob Kinder und Tiere, Geschwister, Freunde oder Weggef\u00e4hrten in jedem Motiv [&hellip;]<\/p>\n<p><a class=\"read-more\" href=\"https:\/\/www.bynaldis-shop.com\/?product=postkartenbuch-ich-hab-dich-gern\">Mehr lesen<span class=\"meta-nav\">&rarr;<\/span><\/a><\/p>\n","protected":false},"featured_media":10678,"template":"","meta":[],"product_brand":[],"product_cat":[288,341],"product_tag":[],"class_list":{"0":"post-10677","1":"product","2":"type-product","3":"status-publish","4":"has-post-thumbnail","6":"product_cat-alles-fuer-das-kinderherz","7":"product_cat-postkartenbuch","9":"first","10":"instock","11":"taxable","12":"shipping-taxable","13":"purchasable","14":"product-type-simple"},"_links":{"self":[{"href":"https:\/\/www.bynaldis-shop.com\/index.php?rest_route=\/wp\/v2\/product\/10677","targetHints":{"allow":["GET"]}}],"collection":[{"href":"https:\/\/www.bynaldis-shop.com\/index.php?rest_route=\/wp\/v2\/product"}],"about":[{"href":"https:\/\/www.bynaldis-shop.com\/index.php?rest_route=\/wp\/v2\/types\/product"}],"wp:featuredmedia":[{"embeddable":true,"href":"https:\/\/www.bynaldis-shop.com\/index.php?rest_route=\/wp\/v2\/media\/10678"}],"wp:attachment":[{"href":"https:\/\/www.bynaldis-shop.com\/index.php?rest_route=%2Fwp%2Fv2%2Fmedia&parent=10677"}],"wp:term":[{"taxonomy":"product_brand","embeddable":true,"href":"https:\/\/www.bynaldis-shop.com\/index.php?rest_route=%2Fwp%2Fv2%2Fproduct_brand&post=10677"},{"taxonomy":"product_cat","embeddable":true,"href":"https:\/\/www.bynaldis-shop.com\/index.php?rest_route=%2Fwp%2Fv2%2Fproduct_cat&post=10677"},{"taxonomy":"product_tag","embeddable":true,"href":"https:\/\/www.bynaldis-shop.com\/index.php?rest_route=%2Fwp%2Fv2%2Fproduct_tag&post=10677"}],"curies":[{"name":"wp","href":"https:\/\/api.w.org\/{rel}","templated":true}]}}