{"id":10675,"date":"2025-10-28T10:13:43","date_gmt":"2025-10-28T09:13:43","guid":{"rendered":"https:\/\/www.bynaldis-shop.com\/?post_type=product&#038;p=10675"},"modified":"2026-05-05T13:42:09","modified_gmt":"2026-05-05T11:42:09","slug":"postkartenbuch-bertie-pom","status":"publish","type":"product","link":"https:\/\/www.bynaldis-shop.com\/?product=postkartenbuch-bertie-pom","title":{"rendered":"Postkartenbuch &#8222;Bertie Pom&#8220;"},"content":{"rendered":"<p data-start=\"295\" data-end=\"529\">Neues zum Gl\u00fcck-Versenden von Daniela Drescher! Seit rund zwanzig Jahren verzaubern ihre Bilder gro\u00dfe und kleine Herzen \u2013 mit einem liebevollen Blick auf die Natur, auf das Kleine, Stille und Zauberhafte, das uns im Alltag begegnet.<\/p>\n<p data-start=\"531\" data-end=\"925\">In ihrem Postkartenbuch \u201eBertie Pom\u201c widmet sich Daniela Drescher einem ganz besonderen Wesen: dem fr\u00f6hlichen Apfel-Wicht, der mit seinem roten K\u00e4ppchen, seiner runden Apfelnase und seinem schelmischen L\u00e4cheln die Welt ein kleines St\u00fcck heller macht. Zwischen Obstbaumbl\u00fcten, Gr\u00e4sern und Sonnenlicht erz\u00e4hlt Bertie Pom von Freundschaft, Freude und der Kunst, das Gl\u00fcck im Einfachen zu finden.<\/p>\n<p data-start=\"927\" data-end=\"1162\">Jede der f\u00fcnfzehn Postkarten ist ein kleines Schmuckst\u00fcck \u2013 voller W\u00e4rme, Leben und feiner Farben. Zum Verschicken, Verschenken oder als liebevolle Erinnerung daran, dass Sch\u00f6nheit oft dort w\u00e4chst, wo man inneh\u00e4lt und genau hinsieht.<\/p>\n<p data-start=\"1164\" data-end=\"1417\">Daniela Dreschers Illustrationen sind wie kleine Fenster in eine Welt, in der alles verbunden ist \u2013 Mensch, Tier und Pflanze, Traum und Wirklichkeit. Ihr Apfel-Wicht Bertie Pom bringt dieses Gef\u00fchl auf den Punkt: naturverbunden, humorvoll, herzensgut.<\/p>\n<p data-start=\"1419\" data-end=\"1636\">Und wer noch mehr von diesem Zauber erleben m\u00f6chte, findet in unserem Shop viele weitere Postkartenb\u00fccher mit den sch\u00f6nsten Motiven von Daniela Drescher \u2013 jedes einzelne ein St\u00fcck Poesie aus Farben, Licht und Liebe.<\/p>\n<p data-start=\"1638\" data-end=\"1683\">Ein kleiner Apfelgru\u00df, der gl\u00fccklich macht.<\/p>\n","protected":false},"excerpt":{"rendered":"<p>Neues zum Gl\u00fcck-Versenden von Daniela Drescher! Seit rund zwanzig Jahren verzaubern ihre Bilder gro\u00dfe und kleine Herzen \u2013 mit einem liebevollen Blick auf die Natur, auf das Kleine, Stille und Zauberhafte, das uns im Alltag begegnet. In ihrem Postkartenbuch \u201eBertie Pom\u201c widmet sich Daniela Drescher einem ganz besonderen Wesen: dem fr\u00f6hlichen Apfel-Wicht, der mit seinem [&hellip;]<\/p>\n<p><a class=\"read-more\" href=\"https:\/\/www.bynaldis-shop.com\/?product=postkartenbuch-bertie-pom\">Mehr lesen<span class=\"meta-nav\">&rarr;<\/span><\/a><\/p>\n","protected":false},"featured_media":10676,"template":"","meta":[],"product_brand":[],"product_cat":[288,341],"product_tag":[],"class_list":{"0":"post-10675","1":"product","2":"type-product","3":"status-publish","4":"has-post-thumbnail","6":"product_cat-alles-fuer-das-kinderherz","7":"product_cat-postkartenbuch","9":"first","10":"instock","11":"taxable","12":"shipping-taxable","13":"purchasable","14":"product-type-simple"},"_links":{"self":[{"href":"https:\/\/www.bynaldis-shop.com\/index.php?rest_route=\/wp\/v2\/product\/10675","targetHints":{"allow":["GET"]}}],"collection":[{"href":"https:\/\/www.bynaldis-shop.com\/index.php?rest_route=\/wp\/v2\/product"}],"about":[{"href":"https:\/\/www.bynaldis-shop.com\/index.php?rest_route=\/wp\/v2\/types\/product"}],"wp:featuredmedia":[{"embeddable":true,"href":"https:\/\/www.bynaldis-shop.com\/index.php?rest_route=\/wp\/v2\/media\/10676"}],"wp:attachment":[{"href":"https:\/\/www.bynaldis-shop.com\/index.php?rest_route=%2Fwp%2Fv2%2Fmedia&parent=10675"}],"wp:term":[{"taxonomy":"product_brand","embeddable":true,"href":"https:\/\/www.bynaldis-shop.com\/index.php?rest_route=%2Fwp%2Fv2%2Fproduct_brand&post=10675"},{"taxonomy":"product_cat","embeddable":true,"href":"https:\/\/www.bynaldis-shop.com\/index.php?rest_route=%2Fwp%2Fv2%2Fproduct_cat&post=10675"},{"taxonomy":"product_tag","embeddable":true,"href":"https:\/\/www.bynaldis-shop.com\/index.php?rest_route=%2Fwp%2Fv2%2Fproduct_tag&post=10675"}],"curies":[{"name":"wp","href":"https:\/\/api.w.org\/{rel}","templated":true}]}}