{"id":10656,"date":"2025-10-21T17:18:04","date_gmt":"2025-10-21T15:18:04","guid":{"rendered":"https:\/\/www.bynaldis-shop.com\/?post_type=product&#038;p=10656"},"modified":"2025-12-28T12:08:34","modified_gmt":"2025-12-28T11:08:34","slug":"raeucherstoevchen-blume-des-lebens-schwarz-holz","status":"publish","type":"product","link":"https:\/\/www.bynaldis-shop.com\/?product=raeucherstoevchen-blume-des-lebens-schwarz-holz","title":{"rendered":"R\u00e4ucherst\u00f6vchen Blume des Lebens Schwarz\/Holz"},"content":{"rendered":"<h3 data-start=\"130\" data-end=\"168\">R\u00e4ucherst\u00f6vchen Blume des Lebens<\/h3>\n<p data-start=\"170\" data-end=\"411\">Dieses zauberhafte R\u00e4ucherst\u00f6vchen vereint Funktion und \u00e4sthetische Sch\u00f6nheit. Das quadratische Sieb ruht auf einem Sockel aus Mangoholz und ist mit der Blume des Lebens ausgestanzt, einem Symbol f\u00fcr Harmonie, Schutz und spirituelle Kraft.<\/p>\n<p data-start=\"413\" data-end=\"585\">Das Kerzenlicht wirft beim R\u00e4uchern ein mystisches Spiel aus Licht und Schatten in den Raum und verst\u00e4rkt die entspannende und energetisierende Wirkung der R\u00e4ucherstoffe.<\/p>\n<p data-start=\"587\" data-end=\"901\">Siebgef\u00e4\u00dfe bieten eine sanfte Alternative zum R\u00e4uchern auf Kohle. Harze, Kr\u00e4uter und H\u00f6lzer werden einfach auf das feinmaschige Sieb gelegt. Durch die aufsteigende Hitze des Teelichts im unteren Teil des Gef\u00e4\u00dfes verglimmen die R\u00e4ucherstoffe langsam und gleichm\u00e4\u00dfig, sodass sich die D\u00fcfte sanft im Raum entfalten.<\/p>\n<p data-start=\"903\" data-end=\"990\">Material: Metall mit Mangoholzsockel<br data-start=\"939\" data-end=\"942\" \/>Ma\u00dfe: H\u00f6he 9,5 cm, L\u00e4nge 9,5 cm, Breite 9,5 cm<\/p>\n<p data-start=\"992\" data-end=\"1174\">In unserem Shop findest du passende R\u00e4ucherstoffe sowie viele weitere R\u00e4ucherst\u00f6vchen, R\u00e4ucherst\u00e4bchenhalter und R\u00e4ucherst\u00e4bchen, einzeln oder in liebevoll zusammengestellten Sets.<\/p>\n","protected":false},"excerpt":{"rendered":"<p>R\u00e4ucherst\u00f6vchen Blume des Lebens Dieses zauberhafte R\u00e4ucherst\u00f6vchen vereint Funktion und \u00e4sthetische Sch\u00f6nheit. Das quadratische Sieb ruht auf einem Sockel aus Mangoholz und ist mit der Blume des Lebens ausgestanzt, einem Symbol f\u00fcr Harmonie, Schutz und spirituelle Kraft. Das Kerzenlicht wirft beim R\u00e4uchern ein mystisches Spiel aus Licht und Schatten in den Raum und verst\u00e4rkt die [&hellip;]<\/p>\n<p><a class=\"read-more\" href=\"https:\/\/www.bynaldis-shop.com\/?product=raeucherstoevchen-blume-des-lebens-schwarz-holz\">Mehr lesen<span class=\"meta-nav\">&rarr;<\/span><\/a><\/p>\n","protected":false},"featured_media":10657,"template":"","meta":[],"product_brand":[],"product_cat":[197],"product_tag":[],"class_list":{"0":"post-10656","1":"product","2":"type-product","3":"status-publish","4":"has-post-thumbnail","6":"product_cat-raeucherzubehoer","8":"first","9":"instock","10":"taxable","11":"shipping-taxable","12":"purchasable","13":"product-type-simple"},"_links":{"self":[{"href":"https:\/\/www.bynaldis-shop.com\/index.php?rest_route=\/wp\/v2\/product\/10656","targetHints":{"allow":["GET"]}}],"collection":[{"href":"https:\/\/www.bynaldis-shop.com\/index.php?rest_route=\/wp\/v2\/product"}],"about":[{"href":"https:\/\/www.bynaldis-shop.com\/index.php?rest_route=\/wp\/v2\/types\/product"}],"wp:featuredmedia":[{"embeddable":true,"href":"https:\/\/www.bynaldis-shop.com\/index.php?rest_route=\/wp\/v2\/media\/10657"}],"wp:attachment":[{"href":"https:\/\/www.bynaldis-shop.com\/index.php?rest_route=%2Fwp%2Fv2%2Fmedia&parent=10656"}],"wp:term":[{"taxonomy":"product_brand","embeddable":true,"href":"https:\/\/www.bynaldis-shop.com\/index.php?rest_route=%2Fwp%2Fv2%2Fproduct_brand&post=10656"},{"taxonomy":"product_cat","embeddable":true,"href":"https:\/\/www.bynaldis-shop.com\/index.php?rest_route=%2Fwp%2Fv2%2Fproduct_cat&post=10656"},{"taxonomy":"product_tag","embeddable":true,"href":"https:\/\/www.bynaldis-shop.com\/index.php?rest_route=%2Fwp%2Fv2%2Fproduct_tag&post=10656"}],"curies":[{"name":"wp","href":"https:\/\/api.w.org\/{rel}","templated":true}]}}