{"id":10654,"date":"2025-10-21T16:59:51","date_gmt":"2025-10-21T14:59:51","guid":{"rendered":"https:\/\/www.bynaldis-shop.com\/?post_type=product&#038;p=10654"},"modified":"2025-12-28T12:08:52","modified_gmt":"2025-12-28T11:08:52","slug":"raeucherstaebchenhalter-gold","status":"publish","type":"product","link":"https:\/\/www.bynaldis-shop.com\/?product=raeucherstaebchenhalter-gold","title":{"rendered":"R\u00e4ucherst\u00e4bchenhalter Gold"},"content":{"rendered":"<h3 data-start=\"180\" data-end=\"221\">R\u00e4ucherst\u00e4bchenhalter Hilarion Gold<\/h3>\n<p data-start=\"223\" data-end=\"433\">Der R\u00e4ucherst\u00e4bchenhalter Hilarion Gold vereint schlichte Eleganz mit stilvoller Ausstrahlung. Sein feiner Glanz bringt einen Hauch von W\u00e4rme und Harmonie in jeden Raum und wirkt gleichzeitig modern und edel.<\/p>\n<p data-start=\"435\" data-end=\"639\">Gefertigt aus plattiertem Wei\u00dfmetall \u00fcberzeugt er durch seine hochwertige Verarbeitung und sein zur\u00fcckhaltendes Design. Ein wundersch\u00f6nes St\u00fcck f\u00fcr alle, die klare Formen und dezente Sch\u00f6nheit sch\u00e4tzen.<\/p>\n<p data-start=\"641\" data-end=\"694\">Durchmesser: 8 cm<br data-start=\"658\" data-end=\"661\" \/>Material: Wei\u00dfmetall, plattiert<\/p>\n<p data-start=\"696\" data-end=\"951\">In unserem Shop findest du viele weitere R\u00e4ucherst\u00e4bchenhalter in verschiedenen Ausf\u00fchrungen sowie eine gro\u00dfe Auswahl an R\u00e4ucherst\u00e4bchen, einzeln oder in liebevoll zusammengestellten Sets. So kannst du dein pers\u00f6nliches R\u00e4ucherritual stilvoll gestalten.<\/p>\n","protected":false},"excerpt":{"rendered":"<p>R\u00e4ucherst\u00e4bchenhalter Hilarion Gold Der R\u00e4ucherst\u00e4bchenhalter Hilarion Gold vereint schlichte Eleganz mit stilvoller Ausstrahlung. Sein feiner Glanz bringt einen Hauch von W\u00e4rme und Harmonie in jeden Raum und wirkt gleichzeitig modern und edel. Gefertigt aus plattiertem Wei\u00dfmetall \u00fcberzeugt er durch seine hochwertige Verarbeitung und sein zur\u00fcckhaltendes Design. Ein wundersch\u00f6nes St\u00fcck f\u00fcr alle, die klare Formen und [&hellip;]<\/p>\n<p><a class=\"read-more\" href=\"https:\/\/www.bynaldis-shop.com\/?product=raeucherstaebchenhalter-gold\">Mehr lesen<span class=\"meta-nav\">&rarr;<\/span><\/a><\/p>\n","protected":false},"featured_media":10655,"template":"","meta":[],"product_brand":[],"product_cat":[252],"product_tag":[],"class_list":{"0":"post-10654","1":"product","2":"type-product","3":"status-publish","4":"has-post-thumbnail","6":"product_cat-zubehoer","8":"first","9":"instock","10":"taxable","11":"shipping-taxable","12":"purchasable","13":"product-type-simple"},"_links":{"self":[{"href":"https:\/\/www.bynaldis-shop.com\/index.php?rest_route=\/wp\/v2\/product\/10654","targetHints":{"allow":["GET"]}}],"collection":[{"href":"https:\/\/www.bynaldis-shop.com\/index.php?rest_route=\/wp\/v2\/product"}],"about":[{"href":"https:\/\/www.bynaldis-shop.com\/index.php?rest_route=\/wp\/v2\/types\/product"}],"wp:featuredmedia":[{"embeddable":true,"href":"https:\/\/www.bynaldis-shop.com\/index.php?rest_route=\/wp\/v2\/media\/10655"}],"wp:attachment":[{"href":"https:\/\/www.bynaldis-shop.com\/index.php?rest_route=%2Fwp%2Fv2%2Fmedia&parent=10654"}],"wp:term":[{"taxonomy":"product_brand","embeddable":true,"href":"https:\/\/www.bynaldis-shop.com\/index.php?rest_route=%2Fwp%2Fv2%2Fproduct_brand&post=10654"},{"taxonomy":"product_cat","embeddable":true,"href":"https:\/\/www.bynaldis-shop.com\/index.php?rest_route=%2Fwp%2Fv2%2Fproduct_cat&post=10654"},{"taxonomy":"product_tag","embeddable":true,"href":"https:\/\/www.bynaldis-shop.com\/index.php?rest_route=%2Fwp%2Fv2%2Fproduct_tag&post=10654"}],"curies":[{"name":"wp","href":"https:\/\/api.w.org\/{rel}","templated":true}]}}