{"id":10518,"date":"2025-10-08T14:46:11","date_gmt":"2025-10-08T12:46:11","guid":{"rendered":"https:\/\/www.bynaldis-shop.com\/?post_type=product&#038;p=10518"},"modified":"2026-05-05T12:22:58","modified_gmt":"2026-05-05T10:22:58","slug":"wandkalender-regenbogenfreunde","status":"publish","type":"product","link":"https:\/\/www.bynaldis-shop.com\/?product=wandkalender-regenbogenfreunde","title":{"rendered":"Wandkalender Regenbogenfreunde\u00ae"},"content":{"rendered":"<p>Der Regenbogenfreunde \u00ae Kalender l\u00e4dt dich ein, ein Jahr lang in eine Welt voller Wunder und leiser Magie einzutauchen.<\/p>\n<p>Zw\u00f6lf liebevoll gestaltete Bilder erz\u00e4hlen von Elfen, Feen, Einh\u00f6rnern, Trollen uvm, die funkelndes Licht durch die W\u00e4lder tragen und kostbare Botschaften dir bringen.<\/p>\n<p>Jeder Monat \u00f6ffnet ein neues Tor in die Welt der Fantasie, in der Kinder staunen und Erwachsene sich wieder erinnern d\u00fcrfen, wie sich Seele anf\u00fchlt. Die Welt der Regenbogenfreunde \u00ae m\u00f6chte Herz und Seele ber\u00fchren und uns zeigen, dass Magie \u00fcberall zu finden ist, wenn wir mit liebenden Augen und einem offenen Herzen hinschauen.<\/p>\n<p>Und wer die Regenbogenfreunde noch n\u00e4her in sein Zuhause einladen m\u00f6chte, findet sie auch als Kerzen und Orakel im Shop, wo jede Figur ihre eigene kleine Geschichte erz\u00e4hlt und Licht in dein Leben und Herz bringt.<\/p>\n","protected":false},"excerpt":{"rendered":"<p>Der Regenbogenfreunde \u00ae Kalender l\u00e4dt dich ein, ein Jahr lang in eine Welt voller Wunder und leiser Magie einzutauchen. Zw\u00f6lf liebevoll gestaltete Bilder erz\u00e4hlen von Elfen, Feen, Einh\u00f6rnern, Trollen uvm, die funkelndes Licht durch die W\u00e4lder tragen und kostbare Botschaften dir bringen. Jeder Monat \u00f6ffnet ein neues Tor in die Welt der Fantasie, in der [&hellip;]<\/p>\n<p><a class=\"read-more\" href=\"https:\/\/www.bynaldis-shop.com\/?product=wandkalender-regenbogenfreunde\">Mehr lesen<span class=\"meta-nav\">&rarr;<\/span><\/a><\/p>\n","protected":false},"featured_media":10579,"template":"","meta":[],"product_brand":[],"product_cat":[212,185],"product_tag":[],"class_list":{"0":"post-10518","1":"product","2":"type-product","3":"status-publish","4":"has-post-thumbnail","6":"product_cat-regenbogenfreunde","7":"product_cat-kalender","9":"first","10":"instock","11":"taxable","12":"shipping-taxable","13":"purchasable","14":"product-type-simple"},"_links":{"self":[{"href":"https:\/\/www.bynaldis-shop.com\/index.php?rest_route=\/wp\/v2\/product\/10518","targetHints":{"allow":["GET"]}}],"collection":[{"href":"https:\/\/www.bynaldis-shop.com\/index.php?rest_route=\/wp\/v2\/product"}],"about":[{"href":"https:\/\/www.bynaldis-shop.com\/index.php?rest_route=\/wp\/v2\/types\/product"}],"wp:featuredmedia":[{"embeddable":true,"href":"https:\/\/www.bynaldis-shop.com\/index.php?rest_route=\/wp\/v2\/media\/10579"}],"wp:attachment":[{"href":"https:\/\/www.bynaldis-shop.com\/index.php?rest_route=%2Fwp%2Fv2%2Fmedia&parent=10518"}],"wp:term":[{"taxonomy":"product_brand","embeddable":true,"href":"https:\/\/www.bynaldis-shop.com\/index.php?rest_route=%2Fwp%2Fv2%2Fproduct_brand&post=10518"},{"taxonomy":"product_cat","embeddable":true,"href":"https:\/\/www.bynaldis-shop.com\/index.php?rest_route=%2Fwp%2Fv2%2Fproduct_cat&post=10518"},{"taxonomy":"product_tag","embeddable":true,"href":"https:\/\/www.bynaldis-shop.com\/index.php?rest_route=%2Fwp%2Fv2%2Fproduct_tag&post=10518"}],"curies":[{"name":"wp","href":"https:\/\/api.w.org\/{rel}","templated":true}]}}