{"id":10478,"date":"2025-09-18T18:00:26","date_gmt":"2025-09-18T16:00:26","guid":{"rendered":"https:\/\/www.bynaldis-shop.com\/?post_type=product&#038;p=10478"},"modified":"2026-05-05T17:51:19","modified_gmt":"2026-05-05T15:51:19","slug":"ice-blue","status":"publish","type":"product","link":"https:\/\/www.bynaldis-shop.com\/?product=ice-blue","title":{"rendered":"Ice Blue"},"content":{"rendered":"<p data-start=\"82\" data-end=\"290\">Ice Blue ist ein Farbton voller Klarheit und Leichtigkeit. Sein sehr heller, k\u00fchler Blauton, durchzogen von einem Hauch Wei\u00df, erinnert an gefrorenes Licht, das sanft \u00fcber eine stille Winterlandschaft f\u00e4llt.<\/p>\n<p data-start=\"292\" data-end=\"541\">Er wirkt frisch, luftig und beinahe \u00e4therisch und verleiht R\u00e4umen eine ruhige, reduzierte Eleganz. Ice Blue strahlt eine dezente K\u00fchle aus, die zugleich beruhigend und inspirierend wirkt, wie ein Moment stiller Stille, in dem alles zur Ruhe kommt.<\/p>\n<p data-start=\"543\" data-end=\"716\">Mehr als nur eine Farbe, ist Ice Blue ein leiser Hauch von Frost, ein Licht, das R\u00e4ume aufhellt, die Sinne kl\u00e4rt und eine Atmosph\u00e4re der reinen, stillen Sch\u00f6nheit schafft.<\/p>\n","protected":false},"excerpt":{"rendered":"<p>Ice Blue ist ein Farbton voller Klarheit und Leichtigkeit. Sein sehr heller, k\u00fchler Blauton, durchzogen von einem Hauch Wei\u00df, erinnert an gefrorenes Licht, das sanft \u00fcber eine stille Winterlandschaft f\u00e4llt. Er wirkt frisch, luftig und beinahe \u00e4therisch und verleiht R\u00e4umen eine ruhige, reduzierte Eleganz. Ice Blue strahlt eine dezente K\u00fchle aus, die zugleich beruhigend und [&hellip;]<\/p>\n<p><a class=\"read-more\" href=\"https:\/\/www.bynaldis-shop.com\/?product=ice-blue\">Mehr lesen<span class=\"meta-nav\">&rarr;<\/span><\/a><\/p>\n","protected":false},"featured_media":10479,"template":"","meta":[],"product_brand":[],"product_cat":[300],"product_tag":[],"class_list":{"0":"post-10478","1":"product","2":"type-product","3":"status-publish","4":"has-post-thumbnail","6":"product_cat-farbtoene","8":"first","9":"instock","10":"taxable","11":"shipping-taxable","12":"product-type-simple"},"_links":{"self":[{"href":"https:\/\/www.bynaldis-shop.com\/index.php?rest_route=\/wp\/v2\/product\/10478","targetHints":{"allow":["GET"]}}],"collection":[{"href":"https:\/\/www.bynaldis-shop.com\/index.php?rest_route=\/wp\/v2\/product"}],"about":[{"href":"https:\/\/www.bynaldis-shop.com\/index.php?rest_route=\/wp\/v2\/types\/product"}],"wp:featuredmedia":[{"embeddable":true,"href":"https:\/\/www.bynaldis-shop.com\/index.php?rest_route=\/wp\/v2\/media\/10479"}],"wp:attachment":[{"href":"https:\/\/www.bynaldis-shop.com\/index.php?rest_route=%2Fwp%2Fv2%2Fmedia&parent=10478"}],"wp:term":[{"taxonomy":"product_brand","embeddable":true,"href":"https:\/\/www.bynaldis-shop.com\/index.php?rest_route=%2Fwp%2Fv2%2Fproduct_brand&post=10478"},{"taxonomy":"product_cat","embeddable":true,"href":"https:\/\/www.bynaldis-shop.com\/index.php?rest_route=%2Fwp%2Fv2%2Fproduct_cat&post=10478"},{"taxonomy":"product_tag","embeddable":true,"href":"https:\/\/www.bynaldis-shop.com\/index.php?rest_route=%2Fwp%2Fv2%2Fproduct_tag&post=10478"}],"curies":[{"name":"wp","href":"https:\/\/api.w.org\/{rel}","templated":true}]}}