{"id":10474,"date":"2025-09-18T17:59:10","date_gmt":"2025-09-18T15:59:10","guid":{"rendered":"https:\/\/www.bynaldis-shop.com\/?post_type=product&#038;p=10474"},"modified":"2026-05-05T17:51:53","modified_gmt":"2026-05-05T15:51:53","slug":"deep-sea","status":"publish","type":"product","link":"https:\/\/www.bynaldis-shop.com\/?product=deep-sea","title":{"rendered":"Deep Sea"},"content":{"rendered":"<p data-start=\"82\" data-end=\"266\">Deep Sea ist ein Farbton voller Tiefe und stiller Kraft. Sein intensives Anthrazit erinnert an die unergr\u00fcndlichen Tiefen des Meeres, dunkel, geheimnisvoll und zugleich faszinierend.<\/p>\n<p data-start=\"268\" data-end=\"543\">Er strahlt Ruhe und Kraft aus und schenkt R\u00e4umen eine eindrucksvolle Tiefe, die beruhigend und zugleich inspirierend wirkt. Deep Sea vermittelt das Gef\u00fchl, in die stillen Wasser einzutauchen, wo alles Schwere zur Ruhe kommt und nur die Kraft und Sch\u00f6nheit der Tiefe bleibt.<\/p>\n<p data-start=\"545\" data-end=\"710\">Mehr als nur eine Farbe, ist Deep Sea ein Moment der Besinnung, ein stiller Ozean in deinem Raum, der Geborgenheit, Eleganz und geheimnisvolle Faszination vereint.<\/p>\n","protected":false},"excerpt":{"rendered":"<p>Deep Sea ist ein Farbton voller Tiefe und stiller Kraft. Sein intensives Anthrazit erinnert an die unergr\u00fcndlichen Tiefen des Meeres, dunkel, geheimnisvoll und zugleich faszinierend. Er strahlt Ruhe und Kraft aus und schenkt R\u00e4umen eine eindrucksvolle Tiefe, die beruhigend und zugleich inspirierend wirkt. Deep Sea vermittelt das Gef\u00fchl, in die stillen Wasser einzutauchen, wo alles [&hellip;]<\/p>\n<p><a class=\"read-more\" href=\"https:\/\/www.bynaldis-shop.com\/?product=deep-sea\">Mehr lesen<span class=\"meta-nav\">&rarr;<\/span><\/a><\/p>\n","protected":false},"featured_media":10475,"template":"","meta":[],"product_brand":[],"product_cat":[300],"product_tag":[],"class_list":{"0":"post-10474","1":"product","2":"type-product","3":"status-publish","4":"has-post-thumbnail","6":"product_cat-farbtoene","8":"first","9":"instock","10":"taxable","11":"shipping-taxable","12":"product-type-simple"},"_links":{"self":[{"href":"https:\/\/www.bynaldis-shop.com\/index.php?rest_route=\/wp\/v2\/product\/10474","targetHints":{"allow":["GET"]}}],"collection":[{"href":"https:\/\/www.bynaldis-shop.com\/index.php?rest_route=\/wp\/v2\/product"}],"about":[{"href":"https:\/\/www.bynaldis-shop.com\/index.php?rest_route=\/wp\/v2\/types\/product"}],"wp:featuredmedia":[{"embeddable":true,"href":"https:\/\/www.bynaldis-shop.com\/index.php?rest_route=\/wp\/v2\/media\/10475"}],"wp:attachment":[{"href":"https:\/\/www.bynaldis-shop.com\/index.php?rest_route=%2Fwp%2Fv2%2Fmedia&parent=10474"}],"wp:term":[{"taxonomy":"product_brand","embeddable":true,"href":"https:\/\/www.bynaldis-shop.com\/index.php?rest_route=%2Fwp%2Fv2%2Fproduct_brand&post=10474"},{"taxonomy":"product_cat","embeddable":true,"href":"https:\/\/www.bynaldis-shop.com\/index.php?rest_route=%2Fwp%2Fv2%2Fproduct_cat&post=10474"},{"taxonomy":"product_tag","embeddable":true,"href":"https:\/\/www.bynaldis-shop.com\/index.php?rest_route=%2Fwp%2Fv2%2Fproduct_tag&post=10474"}],"curies":[{"name":"wp","href":"https:\/\/api.w.org\/{rel}","templated":true}]}}