{"id":10462,"date":"2025-09-18T17:51:47","date_gmt":"2025-09-18T15:51:47","guid":{"rendered":"https:\/\/www.bynaldis-shop.com\/?post_type=product&#038;p=10462"},"modified":"2026-05-05T17:54:13","modified_gmt":"2026-05-05T15:54:13","slug":"soft-lavender","status":"publish","type":"product","link":"https:\/\/www.bynaldis-shop.com\/?product=soft-lavender","title":{"rendered":"Soft Lavender"},"content":{"rendered":"<p data-start=\"87\" data-end=\"288\">Soft Lavender ist ein Farbton voller Ruhe und sanfter Eleganz. Sein mildes Violett mit einem zarten Hauch Grau wirkt beruhigend und leicht, wie ein stiller Lavendelzweig in einem sommerlichen Garten.<\/p>\n<p data-start=\"290\" data-end=\"512\">Er l\u00e4dt R\u00e4ume dazu ein, zur Ruhe zu kommen, schafft ein Gef\u00fchl von Wohlbefinden und Entspannung und verleiht eine subtile, elegante Leichtigkeit. Soft Lavender bringt eine sanfte, harmonische Atmosph\u00e4re in jedes Zuhause.<\/p>\n<p data-start=\"514\" data-end=\"706\">Mehr als nur eine Farbe, ist Soft Lavender ein Moment stiller Gelassenheit, ein zarter Hauch von Natur, der R\u00e4ume beruhigt, die Sinne streichelt und eine sanfte, entspannte Stimmung schenkt.<\/p>\n","protected":false},"excerpt":{"rendered":"<p>Soft Lavender ist ein Farbton voller Ruhe und sanfter Eleganz. Sein mildes Violett mit einem zarten Hauch Grau wirkt beruhigend und leicht, wie ein stiller Lavendelzweig in einem sommerlichen Garten. Er l\u00e4dt R\u00e4ume dazu ein, zur Ruhe zu kommen, schafft ein Gef\u00fchl von Wohlbefinden und Entspannung und verleiht eine subtile, elegante Leichtigkeit. Soft Lavender bringt [&hellip;]<\/p>\n<p><a class=\"read-more\" href=\"https:\/\/www.bynaldis-shop.com\/?product=soft-lavender\">Mehr lesen<span class=\"meta-nav\">&rarr;<\/span><\/a><\/p>\n","protected":false},"featured_media":10463,"template":"","meta":[],"product_brand":[],"product_cat":[300],"product_tag":[],"class_list":{"0":"post-10462","1":"product","2":"type-product","3":"status-publish","4":"has-post-thumbnail","6":"product_cat-farbtoene","8":"first","9":"instock","10":"taxable","11":"shipping-taxable","12":"product-type-simple"},"_links":{"self":[{"href":"https:\/\/www.bynaldis-shop.com\/index.php?rest_route=\/wp\/v2\/product\/10462","targetHints":{"allow":["GET"]}}],"collection":[{"href":"https:\/\/www.bynaldis-shop.com\/index.php?rest_route=\/wp\/v2\/product"}],"about":[{"href":"https:\/\/www.bynaldis-shop.com\/index.php?rest_route=\/wp\/v2\/types\/product"}],"wp:featuredmedia":[{"embeddable":true,"href":"https:\/\/www.bynaldis-shop.com\/index.php?rest_route=\/wp\/v2\/media\/10463"}],"wp:attachment":[{"href":"https:\/\/www.bynaldis-shop.com\/index.php?rest_route=%2Fwp%2Fv2%2Fmedia&parent=10462"}],"wp:term":[{"taxonomy":"product_brand","embeddable":true,"href":"https:\/\/www.bynaldis-shop.com\/index.php?rest_route=%2Fwp%2Fv2%2Fproduct_brand&post=10462"},{"taxonomy":"product_cat","embeddable":true,"href":"https:\/\/www.bynaldis-shop.com\/index.php?rest_route=%2Fwp%2Fv2%2Fproduct_cat&post=10462"},{"taxonomy":"product_tag","embeddable":true,"href":"https:\/\/www.bynaldis-shop.com\/index.php?rest_route=%2Fwp%2Fv2%2Fproduct_tag&post=10462"}],"curies":[{"name":"wp","href":"https:\/\/api.w.org\/{rel}","templated":true}]}}