{"id":10460,"date":"2025-09-18T17:50:17","date_gmt":"2025-09-18T15:50:17","guid":{"rendered":"https:\/\/www.bynaldis-shop.com\/?post_type=product&#038;p=10460"},"modified":"2026-05-05T17:54:50","modified_gmt":"2026-05-05T15:54:50","slug":"poppy","status":"publish","type":"product","link":"https:\/\/www.bynaldis-shop.com\/?product=poppy","title":{"rendered":"Poppy"},"content":{"rendered":"<p data-start=\"79\" data-end=\"268\">Poppy ist ein Farbton voller Energie und Lebensfreude. Sein lebhaftes, intensives Rot erinnert an die leuchtenden Bl\u00fcten des Mohns, die in der Natur sofort Aufmerksamkeit auf sich ziehen.<\/p>\n<p data-start=\"270\" data-end=\"489\">Er wirkt kraftvoll, warm und inspirierend, wie ein Moment voller Leidenschaft und lebendiger Sch\u00f6nheit. Poppy erf\u00fcllt R\u00e4ume mit strahlender Pr\u00e4senz, belebt die Sinne und schenkt ein Gef\u00fchl von Freude und Lebendigkeit.<\/p>\n<p data-start=\"491\" data-end=\"681\">Mehr als nur eine Farbe, ist Poppy ein lebendiger Gru\u00df der Natur, ein Hauch von Energie und W\u00e4rme, der R\u00e4ume erhellt, die Stimmung hebt und eine intensive, fr\u00f6hliche Atmosph\u00e4re vermittelt.<\/p>\n","protected":false},"excerpt":{"rendered":"<p>Poppy ist ein Farbton voller Energie und Lebensfreude. Sein lebhaftes, intensives Rot erinnert an die leuchtenden Bl\u00fcten des Mohns, die in der Natur sofort Aufmerksamkeit auf sich ziehen. Er wirkt kraftvoll, warm und inspirierend, wie ein Moment voller Leidenschaft und lebendiger Sch\u00f6nheit. Poppy erf\u00fcllt R\u00e4ume mit strahlender Pr\u00e4senz, belebt die Sinne und schenkt ein Gef\u00fchl [&hellip;]<\/p>\n<p><a class=\"read-more\" href=\"https:\/\/www.bynaldis-shop.com\/?product=poppy\">Mehr lesen<span class=\"meta-nav\">&rarr;<\/span><\/a><\/p>\n","protected":false},"featured_media":10461,"template":"","meta":[],"product_brand":[],"product_cat":[300],"product_tag":[],"class_list":{"0":"post-10460","1":"product","2":"type-product","3":"status-publish","4":"has-post-thumbnail","6":"product_cat-farbtoene","8":"first","9":"instock","10":"taxable","11":"shipping-taxable","12":"product-type-simple"},"_links":{"self":[{"href":"https:\/\/www.bynaldis-shop.com\/index.php?rest_route=\/wp\/v2\/product\/10460","targetHints":{"allow":["GET"]}}],"collection":[{"href":"https:\/\/www.bynaldis-shop.com\/index.php?rest_route=\/wp\/v2\/product"}],"about":[{"href":"https:\/\/www.bynaldis-shop.com\/index.php?rest_route=\/wp\/v2\/types\/product"}],"wp:featuredmedia":[{"embeddable":true,"href":"https:\/\/www.bynaldis-shop.com\/index.php?rest_route=\/wp\/v2\/media\/10461"}],"wp:attachment":[{"href":"https:\/\/www.bynaldis-shop.com\/index.php?rest_route=%2Fwp%2Fv2%2Fmedia&parent=10460"}],"wp:term":[{"taxonomy":"product_brand","embeddable":true,"href":"https:\/\/www.bynaldis-shop.com\/index.php?rest_route=%2Fwp%2Fv2%2Fproduct_brand&post=10460"},{"taxonomy":"product_cat","embeddable":true,"href":"https:\/\/www.bynaldis-shop.com\/index.php?rest_route=%2Fwp%2Fv2%2Fproduct_cat&post=10460"},{"taxonomy":"product_tag","embeddable":true,"href":"https:\/\/www.bynaldis-shop.com\/index.php?rest_route=%2Fwp%2Fv2%2Fproduct_tag&post=10460"}],"curies":[{"name":"wp","href":"https:\/\/api.w.org\/{rel}","templated":true}]}}