{"id":10458,"date":"2025-09-18T17:49:03","date_gmt":"2025-09-18T15:49:03","guid":{"rendered":"https:\/\/www.bynaldis-shop.com\/?post_type=product&#038;p=10458"},"modified":"2026-05-05T17:55:06","modified_gmt":"2026-05-05T15:55:06","slug":"plum","status":"publish","type":"product","link":"https:\/\/www.bynaldis-shop.com\/?product=plum","title":{"rendered":"Plum"},"content":{"rendered":"<p data-start=\"78\" data-end=\"278\">Plum ist ein Farbton voller Tiefe und eleganter Kraft. Sein dunkles, sattes Violett strahlt W\u00e4rme und Raffinesse aus und erinnert an die geheimnisvollen Farben reifer Pflaumen in der Abendd\u00e4mmerung.<\/p>\n<p data-start=\"280\" data-end=\"493\">Er wirkt mystisch, luxuri\u00f6s und stilvoll, schafft R\u00e4ume mit ausdrucksstarker Pr\u00e4senz und verleiht eine subtile, beinahe poetische Eleganz. Plum bringt Tiefe, Raffinesse und eine edle Atmosph\u00e4re in jedes Zuhause.<\/p>\n<p data-start=\"495\" data-end=\"677\">Mehr als nur eine Farbe, ist Plum ein Moment geheimnisvoller Sch\u00f6nheit, ein Hauch von Eleganz, der R\u00e4ume umh\u00fcllt, die Sinne ber\u00fchrt und eine kraftvolle, stilvolle Stimmung schenkt.<\/p>\n","protected":false},"excerpt":{"rendered":"<p>Plum ist ein Farbton voller Tiefe und eleganter Kraft. Sein dunkles, sattes Violett strahlt W\u00e4rme und Raffinesse aus und erinnert an die geheimnisvollen Farben reifer Pflaumen in der Abendd\u00e4mmerung. Er wirkt mystisch, luxuri\u00f6s und stilvoll, schafft R\u00e4ume mit ausdrucksstarker Pr\u00e4senz und verleiht eine subtile, beinahe poetische Eleganz. Plum bringt Tiefe, Raffinesse und eine edle Atmosph\u00e4re [&hellip;]<\/p>\n<p><a class=\"read-more\" href=\"https:\/\/www.bynaldis-shop.com\/?product=plum\">Mehr lesen<span class=\"meta-nav\">&rarr;<\/span><\/a><\/p>\n","protected":false},"featured_media":10459,"template":"","meta":[],"product_brand":[],"product_cat":[300],"product_tag":[],"class_list":{"0":"post-10458","1":"product","2":"type-product","3":"status-publish","4":"has-post-thumbnail","6":"product_cat-farbtoene","8":"first","9":"instock","10":"taxable","11":"shipping-taxable","12":"product-type-simple"},"_links":{"self":[{"href":"https:\/\/www.bynaldis-shop.com\/index.php?rest_route=\/wp\/v2\/product\/10458","targetHints":{"allow":["GET"]}}],"collection":[{"href":"https:\/\/www.bynaldis-shop.com\/index.php?rest_route=\/wp\/v2\/product"}],"about":[{"href":"https:\/\/www.bynaldis-shop.com\/index.php?rest_route=\/wp\/v2\/types\/product"}],"wp:featuredmedia":[{"embeddable":true,"href":"https:\/\/www.bynaldis-shop.com\/index.php?rest_route=\/wp\/v2\/media\/10459"}],"wp:attachment":[{"href":"https:\/\/www.bynaldis-shop.com\/index.php?rest_route=%2Fwp%2Fv2%2Fmedia&parent=10458"}],"wp:term":[{"taxonomy":"product_brand","embeddable":true,"href":"https:\/\/www.bynaldis-shop.com\/index.php?rest_route=%2Fwp%2Fv2%2Fproduct_brand&post=10458"},{"taxonomy":"product_cat","embeddable":true,"href":"https:\/\/www.bynaldis-shop.com\/index.php?rest_route=%2Fwp%2Fv2%2Fproduct_cat&post=10458"},{"taxonomy":"product_tag","embeddable":true,"href":"https:\/\/www.bynaldis-shop.com\/index.php?rest_route=%2Fwp%2Fv2%2Fproduct_tag&post=10458"}],"curies":[{"name":"wp","href":"https:\/\/api.w.org\/{rel}","templated":true}]}}