{"id":10454,"date":"2025-09-18T17:45:14","date_gmt":"2025-09-18T15:45:14","guid":{"rendered":"https:\/\/www.bynaldis-shop.com\/?post_type=product&#038;p=10454"},"modified":"2026-05-05T17:55:39","modified_gmt":"2026-05-05T15:55:39","slug":"lime","status":"publish","type":"product","link":"https:\/\/www.bynaldis-shop.com\/?product=lime","title":{"rendered":"Lime"},"content":{"rendered":"<p data-start=\"78\" data-end=\"292\">Lime ist ein Farbton voller Lebendigkeit und Frische. Sein strahlendes, helles Gr\u00fcn mit einem lebhaften Gelbstich erinnert an die spritzige Schale einer reifen Limette und schenkt sofort Energie und Lebensfreude.<\/p>\n<p data-start=\"294\" data-end=\"520\">Er wirkt belebend, klar und erfrischend, wie ein Sonnenstrahl, der durch das frische Gr\u00fcn eines Gartens f\u00e4llt. Lime bringt R\u00e4ume zum Strahlen, weckt die Sinne und verleiht jeder Umgebung eine spritzige, nat\u00fcrliche Vitalit\u00e4t.<\/p>\n<p data-start=\"522\" data-end=\"713\">Mehr als nur eine Farbe, ist Lime ein Moment lebendiger Natur, ein frischer Hauch voller Energie, der R\u00e4ume belebt, die Stimmung hebt und ein Gef\u00fchl von Frische und Lebensfreude vermittelt.<\/p>\n","protected":false},"excerpt":{"rendered":"<p>Lime ist ein Farbton voller Lebendigkeit und Frische. Sein strahlendes, helles Gr\u00fcn mit einem lebhaften Gelbstich erinnert an die spritzige Schale einer reifen Limette und schenkt sofort Energie und Lebensfreude. Er wirkt belebend, klar und erfrischend, wie ein Sonnenstrahl, der durch das frische Gr\u00fcn eines Gartens f\u00e4llt. Lime bringt R\u00e4ume zum Strahlen, weckt die Sinne [&hellip;]<\/p>\n<p><a class=\"read-more\" href=\"https:\/\/www.bynaldis-shop.com\/?product=lime\">Mehr lesen<span class=\"meta-nav\">&rarr;<\/span><\/a><\/p>\n","protected":false},"featured_media":10455,"template":"","meta":[],"product_brand":[],"product_cat":[300],"product_tag":[],"class_list":{"0":"post-10454","1":"product","2":"type-product","3":"status-publish","4":"has-post-thumbnail","6":"product_cat-farbtoene","8":"first","9":"instock","10":"taxable","11":"shipping-taxable","12":"product-type-simple"},"_links":{"self":[{"href":"https:\/\/www.bynaldis-shop.com\/index.php?rest_route=\/wp\/v2\/product\/10454","targetHints":{"allow":["GET"]}}],"collection":[{"href":"https:\/\/www.bynaldis-shop.com\/index.php?rest_route=\/wp\/v2\/product"}],"about":[{"href":"https:\/\/www.bynaldis-shop.com\/index.php?rest_route=\/wp\/v2\/types\/product"}],"wp:featuredmedia":[{"embeddable":true,"href":"https:\/\/www.bynaldis-shop.com\/index.php?rest_route=\/wp\/v2\/media\/10455"}],"wp:attachment":[{"href":"https:\/\/www.bynaldis-shop.com\/index.php?rest_route=%2Fwp%2Fv2%2Fmedia&parent=10454"}],"wp:term":[{"taxonomy":"product_brand","embeddable":true,"href":"https:\/\/www.bynaldis-shop.com\/index.php?rest_route=%2Fwp%2Fv2%2Fproduct_brand&post=10454"},{"taxonomy":"product_cat","embeddable":true,"href":"https:\/\/www.bynaldis-shop.com\/index.php?rest_route=%2Fwp%2Fv2%2Fproduct_cat&post=10454"},{"taxonomy":"product_tag","embeddable":true,"href":"https:\/\/www.bynaldis-shop.com\/index.php?rest_route=%2Fwp%2Fv2%2Fproduct_tag&post=10454"}],"curies":[{"name":"wp","href":"https:\/\/api.w.org\/{rel}","templated":true}]}}