{"id":10443,"date":"2025-09-18T17:34:30","date_gmt":"2025-09-18T15:34:30","guid":{"rendered":"https:\/\/www.bynaldis-shop.com\/?post_type=product&#038;p=10443"},"modified":"2026-05-05T17:57:12","modified_gmt":"2026-05-05T15:57:12","slug":"fields-of-hay","status":"publish","type":"product","link":"https:\/\/www.bynaldis-shop.com\/?product=fields-of-hay","title":{"rendered":"Fields of Hay"},"content":{"rendered":"<p data-start=\"87\" data-end=\"323\">Fields of Hay ist ein Farbton voller Ruhe und sanfter W\u00e4rme. Sein warmes, ged\u00e4mpftes Gelb mit einem Hauch von Erde und Gold erinnert an reife Felder unter der sp\u00e4tsommerlichen Sonne und f\u00e4ngt die stille Sch\u00f6nheit l\u00e4ndlicher Weite ein.<\/p>\n<p data-start=\"325\" data-end=\"560\">Er wirkt nat\u00fcrlich, behaglich und beruhigend und schafft eine Atmosph\u00e4re, die R\u00e4ume sanft erf\u00fcllt und Geborgenheit ausstrahlt. Fields of Hay bringt die W\u00e4rme und Harmonie der Natur ins Zuhause und l\u00e4sst jeden Moment friedvoll wirken.<\/p>\n<p data-start=\"562\" data-end=\"764\">Mehr als nur eine Farbe, ist Fields of Hay ein Moment der l\u00e4ndlichen Stille, ein Hauch von Sonne und Erde, der R\u00e4ume beruhigt, die Sinne streichelt und eine harmonische, nat\u00fcrliche Atmosph\u00e4re schenkt.<\/p>\n","protected":false},"excerpt":{"rendered":"<p>Fields of Hay ist ein Farbton voller Ruhe und sanfter W\u00e4rme. Sein warmes, ged\u00e4mpftes Gelb mit einem Hauch von Erde und Gold erinnert an reife Felder unter der sp\u00e4tsommerlichen Sonne und f\u00e4ngt die stille Sch\u00f6nheit l\u00e4ndlicher Weite ein. Er wirkt nat\u00fcrlich, behaglich und beruhigend und schafft eine Atmosph\u00e4re, die R\u00e4ume sanft erf\u00fcllt und Geborgenheit ausstrahlt. [&hellip;]<\/p>\n<p><a class=\"read-more\" href=\"https:\/\/www.bynaldis-shop.com\/?product=fields-of-hay\">Mehr lesen<span class=\"meta-nav\">&rarr;<\/span><\/a><\/p>\n","protected":false},"featured_media":10444,"template":"","meta":[],"product_brand":[],"product_cat":[300],"product_tag":[],"class_list":{"0":"post-10443","1":"product","2":"type-product","3":"status-publish","4":"has-post-thumbnail","6":"product_cat-farbtoene","8":"first","9":"instock","10":"taxable","11":"shipping-taxable","12":"product-type-simple"},"_links":{"self":[{"href":"https:\/\/www.bynaldis-shop.com\/index.php?rest_route=\/wp\/v2\/product\/10443","targetHints":{"allow":["GET"]}}],"collection":[{"href":"https:\/\/www.bynaldis-shop.com\/index.php?rest_route=\/wp\/v2\/product"}],"about":[{"href":"https:\/\/www.bynaldis-shop.com\/index.php?rest_route=\/wp\/v2\/types\/product"}],"wp:featuredmedia":[{"embeddable":true,"href":"https:\/\/www.bynaldis-shop.com\/index.php?rest_route=\/wp\/v2\/media\/10444"}],"wp:attachment":[{"href":"https:\/\/www.bynaldis-shop.com\/index.php?rest_route=%2Fwp%2Fv2%2Fmedia&parent=10443"}],"wp:term":[{"taxonomy":"product_brand","embeddable":true,"href":"https:\/\/www.bynaldis-shop.com\/index.php?rest_route=%2Fwp%2Fv2%2Fproduct_brand&post=10443"},{"taxonomy":"product_cat","embeddable":true,"href":"https:\/\/www.bynaldis-shop.com\/index.php?rest_route=%2Fwp%2Fv2%2Fproduct_cat&post=10443"},{"taxonomy":"product_tag","embeddable":true,"href":"https:\/\/www.bynaldis-shop.com\/index.php?rest_route=%2Fwp%2Fv2%2Fproduct_tag&post=10443"}],"curies":[{"name":"wp","href":"https:\/\/api.w.org\/{rel}","templated":true}]}}