{"id":10439,"date":"2025-09-18T17:32:50","date_gmt":"2025-09-18T15:32:50","guid":{"rendered":"https:\/\/www.bynaldis-shop.com\/?post_type=product&#038;p=10439"},"modified":"2026-05-05T17:57:48","modified_gmt":"2026-05-05T15:57:48","slug":"white-cloud","status":"publish","type":"product","link":"https:\/\/www.bynaldis-shop.com\/?product=white-cloud","title":{"rendered":"White Cloud"},"content":{"rendered":"<p data-start=\"85\" data-end=\"282\">White Cloud ist ein Farbton voller Sanftheit und Ruhe. Warmes, weiches Wei\u00df mit einem zarten Beigeschimmer erinnert an fein gewebten Stoff, der sich behutsam um uns legt und Geborgenheit schenkt.<\/p>\n<p data-start=\"284\" data-end=\"541\">Er wirkt einladend, nat\u00fcrlich und strahlt eine helle, behagliche Ruhe aus. Mit seiner luftigen Leichtigkeit bringt White Cloud unaufdringliche Klarheit und zeitlose Nat\u00fcrlichkeit in jeden Raum, wie ein stiller Hauch von Frieden, der sich sanft ausbreitet.<\/p>\n<p data-start=\"543\" data-end=\"726\">Mehr als nur eine Farbe, ist White Cloud ein leiser Moment der Geborgenheit, der R\u00e4ume mit W\u00e4rme erf\u00fcllt, die Sinne beruhigt und ein Gef\u00fchl von sanfter Eleganz und Harmonie schenkt.<\/p>\n","protected":false},"excerpt":{"rendered":"<p>White Cloud ist ein Farbton voller Sanftheit und Ruhe. Warmes, weiches Wei\u00df mit einem zarten Beigeschimmer erinnert an fein gewebten Stoff, der sich behutsam um uns legt und Geborgenheit schenkt. Er wirkt einladend, nat\u00fcrlich und strahlt eine helle, behagliche Ruhe aus. Mit seiner luftigen Leichtigkeit bringt White Cloud unaufdringliche Klarheit und zeitlose Nat\u00fcrlichkeit in jeden [&hellip;]<\/p>\n<p><a class=\"read-more\" href=\"https:\/\/www.bynaldis-shop.com\/?product=white-cloud\">Mehr lesen<span class=\"meta-nav\">&rarr;<\/span><\/a><\/p>\n","protected":false},"featured_media":10440,"template":"","meta":[],"product_brand":[],"product_cat":[300],"product_tag":[],"class_list":{"0":"post-10439","1":"product","2":"type-product","3":"status-publish","4":"has-post-thumbnail","6":"product_cat-farbtoene","8":"first","9":"instock","10":"taxable","11":"shipping-taxable","12":"product-type-simple"},"_links":{"self":[{"href":"https:\/\/www.bynaldis-shop.com\/index.php?rest_route=\/wp\/v2\/product\/10439","targetHints":{"allow":["GET"]}}],"collection":[{"href":"https:\/\/www.bynaldis-shop.com\/index.php?rest_route=\/wp\/v2\/product"}],"about":[{"href":"https:\/\/www.bynaldis-shop.com\/index.php?rest_route=\/wp\/v2\/types\/product"}],"wp:featuredmedia":[{"embeddable":true,"href":"https:\/\/www.bynaldis-shop.com\/index.php?rest_route=\/wp\/v2\/media\/10440"}],"wp:attachment":[{"href":"https:\/\/www.bynaldis-shop.com\/index.php?rest_route=%2Fwp%2Fv2%2Fmedia&parent=10439"}],"wp:term":[{"taxonomy":"product_brand","embeddable":true,"href":"https:\/\/www.bynaldis-shop.com\/index.php?rest_route=%2Fwp%2Fv2%2Fproduct_brand&post=10439"},{"taxonomy":"product_cat","embeddable":true,"href":"https:\/\/www.bynaldis-shop.com\/index.php?rest_route=%2Fwp%2Fv2%2Fproduct_cat&post=10439"},{"taxonomy":"product_tag","embeddable":true,"href":"https:\/\/www.bynaldis-shop.com\/index.php?rest_route=%2Fwp%2Fv2%2Fproduct_tag&post=10439"}],"curies":[{"name":"wp","href":"https:\/\/api.w.org\/{rel}","templated":true}]}}