{"id":10437,"date":"2025-09-18T17:31:34","date_gmt":"2025-09-18T15:31:34","guid":{"rendered":"https:\/\/www.bynaldis-shop.com\/?post_type=product&#038;p=10437"},"modified":"2026-05-05T17:58:05","modified_gmt":"2026-05-05T15:58:05","slug":"sunrise-orange","status":"publish","type":"product","link":"https:\/\/www.bynaldis-shop.com\/?product=sunrise-orange","title":{"rendered":"Sunrise Orange"},"content":{"rendered":"<p data-start=\"88\" data-end=\"311\">Sunrise Orange ist ein Farbton voller Lebendigkeit und W\u00e4rme. Sein leuchtendes, kr\u00e4ftiges Orange erinnert an den Himmel kurz nach Sonnenaufgang, wenn das erste Licht des Tages alles in ein sanftes, warmes Leuchten taucht.<\/p>\n<p data-start=\"313\" data-end=\"563\">Er strahlt Energie, Freude und Harmonie aus und erf\u00fcllt R\u00e4ume mit einer lebendigen, freundlichen Atmosph\u00e4re. Sunrise Orange bringt das Gef\u00fchl von Neubeginn, Licht und Lebendigkeit in jedes Zuhause und schenkt ein w\u00e4rmendes, inspirierendes Ambiente.<\/p>\n<p data-start=\"565\" data-end=\"755\">Mehr als nur eine Farbe, ist Sunrise Orange ein Moment der Morgensonne, ein Hauch von Licht und W\u00e4rme, der R\u00e4ume aufhellt, die Sinne belebt und ein Gef\u00fchl von positiver Energie verbreitet.<\/p>\n","protected":false},"excerpt":{"rendered":"<p>Sunrise Orange ist ein Farbton voller Lebendigkeit und W\u00e4rme. Sein leuchtendes, kr\u00e4ftiges Orange erinnert an den Himmel kurz nach Sonnenaufgang, wenn das erste Licht des Tages alles in ein sanftes, warmes Leuchten taucht. Er strahlt Energie, Freude und Harmonie aus und erf\u00fcllt R\u00e4ume mit einer lebendigen, freundlichen Atmosph\u00e4re. Sunrise Orange bringt das Gef\u00fchl von Neubeginn, [&hellip;]<\/p>\n<p><a class=\"read-more\" href=\"https:\/\/www.bynaldis-shop.com\/?product=sunrise-orange\">Mehr lesen<span class=\"meta-nav\">&rarr;<\/span><\/a><\/p>\n","protected":false},"featured_media":10438,"template":"","meta":[],"product_brand":[],"product_cat":[300],"product_tag":[],"class_list":{"0":"post-10437","1":"product","2":"type-product","3":"status-publish","4":"has-post-thumbnail","6":"product_cat-farbtoene","8":"first","9":"instock","10":"taxable","11":"shipping-taxable","12":"product-type-simple"},"_links":{"self":[{"href":"https:\/\/www.bynaldis-shop.com\/index.php?rest_route=\/wp\/v2\/product\/10437","targetHints":{"allow":["GET"]}}],"collection":[{"href":"https:\/\/www.bynaldis-shop.com\/index.php?rest_route=\/wp\/v2\/product"}],"about":[{"href":"https:\/\/www.bynaldis-shop.com\/index.php?rest_route=\/wp\/v2\/types\/product"}],"wp:featuredmedia":[{"embeddable":true,"href":"https:\/\/www.bynaldis-shop.com\/index.php?rest_route=\/wp\/v2\/media\/10438"}],"wp:attachment":[{"href":"https:\/\/www.bynaldis-shop.com\/index.php?rest_route=%2Fwp%2Fv2%2Fmedia&parent=10437"}],"wp:term":[{"taxonomy":"product_brand","embeddable":true,"href":"https:\/\/www.bynaldis-shop.com\/index.php?rest_route=%2Fwp%2Fv2%2Fproduct_brand&post=10437"},{"taxonomy":"product_cat","embeddable":true,"href":"https:\/\/www.bynaldis-shop.com\/index.php?rest_route=%2Fwp%2Fv2%2Fproduct_cat&post=10437"},{"taxonomy":"product_tag","embeddable":true,"href":"https:\/\/www.bynaldis-shop.com\/index.php?rest_route=%2Fwp%2Fv2%2Fproduct_tag&post=10437"}],"curies":[{"name":"wp","href":"https:\/\/api.w.org\/{rel}","templated":true}]}}