{"id":10433,"date":"2025-09-18T17:30:22","date_gmt":"2025-09-18T15:30:22","guid":{"rendered":"https:\/\/www.bynaldis-shop.com\/?post_type=product&#038;p=10433"},"modified":"2026-05-05T17:58:39","modified_gmt":"2026-05-05T15:58:39","slug":"smoke","status":"publish","type":"product","link":"https:\/\/www.bynaldis-shop.com\/?product=smoke","title":{"rendered":"Smoke"},"content":{"rendered":"<p data-start=\"79\" data-end=\"274\">Smoke ist ein Farbton voller Ruhe und stiller Eleganz. Kr\u00e4ftig und zugleich sanft, strahlt dieses k\u00fchle Grau eine dezente, geheimnisvolle Note aus, die R\u00e4ume mit Tiefe und Gelassenheit erf\u00fcllt.<\/p>\n<p data-start=\"276\" data-end=\"539\">Er wirkt kraftvoll und beruhigend zugleich, wie ein leiser Nebelhauch, der alles umh\u00fcllt und eine elegante Atmosph\u00e4re schafft. Smoke bringt Balance, Ruhe und subtile Raffinesse in jeden Raum und l\u00e4sst andere Farben und Materialien harmonisch zur Geltung kommen.<\/p>\n<p data-start=\"541\" data-end=\"709\">Mehr als nur eine Farbe, ist Smoke ein Moment der Stille, ein Hauch von Geheimnis, der R\u00e4ume beruhigt, Geborgenheit schenkt und zugleich eine elegante Tiefe verleiht.<\/p>\n","protected":false},"excerpt":{"rendered":"<p>Smoke ist ein Farbton voller Ruhe und stiller Eleganz. Kr\u00e4ftig und zugleich sanft, strahlt dieses k\u00fchle Grau eine dezente, geheimnisvolle Note aus, die R\u00e4ume mit Tiefe und Gelassenheit erf\u00fcllt. Er wirkt kraftvoll und beruhigend zugleich, wie ein leiser Nebelhauch, der alles umh\u00fcllt und eine elegante Atmosph\u00e4re schafft. Smoke bringt Balance, Ruhe und subtile Raffinesse in [&hellip;]<\/p>\n<p><a class=\"read-more\" href=\"https:\/\/www.bynaldis-shop.com\/?product=smoke\">Mehr lesen<span class=\"meta-nav\">&rarr;<\/span><\/a><\/p>\n","protected":false},"featured_media":10434,"template":"","meta":[],"product_brand":[],"product_cat":[300],"product_tag":[],"class_list":{"0":"post-10433","1":"product","2":"type-product","3":"status-publish","4":"has-post-thumbnail","6":"product_cat-farbtoene","8":"first","9":"instock","10":"taxable","11":"shipping-taxable","12":"product-type-simple"},"_links":{"self":[{"href":"https:\/\/www.bynaldis-shop.com\/index.php?rest_route=\/wp\/v2\/product\/10433","targetHints":{"allow":["GET"]}}],"collection":[{"href":"https:\/\/www.bynaldis-shop.com\/index.php?rest_route=\/wp\/v2\/product"}],"about":[{"href":"https:\/\/www.bynaldis-shop.com\/index.php?rest_route=\/wp\/v2\/types\/product"}],"wp:featuredmedia":[{"embeddable":true,"href":"https:\/\/www.bynaldis-shop.com\/index.php?rest_route=\/wp\/v2\/media\/10434"}],"wp:attachment":[{"href":"https:\/\/www.bynaldis-shop.com\/index.php?rest_route=%2Fwp%2Fv2%2Fmedia&parent=10433"}],"wp:term":[{"taxonomy":"product_brand","embeddable":true,"href":"https:\/\/www.bynaldis-shop.com\/index.php?rest_route=%2Fwp%2Fv2%2Fproduct_brand&post=10433"},{"taxonomy":"product_cat","embeddable":true,"href":"https:\/\/www.bynaldis-shop.com\/index.php?rest_route=%2Fwp%2Fv2%2Fproduct_cat&post=10433"},{"taxonomy":"product_tag","embeddable":true,"href":"https:\/\/www.bynaldis-shop.com\/index.php?rest_route=%2Fwp%2Fv2%2Fproduct_tag&post=10433"}],"curies":[{"name":"wp","href":"https:\/\/api.w.org\/{rel}","templated":true}]}}