{"id":10431,"date":"2025-09-18T17:29:19","date_gmt":"2025-09-18T15:29:19","guid":{"rendered":"https:\/\/www.bynaldis-shop.com\/?post_type=product&#038;p=10431"},"modified":"2026-05-05T17:58:57","modified_gmt":"2026-05-05T15:58:57","slug":"pale-mist","status":"publish","type":"product","link":"https:\/\/www.bynaldis-shop.com\/?product=pale-mist","title":{"rendered":"Pale Mist"},"content":{"rendered":"<p data-start=\"83\" data-end=\"317\">Pale Mist ist ein Farbton voller Leichtigkeit und Zur\u00fcckhaltung. Sein sehr helles, fast neutrales Grau, durchzogen von einem hauchzarten Gr\u00fcnstich, erinnert an einen feinen Nebelschleier, der sanft \u00fcber eine stille Landschaft zieht.<\/p>\n<p data-start=\"319\" data-end=\"607\">Er wirkt ruhig und zur\u00fcckhaltend, schenkt R\u00e4umen und Oberfl\u00e4chen eine luftige, sanfte Atmosph\u00e4re und harmoniert m\u00fchelos mit nat\u00fcrlichen Materialien wie hellem Holz oder Beton. Pale Mist strahlt eine dezente Eleganz aus und eignet sich perfekt f\u00fcr ein minimalistisches, zeitloses Design.<\/p>\n<p data-start=\"609\" data-end=\"775\">Mehr als nur eine Farbe, ist Pale Mist ein Moment der Stille, der R\u00e4ume beruhigt, die Sinne kl\u00e4rt und eine sanfte, fast poetische Leichtigkeit in jeden Raum bringt.<\/p>\n","protected":false},"excerpt":{"rendered":"<p>Pale Mist ist ein Farbton voller Leichtigkeit und Zur\u00fcckhaltung. Sein sehr helles, fast neutrales Grau, durchzogen von einem hauchzarten Gr\u00fcnstich, erinnert an einen feinen Nebelschleier, der sanft \u00fcber eine stille Landschaft zieht. Er wirkt ruhig und zur\u00fcckhaltend, schenkt R\u00e4umen und Oberfl\u00e4chen eine luftige, sanfte Atmosph\u00e4re und harmoniert m\u00fchelos mit nat\u00fcrlichen Materialien wie hellem Holz oder [&hellip;]<\/p>\n<p><a class=\"read-more\" href=\"https:\/\/www.bynaldis-shop.com\/?product=pale-mist\">Mehr lesen<span class=\"meta-nav\">&rarr;<\/span><\/a><\/p>\n","protected":false},"featured_media":10432,"template":"","meta":[],"product_brand":[],"product_cat":[300],"product_tag":[],"class_list":{"0":"post-10431","1":"product","2":"type-product","3":"status-publish","4":"has-post-thumbnail","6":"product_cat-farbtoene","8":"first","9":"instock","10":"taxable","11":"shipping-taxable","12":"product-type-simple"},"_links":{"self":[{"href":"https:\/\/www.bynaldis-shop.com\/index.php?rest_route=\/wp\/v2\/product\/10431","targetHints":{"allow":["GET"]}}],"collection":[{"href":"https:\/\/www.bynaldis-shop.com\/index.php?rest_route=\/wp\/v2\/product"}],"about":[{"href":"https:\/\/www.bynaldis-shop.com\/index.php?rest_route=\/wp\/v2\/types\/product"}],"wp:featuredmedia":[{"embeddable":true,"href":"https:\/\/www.bynaldis-shop.com\/index.php?rest_route=\/wp\/v2\/media\/10432"}],"wp:attachment":[{"href":"https:\/\/www.bynaldis-shop.com\/index.php?rest_route=%2Fwp%2Fv2%2Fmedia&parent=10431"}],"wp:term":[{"taxonomy":"product_brand","embeddable":true,"href":"https:\/\/www.bynaldis-shop.com\/index.php?rest_route=%2Fwp%2Fv2%2Fproduct_brand&post=10431"},{"taxonomy":"product_cat","embeddable":true,"href":"https:\/\/www.bynaldis-shop.com\/index.php?rest_route=%2Fwp%2Fv2%2Fproduct_cat&post=10431"},{"taxonomy":"product_tag","embeddable":true,"href":"https:\/\/www.bynaldis-shop.com\/index.php?rest_route=%2Fwp%2Fv2%2Fproduct_tag&post=10431"}],"curies":[{"name":"wp","href":"https:\/\/api.w.org\/{rel}","templated":true}]}}