{"id":10407,"date":"2025-09-18T17:17:30","date_gmt":"2025-09-18T15:17:30","guid":{"rendered":"https:\/\/www.bynaldis-shop.com\/?post_type=product&#038;p=10407"},"modified":"2026-05-05T18:02:52","modified_gmt":"2026-05-05T16:02:52","slug":"pine","status":"publish","type":"product","link":"https:\/\/www.bynaldis-shop.com\/?product=pine","title":{"rendered":"Pine"},"content":{"rendered":"<p data-start=\"108\" data-end=\"431\">Pine ist ein Farbton, der die stille Kraft des Waldes in sich tr\u00e4gt. Intensiv und kr\u00e4ftig, erinnert sein dunkler Gr\u00fcnton mit einem leichten Blaustich an die Nadeln von Kiefern, die sich im Morgenlicht wiegen. Er wirkt k\u00fchl und erdig zugleich und schenkt eine tiefe, beruhigende Pr\u00e4senz, die K\u00f6rper und Geist harmonisiert.<\/p>\n<p data-start=\"433\" data-end=\"684\">Dieser Farbton strahlt Naturverbundenheit aus und bringt frische, gr\u00fcne Ruhe in jeden Raum. Er ist zugleich erdend und vitalisierend, wie ein Spaziergang zwischen hohen B\u00e4umen, in dessen Schatten wir Kraft sch\u00f6pfen und unsere Gedanken kl\u00e4ren k\u00f6nnen.<\/p>\n<p data-start=\"686\" data-end=\"857\">Pine ist mehr als nur eine Farbe. Er ist ein R\u00fcckzugsort f\u00fcr die Seele, ein sanfter Hauch des Waldes, der uns verbindet mit der Natur, ihrer Ruhe und ihrer Lebendigkeit.<\/p>\n","protected":false},"excerpt":{"rendered":"<p>Pine ist ein Farbton, der die stille Kraft des Waldes in sich tr\u00e4gt. Intensiv und kr\u00e4ftig, erinnert sein dunkler Gr\u00fcnton mit einem leichten Blaustich an die Nadeln von Kiefern, die sich im Morgenlicht wiegen. Er wirkt k\u00fchl und erdig zugleich und schenkt eine tiefe, beruhigende Pr\u00e4senz, die K\u00f6rper und Geist harmonisiert. Dieser Farbton strahlt Naturverbundenheit [&hellip;]<\/p>\n<p><a class=\"read-more\" href=\"https:\/\/www.bynaldis-shop.com\/?product=pine\">Mehr lesen<span class=\"meta-nav\">&rarr;<\/span><\/a><\/p>\n","protected":false},"featured_media":10408,"template":"","meta":[],"product_brand":[],"product_cat":[300],"product_tag":[],"class_list":{"0":"post-10407","1":"product","2":"type-product","3":"status-publish","4":"has-post-thumbnail","6":"product_cat-farbtoene","8":"first","9":"instock","10":"taxable","11":"shipping-taxable","12":"product-type-simple"},"_links":{"self":[{"href":"https:\/\/www.bynaldis-shop.com\/index.php?rest_route=\/wp\/v2\/product\/10407","targetHints":{"allow":["GET"]}}],"collection":[{"href":"https:\/\/www.bynaldis-shop.com\/index.php?rest_route=\/wp\/v2\/product"}],"about":[{"href":"https:\/\/www.bynaldis-shop.com\/index.php?rest_route=\/wp\/v2\/types\/product"}],"wp:featuredmedia":[{"embeddable":true,"href":"https:\/\/www.bynaldis-shop.com\/index.php?rest_route=\/wp\/v2\/media\/10408"}],"wp:attachment":[{"href":"https:\/\/www.bynaldis-shop.com\/index.php?rest_route=%2Fwp%2Fv2%2Fmedia&parent=10407"}],"wp:term":[{"taxonomy":"product_brand","embeddable":true,"href":"https:\/\/www.bynaldis-shop.com\/index.php?rest_route=%2Fwp%2Fv2%2Fproduct_brand&post=10407"},{"taxonomy":"product_cat","embeddable":true,"href":"https:\/\/www.bynaldis-shop.com\/index.php?rest_route=%2Fwp%2Fv2%2Fproduct_cat&post=10407"},{"taxonomy":"product_tag","embeddable":true,"href":"https:\/\/www.bynaldis-shop.com\/index.php?rest_route=%2Fwp%2Fv2%2Fproduct_tag&post=10407"}],"curies":[{"name":"wp","href":"https:\/\/api.w.org\/{rel}","templated":true}]}}