{"id":10405,"date":"2025-09-18T17:16:43","date_gmt":"2025-09-18T15:16:43","guid":{"rendered":"https:\/\/www.bynaldis-shop.com\/?post_type=product&#038;p=10405"},"modified":"2026-05-05T18:03:20","modified_gmt":"2026-05-05T16:03:20","slug":"pale-timber","status":"publish","type":"product","link":"https:\/\/www.bynaldis-shop.com\/?product=pale-timber","title":{"rendered":"Pale Timber"},"content":{"rendered":"<p data-start=\"187\" data-end=\"550\">Wie vergilbtes Laub, das sanft auf dem Waldboden ruht, oder wie die matte Oberfl\u00e4che von altem Pergament, das \u00fcber Jahrhunderte hinweg Geschichten aus der Natur bewahrt \u2013 so offenbart sich dieser blasse, erdige Farbton. Er erinnert uns an den Kreislauf des Lebens, an die leisen Momente des Wandels und an die stille Sch\u00f6nheit, die in der Verg\u00e4nglichkeit liegt.<\/p>\n<p data-start=\"552\" data-end=\"909\">Es ist die Farbe des Waldes, wenn er zur Ruhe kommt. Ein Ton, der uns einl\u00e4dt, langsamer zu werden, tiefer zu atmen und uns mit dem Herzschlag der Natur zu verbinden. In seiner Zartheit liegt eine liebevolle Erinnerung daran, dass jeder Abschied Raum f\u00fcr Neues schafft und dass auch die sanft verblassenden Farben ihre eigene Kraft und Sch\u00f6nheit besitzen.<\/p>\n<p data-start=\"911\" data-end=\"1067\">Dieser Farbton schenkt Geborgenheit, W\u00e4rme und Frieden. Er ist wie eine Umarmung der Erde, die uns tr\u00e4gt und h\u00e4lt, ganz gleich, wohin unser Weg uns f\u00fchrt.<\/p>\n","protected":false},"excerpt":{"rendered":"<p>Wie vergilbtes Laub, das sanft auf dem Waldboden ruht, oder wie die matte Oberfl\u00e4che von altem Pergament, das \u00fcber Jahrhunderte hinweg Geschichten aus der Natur bewahrt \u2013 so offenbart sich dieser blasse, erdige Farbton. Er erinnert uns an den Kreislauf des Lebens, an die leisen Momente des Wandels und an die stille Sch\u00f6nheit, die in [&hellip;]<\/p>\n<p><a class=\"read-more\" href=\"https:\/\/www.bynaldis-shop.com\/?product=pale-timber\">Mehr lesen<span class=\"meta-nav\">&rarr;<\/span><\/a><\/p>\n","protected":false},"featured_media":10406,"template":"","meta":[],"product_brand":[],"product_cat":[300],"product_tag":[],"class_list":{"0":"post-10405","1":"product","2":"type-product","3":"status-publish","4":"has-post-thumbnail","6":"product_cat-farbtoene","8":"first","9":"instock","10":"taxable","11":"shipping-taxable","12":"product-type-simple"},"_links":{"self":[{"href":"https:\/\/www.bynaldis-shop.com\/index.php?rest_route=\/wp\/v2\/product\/10405","targetHints":{"allow":["GET"]}}],"collection":[{"href":"https:\/\/www.bynaldis-shop.com\/index.php?rest_route=\/wp\/v2\/product"}],"about":[{"href":"https:\/\/www.bynaldis-shop.com\/index.php?rest_route=\/wp\/v2\/types\/product"}],"wp:featuredmedia":[{"embeddable":true,"href":"https:\/\/www.bynaldis-shop.com\/index.php?rest_route=\/wp\/v2\/media\/10406"}],"wp:attachment":[{"href":"https:\/\/www.bynaldis-shop.com\/index.php?rest_route=%2Fwp%2Fv2%2Fmedia&parent=10405"}],"wp:term":[{"taxonomy":"product_brand","embeddable":true,"href":"https:\/\/www.bynaldis-shop.com\/index.php?rest_route=%2Fwp%2Fv2%2Fproduct_brand&post=10405"},{"taxonomy":"product_cat","embeddable":true,"href":"https:\/\/www.bynaldis-shop.com\/index.php?rest_route=%2Fwp%2Fv2%2Fproduct_cat&post=10405"},{"taxonomy":"product_tag","embeddable":true,"href":"https:\/\/www.bynaldis-shop.com\/index.php?rest_route=%2Fwp%2Fv2%2Fproduct_tag&post=10405"}],"curies":[{"name":"wp","href":"https:\/\/api.w.org\/{rel}","templated":true}]}}