{"id":10403,"date":"2025-09-18T17:15:53","date_gmt":"2025-09-18T15:15:53","guid":{"rendered":"https:\/\/www.bynaldis-shop.com\/?post_type=product&#038;p=10403"},"modified":"2026-05-05T18:03:38","modified_gmt":"2026-05-05T16:03:38","slug":"moss","status":"publish","type":"product","link":"https:\/\/www.bynaldis-shop.com\/?product=moss","title":{"rendered":"Moss"},"content":{"rendered":"<p data-start=\"89\" data-end=\"323\">Moss ist ein Farbton, der die stille Sch\u00f6nheit des Waldes in sich tr\u00e4gt. Ged\u00e4mpft und erdig erinnert er an Moosbewuchs in schattigen Waldgebieten, an die weiche Textur, die den Waldboden bedeckt, und an die ruhige Pr\u00e4senz der Natur.<\/p>\n<p data-start=\"325\" data-end=\"591\">Sein Gr\u00fcn wirkt beruhigend, frisch und doch sanft, mit einer samtigen Tiefe, die R\u00e4ume erf\u00fcllt und gleichzeitig zur Ruhe einl\u00e4dt. Moss verbindet die Erdigkeit des Waldes mit der sanften Kraft des Wachstums und schenkt jedem Raum eine gr\u00fcne, harmonische Atmosph\u00e4re.<\/p>\n<p data-start=\"593\" data-end=\"774\">Moss ist mehr als nur eine Farbe. Er ist wie ein Spaziergang im Schatten hoher B\u00e4ume, eine Einladung, innezuhalten, die Natur zu sp\u00fcren und in der gr\u00fcnen Stille Kraft zu sch\u00f6pfen.<\/p>\n","protected":false},"excerpt":{"rendered":"<p>Moss ist ein Farbton, der die stille Sch\u00f6nheit des Waldes in sich tr\u00e4gt. Ged\u00e4mpft und erdig erinnert er an Moosbewuchs in schattigen Waldgebieten, an die weiche Textur, die den Waldboden bedeckt, und an die ruhige Pr\u00e4senz der Natur. Sein Gr\u00fcn wirkt beruhigend, frisch und doch sanft, mit einer samtigen Tiefe, die R\u00e4ume erf\u00fcllt und gleichzeitig [&hellip;]<\/p>\n<p><a class=\"read-more\" href=\"https:\/\/www.bynaldis-shop.com\/?product=moss\">Mehr lesen<span class=\"meta-nav\">&rarr;<\/span><\/a><\/p>\n","protected":false},"featured_media":10404,"template":"","meta":[],"product_brand":[],"product_cat":[300],"product_tag":[],"class_list":{"0":"post-10403","1":"product","2":"type-product","3":"status-publish","4":"has-post-thumbnail","6":"product_cat-farbtoene","8":"first","9":"instock","10":"taxable","11":"shipping-taxable","12":"product-type-simple"},"_links":{"self":[{"href":"https:\/\/www.bynaldis-shop.com\/index.php?rest_route=\/wp\/v2\/product\/10403","targetHints":{"allow":["GET"]}}],"collection":[{"href":"https:\/\/www.bynaldis-shop.com\/index.php?rest_route=\/wp\/v2\/product"}],"about":[{"href":"https:\/\/www.bynaldis-shop.com\/index.php?rest_route=\/wp\/v2\/types\/product"}],"wp:featuredmedia":[{"embeddable":true,"href":"https:\/\/www.bynaldis-shop.com\/index.php?rest_route=\/wp\/v2\/media\/10404"}],"wp:attachment":[{"href":"https:\/\/www.bynaldis-shop.com\/index.php?rest_route=%2Fwp%2Fv2%2Fmedia&parent=10403"}],"wp:term":[{"taxonomy":"product_brand","embeddable":true,"href":"https:\/\/www.bynaldis-shop.com\/index.php?rest_route=%2Fwp%2Fv2%2Fproduct_brand&post=10403"},{"taxonomy":"product_cat","embeddable":true,"href":"https:\/\/www.bynaldis-shop.com\/index.php?rest_route=%2Fwp%2Fv2%2Fproduct_cat&post=10403"},{"taxonomy":"product_tag","embeddable":true,"href":"https:\/\/www.bynaldis-shop.com\/index.php?rest_route=%2Fwp%2Fv2%2Fproduct_tag&post=10403"}],"curies":[{"name":"wp","href":"https:\/\/api.w.org\/{rel}","templated":true}]}}