{"id":10399,"date":"2025-09-18T17:14:00","date_gmt":"2025-09-18T15:14:00","guid":{"rendered":"https:\/\/www.bynaldis-shop.com\/?post_type=product&#038;p=10399"},"modified":"2026-05-05T18:04:07","modified_gmt":"2026-05-05T16:04:07","slug":"forest-beige","status":"publish","type":"product","link":"https:\/\/www.bynaldis-shop.com\/?product=forest-beige","title":{"rendered":"Forest Beige"},"content":{"rendered":"<p data-start=\"115\" data-end=\"347\">Forest Beige ist ein Ton, der die leise Sch\u00f6nheit des Waldes in sich tr\u00e4gt. Warm und erdverbunden entfaltet er seine Sanftheit, durchzogen von einem zarten Hauch Gr\u00fcn \u2013 wie Sonnenlicht, das sanft auf moosbedeckten Waldboden f\u00e4llt.<\/p>\n<p data-start=\"349\" data-end=\"610\">Er wirkt nat\u00fcrlich und ruhig, leicht ged\u00e4mpft und voller Harmonie, als w\u00fcrde er die stille Atmosph\u00e4re eines lichten Waldes in sich bewahren. In seiner Zur\u00fcckhaltung schenkt er Geborgenheit, in seiner W\u00e4rme erinnert er uns an die Kraft der Erde, die uns tr\u00e4gt.<\/p>\n<p data-start=\"612\" data-end=\"784\">Forest Beige ist mehr als nur eine Farbe. Er ist ein Gef\u00fchl von Ruhe und Ausgeglichenheit, eine Verbindung zur Natur, die in jedem Raum wie ein sanfter Atem sp\u00fcrbar wird.<\/p>\n","protected":false},"excerpt":{"rendered":"<p>Forest Beige ist ein Ton, der die leise Sch\u00f6nheit des Waldes in sich tr\u00e4gt. Warm und erdverbunden entfaltet er seine Sanftheit, durchzogen von einem zarten Hauch Gr\u00fcn \u2013 wie Sonnenlicht, das sanft auf moosbedeckten Waldboden f\u00e4llt. Er wirkt nat\u00fcrlich und ruhig, leicht ged\u00e4mpft und voller Harmonie, als w\u00fcrde er die stille Atmosph\u00e4re eines lichten Waldes [&hellip;]<\/p>\n<p><a class=\"read-more\" href=\"https:\/\/www.bynaldis-shop.com\/?product=forest-beige\">Mehr lesen<span class=\"meta-nav\">&rarr;<\/span><\/a><\/p>\n","protected":false},"featured_media":10400,"template":"","meta":[],"product_brand":[],"product_cat":[300],"product_tag":[],"class_list":{"0":"post-10399","1":"product","2":"type-product","3":"status-publish","4":"has-post-thumbnail","6":"product_cat-farbtoene","8":"first","9":"instock","10":"taxable","11":"shipping-taxable","12":"product-type-simple"},"_links":{"self":[{"href":"https:\/\/www.bynaldis-shop.com\/index.php?rest_route=\/wp\/v2\/product\/10399","targetHints":{"allow":["GET"]}}],"collection":[{"href":"https:\/\/www.bynaldis-shop.com\/index.php?rest_route=\/wp\/v2\/product"}],"about":[{"href":"https:\/\/www.bynaldis-shop.com\/index.php?rest_route=\/wp\/v2\/types\/product"}],"wp:featuredmedia":[{"embeddable":true,"href":"https:\/\/www.bynaldis-shop.com\/index.php?rest_route=\/wp\/v2\/media\/10400"}],"wp:attachment":[{"href":"https:\/\/www.bynaldis-shop.com\/index.php?rest_route=%2Fwp%2Fv2%2Fmedia&parent=10399"}],"wp:term":[{"taxonomy":"product_brand","embeddable":true,"href":"https:\/\/www.bynaldis-shop.com\/index.php?rest_route=%2Fwp%2Fv2%2Fproduct_brand&post=10399"},{"taxonomy":"product_cat","embeddable":true,"href":"https:\/\/www.bynaldis-shop.com\/index.php?rest_route=%2Fwp%2Fv2%2Fproduct_cat&post=10399"},{"taxonomy":"product_tag","embeddable":true,"href":"https:\/\/www.bynaldis-shop.com\/index.php?rest_route=%2Fwp%2Fv2%2Fproduct_tag&post=10399"}],"curies":[{"name":"wp","href":"https:\/\/api.w.org\/{rel}","templated":true}]}}