{"id":10397,"date":"2025-09-18T17:12:50","date_gmt":"2025-09-18T15:12:50","guid":{"rendered":"https:\/\/www.bynaldis-shop.com\/?post_type=product&#038;p=10397"},"modified":"2026-05-05T18:04:28","modified_gmt":"2026-05-05T16:04:28","slug":"fern-brown","status":"publish","type":"product","link":"https:\/\/www.bynaldis-shop.com\/?product=fern-brown","title":{"rendered":"Fern Brown"},"content":{"rendered":"<p data-start=\"133\" data-end=\"444\">Dieser erdige Braunton tr\u00e4gt die Seele des Waldes in sich. Er erinnert an feuchten Waldboden, durchzogen von Farnen und Moos, an schattige Lichtungen und das ged\u00e4mpfte Licht, das unter einem dichten Bl\u00e4tterdach tanzt. In ihm verbinden sich W\u00e4rme und Bodenst\u00e4ndigkeit mit einem geheimnisvollen Hauch von Tiefe.<\/p>\n<p data-start=\"446\" data-end=\"704\">Seine ruhige Nat\u00fcrlichkeit schenkt Geborgenheit und l\u00e4dt uns ein, innezuhalten, so wie der Wald uns mit seinem stillen Atem umh\u00fcllt. Das sanfte Braun, belebt von einem Hauch Waldgr\u00fcn, wirkt kraftvoll und zugleich harmonisch, erdig und dennoch voller Leben.<\/p>\n<p data-start=\"706\" data-end=\"914\">Es ist ein Farbton, der uns zur\u00fcckf\u00fchrt zu den Wurzeln, zur Erde, die uns tr\u00e4gt, und zum Geheimnis der Natur, das in jedem Schatten und jedem Blatt verborgen liegt. Warm, bodenst\u00e4ndig und doch voller Magie.<\/p>\n","protected":false},"excerpt":{"rendered":"<p>Dieser erdige Braunton tr\u00e4gt die Seele des Waldes in sich. Er erinnert an feuchten Waldboden, durchzogen von Farnen und Moos, an schattige Lichtungen und das ged\u00e4mpfte Licht, das unter einem dichten Bl\u00e4tterdach tanzt. In ihm verbinden sich W\u00e4rme und Bodenst\u00e4ndigkeit mit einem geheimnisvollen Hauch von Tiefe. Seine ruhige Nat\u00fcrlichkeit schenkt Geborgenheit und l\u00e4dt uns ein, [&hellip;]<\/p>\n<p><a class=\"read-more\" href=\"https:\/\/www.bynaldis-shop.com\/?product=fern-brown\">Mehr lesen<span class=\"meta-nav\">&rarr;<\/span><\/a><\/p>\n","protected":false},"featured_media":10398,"template":"","meta":[],"product_brand":[],"product_cat":[300],"product_tag":[],"class_list":{"0":"post-10397","1":"product","2":"type-product","3":"status-publish","4":"has-post-thumbnail","6":"product_cat-farbtoene","8":"first","9":"instock","10":"taxable","11":"shipping-taxable","12":"product-type-simple"},"_links":{"self":[{"href":"https:\/\/www.bynaldis-shop.com\/index.php?rest_route=\/wp\/v2\/product\/10397","targetHints":{"allow":["GET"]}}],"collection":[{"href":"https:\/\/www.bynaldis-shop.com\/index.php?rest_route=\/wp\/v2\/product"}],"about":[{"href":"https:\/\/www.bynaldis-shop.com\/index.php?rest_route=\/wp\/v2\/types\/product"}],"wp:featuredmedia":[{"embeddable":true,"href":"https:\/\/www.bynaldis-shop.com\/index.php?rest_route=\/wp\/v2\/media\/10398"}],"wp:attachment":[{"href":"https:\/\/www.bynaldis-shop.com\/index.php?rest_route=%2Fwp%2Fv2%2Fmedia&parent=10397"}],"wp:term":[{"taxonomy":"product_brand","embeddable":true,"href":"https:\/\/www.bynaldis-shop.com\/index.php?rest_route=%2Fwp%2Fv2%2Fproduct_brand&post=10397"},{"taxonomy":"product_cat","embeddable":true,"href":"https:\/\/www.bynaldis-shop.com\/index.php?rest_route=%2Fwp%2Fv2%2Fproduct_cat&post=10397"},{"taxonomy":"product_tag","embeddable":true,"href":"https:\/\/www.bynaldis-shop.com\/index.php?rest_route=%2Fwp%2Fv2%2Fproduct_tag&post=10397"}],"curies":[{"name":"wp","href":"https:\/\/api.w.org\/{rel}","templated":true}]}}