{"id":10381,"date":"2025-09-17T19:37:22","date_gmt":"2025-09-17T17:37:22","guid":{"rendered":"https:\/\/www.bynaldis-shop.com\/?post_type=product&#038;p=10381"},"modified":"2025-10-28T11:32:59","modified_gmt":"2025-10-28T10:32:59","slug":"raeucherstaebchen-erzengel-chamuel","status":"publish","type":"product","link":"https:\/\/www.bynaldis-shop.com\/?product=raeucherstaebchen-erzengel-chamuel","title":{"rendered":"R\u00e4ucherst\u00e4bchen Erzengel Chamuel"},"content":{"rendered":"<p data-start=\"132\" data-end=\"482\">Wenn wir uns nach Geborgenheit und Liebe sehnen, \u00f6ffnet Erzengel Chamuel unser Herz. Die Natural Yogi &amp; Yogini R\u00e4ucherst\u00e4bchen Erzengel Chamuel entstehen in achtsamer Handarbeit in Indien, aus reinen nat\u00fcrlichen Zutaten gefertigt und mit der Energie der bedingungslosen Liebe durchdrungen.<\/p>\n<p data-start=\"484\" data-end=\"789\">Der feine, blumige Duft der Rose str\u00f6mt wie ein sanfter Hauch in dein Herz und erinnert dich daran, dass die unendliche Liebe der heiligen Quelle immer bei dir ist. Erzengel Chamuel l\u00e4dt dich ein, diese Liebe zu sp\u00fcren \u2013 wann immer du es brauchst, um dich getragen, besch\u00fctzt und ganz angenommen zu f\u00fchlen.<\/p>\n<p data-start=\"791\" data-end=\"945\">Jedes St\u00e4bchen wiegt etwa 1,6 bis 1,8 Gramm und entfaltet seinen Duft \u00fcber 65 bis 80 Minuten. Verpackt sind sie zu drei St\u00fcck, der Preis gilt pro St\u00fcck.<\/p>\n<p data-start=\"947\" data-end=\"1197\">Insgesamt gibt es sieben Erzengel R\u00e4ucherst\u00e4bchen Sorten, jede mit einer eigenen Botschaft und einem besonderen Duft. Erzengel Chamuel ist einer von ihnen \u2013 die weiteren Engel begleiten dich mit Heilung, Schutz, Klarheit, Hoffnung, Freude und Frieden.<\/p>\n<p data-start=\"1199\" data-end=\"1352\">Diese R\u00e4ucherst\u00e4bchen sind mehr als nur ein Duft. Sie sind eine Quelle der Liebe, ein stiller Begleiter f\u00fcr dein Herz und ein Geschenk f\u00fcr deine Seele.<\/p>\n","protected":false},"excerpt":{"rendered":"<p>Wenn wir uns nach Geborgenheit und Liebe sehnen, \u00f6ffnet Erzengel Chamuel unser Herz. Die Natural Yogi &amp; Yogini R\u00e4ucherst\u00e4bchen Erzengel Chamuel entstehen in achtsamer Handarbeit in Indien, aus reinen nat\u00fcrlichen Zutaten gefertigt und mit der Energie der bedingungslosen Liebe durchdrungen. Der feine, blumige Duft der Rose str\u00f6mt wie ein sanfter Hauch in dein Herz und [&hellip;]<\/p>\n<p><a class=\"read-more\" href=\"https:\/\/www.bynaldis-shop.com\/?product=raeucherstaebchen-erzengel-chamuel\">Mehr lesen<span class=\"meta-nav\">&rarr;<\/span><\/a><\/p>\n","protected":false},"featured_media":10382,"template":"","meta":[],"product_brand":[],"product_cat":[250],"product_tag":[],"class_list":{"0":"post-10381","1":"product","2":"type-product","3":"status-publish","4":"has-post-thumbnail","6":"product_cat-packung","8":"first","9":"instock","10":"taxable","11":"shipping-taxable","12":"purchasable","13":"product-type-simple"},"_links":{"self":[{"href":"https:\/\/www.bynaldis-shop.com\/index.php?rest_route=\/wp\/v2\/product\/10381","targetHints":{"allow":["GET"]}}],"collection":[{"href":"https:\/\/www.bynaldis-shop.com\/index.php?rest_route=\/wp\/v2\/product"}],"about":[{"href":"https:\/\/www.bynaldis-shop.com\/index.php?rest_route=\/wp\/v2\/types\/product"}],"wp:featuredmedia":[{"embeddable":true,"href":"https:\/\/www.bynaldis-shop.com\/index.php?rest_route=\/wp\/v2\/media\/10382"}],"wp:attachment":[{"href":"https:\/\/www.bynaldis-shop.com\/index.php?rest_route=%2Fwp%2Fv2%2Fmedia&parent=10381"}],"wp:term":[{"taxonomy":"product_brand","embeddable":true,"href":"https:\/\/www.bynaldis-shop.com\/index.php?rest_route=%2Fwp%2Fv2%2Fproduct_brand&post=10381"},{"taxonomy":"product_cat","embeddable":true,"href":"https:\/\/www.bynaldis-shop.com\/index.php?rest_route=%2Fwp%2Fv2%2Fproduct_cat&post=10381"},{"taxonomy":"product_tag","embeddable":true,"href":"https:\/\/www.bynaldis-shop.com\/index.php?rest_route=%2Fwp%2Fv2%2Fproduct_tag&post=10381"}],"curies":[{"name":"wp","href":"https:\/\/api.w.org\/{rel}","templated":true}]}}