{"id":10379,"date":"2025-09-17T19:34:01","date_gmt":"2025-09-17T17:34:01","guid":{"rendered":"https:\/\/www.bynaldis-shop.com\/?post_type=product&#038;p=10379"},"modified":"2025-10-28T11:33:43","modified_gmt":"2025-10-28T10:33:43","slug":"raeucherstaebchen-erzengel-metatron","status":"publish","type":"product","link":"https:\/\/www.bynaldis-shop.com\/?product=raeucherstaebchen-erzengel-metatron","title":{"rendered":"R\u00e4ucherst\u00e4bchen Erzengel Metatron"},"content":{"rendered":"<p data-start=\"154\" data-end=\"572\">Wenn wir uns nach Licht, Freude und der Kraft der Liebe sehnen, begleitet uns Erzengel Metatron. Die Natural Yogi &amp; Yogini R\u00e4ucherst\u00e4bchen Erzengel Metatron entstehen in sorgf\u00e4ltiger Handarbeit in Indien, mit Achtsamkeit aus den besten nat\u00fcrlichen Zutaten gefertigt. Sie tragen die Energie von Lebendigkeit, innerer Klarheit und ewiger Liebe in sich.<\/p>\n<p data-start=\"574\" data-end=\"909\">Der warme, blumige Duft von Nag Champa erinnert dich an die Quelle deines innersten Seins. Er schenkt dir Licht in jeder Dunkelheit, erf\u00fcllt dich mit Freude und l\u00e4dt dich ein, deine Existenz mit all ihren Facetten zu genie\u00dfen. Erzengel Metatron erinnert dich daran, dass du in der Liebe verankert bist \u2013 heute, morgen und f\u00fcr alle Zeit.<\/p>\n<p data-start=\"911\" data-end=\"1065\">Jedes St\u00e4bchen wiegt etwa 1,6 bis 1,8 Gramm und entfaltet seinen Duft \u00fcber 65 bis 80 Minuten. Verpackt sind sie zu drei St\u00fcck, der Preis gilt pro St\u00fcck.<\/p>\n<p data-start=\"1067\" data-end=\"1318\">Insgesamt gibt es sieben Erzengel R\u00e4ucherst\u00e4bchen Sorten, jede mit einer einzigartigen Botschaft und einem besonderen Duft. Erzengel Metatron ist einer von ihnen \u2013 die weiteren Engel begleiten dich ebenso mit Schutz, Klarheit, Heilung und Geborgenheit.<\/p>\n<p data-start=\"1320\" data-end=\"1482\">Diese R\u00e4ucherst\u00e4bchen sind mehr als nur ein Duft. Sie sind ein Ausdruck lebendiger Liebe, ein Geschenk des Lichts und eine Quelle tiefer Freude f\u00fcr deine Seele.<\/p>\n","protected":false},"excerpt":{"rendered":"<p>Wenn wir uns nach Licht, Freude und der Kraft der Liebe sehnen, begleitet uns Erzengel Metatron. Die Natural Yogi &amp; Yogini R\u00e4ucherst\u00e4bchen Erzengel Metatron entstehen in sorgf\u00e4ltiger Handarbeit in Indien, mit Achtsamkeit aus den besten nat\u00fcrlichen Zutaten gefertigt. Sie tragen die Energie von Lebendigkeit, innerer Klarheit und ewiger Liebe in sich. Der warme, blumige Duft [&hellip;]<\/p>\n<p><a class=\"read-more\" href=\"https:\/\/www.bynaldis-shop.com\/?product=raeucherstaebchen-erzengel-metatron\">Mehr lesen<span class=\"meta-nav\">&rarr;<\/span><\/a><\/p>\n","protected":false},"featured_media":10380,"template":"","meta":[],"product_brand":[],"product_cat":[250],"product_tag":[],"class_list":{"0":"post-10379","1":"product","2":"type-product","3":"status-publish","4":"has-post-thumbnail","6":"product_cat-packung","8":"first","9":"instock","10":"taxable","11":"shipping-taxable","12":"purchasable","13":"product-type-simple"},"_links":{"self":[{"href":"https:\/\/www.bynaldis-shop.com\/index.php?rest_route=\/wp\/v2\/product\/10379","targetHints":{"allow":["GET"]}}],"collection":[{"href":"https:\/\/www.bynaldis-shop.com\/index.php?rest_route=\/wp\/v2\/product"}],"about":[{"href":"https:\/\/www.bynaldis-shop.com\/index.php?rest_route=\/wp\/v2\/types\/product"}],"wp:featuredmedia":[{"embeddable":true,"href":"https:\/\/www.bynaldis-shop.com\/index.php?rest_route=\/wp\/v2\/media\/10380"}],"wp:attachment":[{"href":"https:\/\/www.bynaldis-shop.com\/index.php?rest_route=%2Fwp%2Fv2%2Fmedia&parent=10379"}],"wp:term":[{"taxonomy":"product_brand","embeddable":true,"href":"https:\/\/www.bynaldis-shop.com\/index.php?rest_route=%2Fwp%2Fv2%2Fproduct_brand&post=10379"},{"taxonomy":"product_cat","embeddable":true,"href":"https:\/\/www.bynaldis-shop.com\/index.php?rest_route=%2Fwp%2Fv2%2Fproduct_cat&post=10379"},{"taxonomy":"product_tag","embeddable":true,"href":"https:\/\/www.bynaldis-shop.com\/index.php?rest_route=%2Fwp%2Fv2%2Fproduct_tag&post=10379"}],"curies":[{"name":"wp","href":"https:\/\/api.w.org\/{rel}","templated":true}]}}