{"id":10373,"date":"2025-09-17T19:27:00","date_gmt":"2025-09-17T17:27:00","guid":{"rendered":"https:\/\/www.bynaldis-shop.com\/?post_type=product&#038;p=10373"},"modified":"2025-10-28T11:35:31","modified_gmt":"2025-10-28T10:35:31","slug":"raeucherstaebchen-erzengel-uriel","status":"publish","type":"product","link":"https:\/\/www.bynaldis-shop.com\/?product=raeucherstaebchen-erzengel-uriel","title":{"rendered":"R\u00e4ucherst\u00e4bchen Erzengel Uriel"},"content":{"rendered":"<p data-start=\"155\" data-end=\"556\">Wenn wir uns nach Klarheit sehnen, nach dem Licht, das uns den Weg weist, dann begleitet uns Engel Uriel. Die Natural Yogi &amp; Yogini R\u00e4ucherst\u00e4bchen Engel Uriel werden in liebevoller Handarbeit in Indien hergestellt, aus den reinsten nat\u00fcrlichen Zutaten gerollt, und tragen die Energie von Erkenntnis, Mut und innerer Kraft in sich.<\/p>\n<p data-start=\"558\" data-end=\"922\">Der erdige, kraftvolle Duft von Patchouli entz\u00fcndet in dir das Feuer des reinen Bewusstseins und schenkt deinem Sein neue Fl\u00fcgel. Engel Uriel bringt dir das Licht der Einsicht und ermutigt dich, deinen Weg weiterzugehen, selbst wenn die Schritte schwer erscheinen. Er erinnert dich daran, dass in dir immer ein inneres Licht brennt, das dir Orientierung schenkt.<\/p>\n<p data-start=\"924\" data-end=\"1077\">Jedes St\u00e4bchen wiegt etwa 1,6 bis 1,8 Gramm und verstr\u00f6mt seinen Duft f\u00fcr 65 bis 80 Minuten. Verpackt sind sie zu drei St\u00fcck, der Preis gilt pro St\u00fcck.<\/p>\n<p data-start=\"1079\" data-end=\"1337\">Insgesamt gibt es sieben Erzengel R\u00e4ucherst\u00e4bchen Sorten, jede mit einer besonderen Botschaft und einem einzigartigen Duft. Engel Uriel ist einer von ihnen \u2013 die weiteren sechs Engel laden dich ebenso dazu ein, Frieden, Liebe und innere St\u00e4rke zu erfahren.<\/p>\n<p data-start=\"1339\" data-end=\"1479\">Diese R\u00e4ucherst\u00e4bchen sind mehr als nur ein Duft. Sie sind ein Zeichen des Lichts, eine Quelle des Mutes und ein Geschenk f\u00fcr deine Seele.<\/p>\n","protected":false},"excerpt":{"rendered":"<p>Wenn wir uns nach Klarheit sehnen, nach dem Licht, das uns den Weg weist, dann begleitet uns Engel Uriel. Die Natural Yogi &amp; Yogini R\u00e4ucherst\u00e4bchen Engel Uriel werden in liebevoller Handarbeit in Indien hergestellt, aus den reinsten nat\u00fcrlichen Zutaten gerollt, und tragen die Energie von Erkenntnis, Mut und innerer Kraft in sich. Der erdige, kraftvolle [&hellip;]<\/p>\n<p><a class=\"read-more\" href=\"https:\/\/www.bynaldis-shop.com\/?product=raeucherstaebchen-erzengel-uriel\">Mehr lesen<span class=\"meta-nav\">&rarr;<\/span><\/a><\/p>\n","protected":false},"featured_media":10374,"template":"","meta":[],"product_brand":[],"product_cat":[250],"product_tag":[],"class_list":{"0":"post-10373","1":"product","2":"type-product","3":"status-publish","4":"has-post-thumbnail","6":"product_cat-packung","8":"first","9":"instock","10":"taxable","11":"shipping-taxable","12":"purchasable","13":"product-type-simple"},"_links":{"self":[{"href":"https:\/\/www.bynaldis-shop.com\/index.php?rest_route=\/wp\/v2\/product\/10373","targetHints":{"allow":["GET"]}}],"collection":[{"href":"https:\/\/www.bynaldis-shop.com\/index.php?rest_route=\/wp\/v2\/product"}],"about":[{"href":"https:\/\/www.bynaldis-shop.com\/index.php?rest_route=\/wp\/v2\/types\/product"}],"wp:featuredmedia":[{"embeddable":true,"href":"https:\/\/www.bynaldis-shop.com\/index.php?rest_route=\/wp\/v2\/media\/10374"}],"wp:attachment":[{"href":"https:\/\/www.bynaldis-shop.com\/index.php?rest_route=%2Fwp%2Fv2%2Fmedia&parent=10373"}],"wp:term":[{"taxonomy":"product_brand","embeddable":true,"href":"https:\/\/www.bynaldis-shop.com\/index.php?rest_route=%2Fwp%2Fv2%2Fproduct_brand&post=10373"},{"taxonomy":"product_cat","embeddable":true,"href":"https:\/\/www.bynaldis-shop.com\/index.php?rest_route=%2Fwp%2Fv2%2Fproduct_cat&post=10373"},{"taxonomy":"product_tag","embeddable":true,"href":"https:\/\/www.bynaldis-shop.com\/index.php?rest_route=%2Fwp%2Fv2%2Fproduct_tag&post=10373"}],"curies":[{"name":"wp","href":"https:\/\/api.w.org\/{rel}","templated":true}]}}