{"id":10360,"date":"2025-09-16T09:17:11","date_gmt":"2025-09-16T07:17:11","guid":{"rendered":"https:\/\/www.bynaldis-shop.com\/?post_type=product&#038;p=10360"},"modified":"2025-10-28T08:36:40","modified_gmt":"2025-10-28T07:36:40","slug":"notizheft-fahrrad-fuer-all-deine-freien-gedanken","status":"publish","type":"product","link":"https:\/\/www.bynaldis-shop.com\/?product=notizheft-fahrrad-fuer-all-deine-freien-gedanken","title":{"rendered":"Notizheft Fahrrad &#8211; f\u00fcr all deine freien Gedanken"},"content":{"rendered":"<p data-start=\"135\" data-end=\"442\"><strong data-start=\"135\" data-end=\"171\">Ein Notizheft f\u00fcr freie Gedanken<\/strong><br data-start=\"171\" data-end=\"174\" \/>Manchmal braucht es nur einen Moment der Ruhe, um die sch\u00f6nsten Gedanken zu sammeln \u2013 wie der Anblick eines Fahrrads am Strand bei Sonnenuntergang, wenn die Welt still zu stehen scheint. Genau diese Leichtigkeit und Inspiration h\u00e4lt dieses Notizheft f\u00fcr dich bereit.<\/p>\n<p data-start=\"444\" data-end=\"735\">Mit 52 linierten Seiten bietet es gen\u00fcgend Raum f\u00fcr deine Notizen, Ideen und Tr\u00e4ume. Das hochwertige, strukturierte Naturpapier des Covers erzeugt ein angenehmes haptisches Erlebnis, w\u00e4hrend die farbige, gen\u00e4hte Fadenheftung dem Heft Stabilit\u00e4t und eine besondere, charmante Note verleiht.<\/p>\n<p data-start=\"737\" data-end=\"918\">Dieses Notizheft ist mehr als nur Papier \u2013 es ist ein kleiner R\u00fcckzugsort f\u00fcr deine Gedanken, ein Begleiter, der dich erinnert, die leisen, sch\u00f6nen Momente des Lebens zu genie\u00dfen.<\/p>\n<p data-start=\"920\" data-end=\"1141\">Und falls du noch mehr Inspiration suchst: In unserem Shop findest du weitere Notizhefte und Notizb\u00fccher, jedes einzelne mit viel Liebe gestaltet \u2013 f\u00fcr dich, f\u00fcr deine Tr\u00e4ume, f\u00fcr die besonderen Augenblicke des Alltags.<\/p>\n","protected":false},"excerpt":{"rendered":"<p>Ein Notizheft f\u00fcr freie GedankenManchmal braucht es nur einen Moment der Ruhe, um die sch\u00f6nsten Gedanken zu sammeln \u2013 wie der Anblick eines Fahrrads am Strand bei Sonnenuntergang, wenn die Welt still zu stehen scheint. Genau diese Leichtigkeit und Inspiration h\u00e4lt dieses Notizheft f\u00fcr dich bereit. Mit 52 linierten Seiten bietet es gen\u00fcgend Raum f\u00fcr [&hellip;]<\/p>\n<p><a class=\"read-more\" href=\"https:\/\/www.bynaldis-shop.com\/?product=notizheft-fahrrad-fuer-all-deine-freien-gedanken\">Mehr lesen<span class=\"meta-nav\">&rarr;<\/span><\/a><\/p>\n","protected":false},"featured_media":10361,"template":"","meta":[],"product_brand":[],"product_cat":[190],"product_tag":[],"class_list":{"0":"post-10360","1":"product","2":"type-product","3":"status-publish","4":"has-post-thumbnail","6":"product_cat-notizhefte","8":"first","9":"instock","10":"taxable","11":"shipping-taxable","12":"purchasable","13":"product-type-simple"},"_links":{"self":[{"href":"https:\/\/www.bynaldis-shop.com\/index.php?rest_route=\/wp\/v2\/product\/10360","targetHints":{"allow":["GET"]}}],"collection":[{"href":"https:\/\/www.bynaldis-shop.com\/index.php?rest_route=\/wp\/v2\/product"}],"about":[{"href":"https:\/\/www.bynaldis-shop.com\/index.php?rest_route=\/wp\/v2\/types\/product"}],"wp:featuredmedia":[{"embeddable":true,"href":"https:\/\/www.bynaldis-shop.com\/index.php?rest_route=\/wp\/v2\/media\/10361"}],"wp:attachment":[{"href":"https:\/\/www.bynaldis-shop.com\/index.php?rest_route=%2Fwp%2Fv2%2Fmedia&parent=10360"}],"wp:term":[{"taxonomy":"product_brand","embeddable":true,"href":"https:\/\/www.bynaldis-shop.com\/index.php?rest_route=%2Fwp%2Fv2%2Fproduct_brand&post=10360"},{"taxonomy":"product_cat","embeddable":true,"href":"https:\/\/www.bynaldis-shop.com\/index.php?rest_route=%2Fwp%2Fv2%2Fproduct_cat&post=10360"},{"taxonomy":"product_tag","embeddable":true,"href":"https:\/\/www.bynaldis-shop.com\/index.php?rest_route=%2Fwp%2Fv2%2Fproduct_tag&post=10360"}],"curies":[{"name":"wp","href":"https:\/\/api.w.org\/{rel}","templated":true}]}}