{"id":10357,"date":"2025-09-16T09:11:50","date_gmt":"2025-09-16T07:11:50","guid":{"rendered":"https:\/\/www.bynaldis-shop.com\/?post_type=product&#038;p=10357"},"modified":"2025-10-28T08:36:48","modified_gmt":"2025-10-28T07:36:48","slug":"notizbuch-blumen-ein-buch-fuer-all-die-schoenen-dinge","status":"publish","type":"product","link":"https:\/\/www.bynaldis-shop.com\/?product=notizbuch-blumen-ein-buch-fuer-all-die-schoenen-dinge","title":{"rendered":"Notizheft Pretty Things &#8211; Ein Heft f\u00fcr all die sch\u00f6nen Dinge"},"content":{"rendered":"<p data-start=\"191\" data-end=\"441\"><strong data-start=\"191\" data-end=\"234\">Ein Notizheft f\u00fcr all die sch\u00f6nen Dinge<\/strong><br data-start=\"234\" data-end=\"237\" \/>Manchmal sind es die kleinen, besonderen Momente, die unser Leben besonders machen \u2013 Gedanken, Ideen, Erinnerungen, die wir bewahren m\u00f6chten. Genau daf\u00fcr ist dieses Notizheft \u201ePretty Things\u201c geschaffen.<\/p>\n<p data-start=\"443\" data-end=\"746\">Mit 52 linierten Seiten bietet es genug Platz f\u00fcr deine Notizen, Skizzen oder kleinen Geistesblitze. Das hochwertige, strukturierte Naturpapier des Covers erzeugt ein feines haptisches Erlebnis, w\u00e4hrend die farbige, gen\u00e4hte Fadenheftung dem Heft Stabilit\u00e4t und eine charmante, besondere Note verleiht.<\/p>\n<p data-start=\"748\" data-end=\"922\">Dieses Notizheft ist mehr als nur Papier \u2013 es ist ein liebevoller Begleiter f\u00fcr deine t\u00e4glichen Gedanken und ein Ort, an dem du alles sammeln kannst, was dein Herz erfreut.<\/p>\n<p data-start=\"924\" data-end=\"1145\">Und falls du noch mehr entdecken m\u00f6chtest: In unserem Shop findest du weitere Notizhefte und Notizb\u00fccher, jedes einzelne mit viel Liebe gestaltet \u2013 f\u00fcr dich, f\u00fcr deine Ideen, f\u00fcr all die \u201ePretty Things\u201c in deinem Leben.<\/p>\n","protected":false},"excerpt":{"rendered":"<p>Ein Notizheft f\u00fcr all die sch\u00f6nen DingeManchmal sind es die kleinen, besonderen Momente, die unser Leben besonders machen \u2013 Gedanken, Ideen, Erinnerungen, die wir bewahren m\u00f6chten. Genau daf\u00fcr ist dieses Notizheft \u201ePretty Things\u201c geschaffen. Mit 52 linierten Seiten bietet es genug Platz f\u00fcr deine Notizen, Skizzen oder kleinen Geistesblitze. Das hochwertige, strukturierte Naturpapier des Covers [&hellip;]<\/p>\n<p><a class=\"read-more\" href=\"https:\/\/www.bynaldis-shop.com\/?product=notizbuch-blumen-ein-buch-fuer-all-die-schoenen-dinge\">Mehr lesen<span class=\"meta-nav\">&rarr;<\/span><\/a><\/p>\n","protected":false},"featured_media":10358,"template":"","meta":[],"product_brand":[],"product_cat":[190],"product_tag":[],"class_list":{"0":"post-10357","1":"product","2":"type-product","3":"status-publish","4":"has-post-thumbnail","6":"product_cat-notizhefte","8":"first","9":"instock","10":"taxable","11":"shipping-taxable","12":"purchasable","13":"product-type-simple"},"_links":{"self":[{"href":"https:\/\/www.bynaldis-shop.com\/index.php?rest_route=\/wp\/v2\/product\/10357","targetHints":{"allow":["GET"]}}],"collection":[{"href":"https:\/\/www.bynaldis-shop.com\/index.php?rest_route=\/wp\/v2\/product"}],"about":[{"href":"https:\/\/www.bynaldis-shop.com\/index.php?rest_route=\/wp\/v2\/types\/product"}],"wp:featuredmedia":[{"embeddable":true,"href":"https:\/\/www.bynaldis-shop.com\/index.php?rest_route=\/wp\/v2\/media\/10358"}],"wp:attachment":[{"href":"https:\/\/www.bynaldis-shop.com\/index.php?rest_route=%2Fwp%2Fv2%2Fmedia&parent=10357"}],"wp:term":[{"taxonomy":"product_brand","embeddable":true,"href":"https:\/\/www.bynaldis-shop.com\/index.php?rest_route=%2Fwp%2Fv2%2Fproduct_brand&post=10357"},{"taxonomy":"product_cat","embeddable":true,"href":"https:\/\/www.bynaldis-shop.com\/index.php?rest_route=%2Fwp%2Fv2%2Fproduct_cat&post=10357"},{"taxonomy":"product_tag","embeddable":true,"href":"https:\/\/www.bynaldis-shop.com\/index.php?rest_route=%2Fwp%2Fv2%2Fproduct_tag&post=10357"}],"curies":[{"name":"wp","href":"https:\/\/api.w.org\/{rel}","templated":true}]}}