{"id":10319,"date":"2025-09-09T10:20:35","date_gmt":"2025-09-09T08:20:35","guid":{"rendered":"https:\/\/www.bynaldis-shop.com\/?post_type=product&#038;p=10319"},"modified":"2025-09-09T10:29:37","modified_gmt":"2025-09-09T08:29:37","slug":"kerzenstaender-lieblingsplatz-3","status":"publish","type":"product","link":"https:\/\/www.bynaldis-shop.com\/?product=kerzenstaender-lieblingsplatz-3","title":{"rendered":"Kerzenst\u00e4nder \u201eLieblingsplatz 3\u201c"},"content":{"rendered":"<p data-start=\"65\" data-end=\"126\"><strong data-start=\"65\" data-end=\"119\">Kerzenst\u00e4nder \u201eLieblingsplatz\u201c\u00a0<\/strong><\/p>\n<p data-start=\"128\" data-end=\"310\">Diese zauberhaften Kerzenst\u00e4nder auf runden Baumscheiben aus Pappelholz sind mit liebevoller, goldener Schrift verziert.<\/p>\n<p data-start=\"312\" data-end=\"591\">Der wei\u00dfe Holzhalter tr\u00e4gt eine elegante Stabkerze und schafft eine warme, einladende Atmosph\u00e4re in deinem Zuhause. Ob als Oase der Ruhe und des Schutzes oder als pers\u00f6nlicher Wohlf\u00fchlort \u2013 diese Kerzenst\u00e4nder schenken dir wertvolle Momente der Besinnlichkeit und Geborgenheit.<\/p>\n<p data-start=\"593\" data-end=\"604\"><strong data-start=\"593\" data-end=\"602\">Ma\u00dfe:<\/strong><\/p>\n<ul data-start=\"605\" data-end=\"669\">\n<li data-start=\"605\" data-end=\"621\">\n<p data-start=\"607\" data-end=\"621\">H\u00f6he: 6,5 cm<\/p>\n<\/li>\n<li data-start=\"622\" data-end=\"644\">\n<p data-start=\"624\" data-end=\"644\">Durchmesser: 10 cm<\/p>\n<\/li>\n<li data-start=\"645\" data-end=\"669\">\n<p data-start=\"647\" data-end=\"669\">Material: Pappelholz<\/p>\n<\/li>\n<\/ul>\n<p data-start=\"671\" data-end=\"818\"><strong data-start=\"671\" data-end=\"683\">Wichtig:<\/strong> Bitte trage bei der Bestellung im Betreff-Feld ein, welche Farbe deine Kerze haben darf: Rosa, Jade, Taupe, Olive mit<\/p>\n<p data-start=\"671\" data-end=\"818\">Passend zu unseren liebevoll gestalteten Kerzenleuchtern findest du in unserem Shop eine feine Auswahl an wundersch\u00f6nen Stabkerzen. Lass dich inspirieren und erg\u00e4nze dein Wohnambiente mit den perfekten Kerzen \u2013 f\u00fcr stimmungsvolle Momente und warmes Licht. Schau gern vorbei und entdecke deine neuen Lieblingskerzen!<\/p>\n","protected":false},"excerpt":{"rendered":"<p>Kerzenst\u00e4nder \u201eLieblingsplatz\u201c\u00a0 Diese zauberhaften Kerzenst\u00e4nder auf runden Baumscheiben aus Pappelholz sind mit liebevoller, goldener Schrift verziert. Der wei\u00dfe Holzhalter tr\u00e4gt eine elegante Stabkerze und schafft eine warme, einladende Atmosph\u00e4re in deinem Zuhause. Ob als Oase der Ruhe und des Schutzes oder als pers\u00f6nlicher Wohlf\u00fchlort \u2013 diese Kerzenst\u00e4nder schenken dir wertvolle Momente der Besinnlichkeit und Geborgenheit. [&hellip;]<\/p>\n<p><a class=\"read-more\" href=\"https:\/\/www.bynaldis-shop.com\/?product=kerzenstaender-lieblingsplatz-3\">Mehr lesen<span class=\"meta-nav\">&rarr;<\/span><\/a><\/p>\n","protected":false},"featured_media":10325,"template":"","meta":[],"product_brand":[],"product_cat":[263,273,274],"product_tag":[],"class_list":{"0":"post-10319","1":"product","2":"type-product","3":"status-publish","4":"has-post-thumbnail","6":"product_cat-stabkerzen-und-halter","7":"product_cat-haeuser","8":"product_cat-lichter","10":"first","11":"instock","12":"taxable","13":"shipping-taxable","14":"purchasable","15":"product-type-simple"},"_links":{"self":[{"href":"https:\/\/www.bynaldis-shop.com\/index.php?rest_route=\/wp\/v2\/product\/10319","targetHints":{"allow":["GET"]}}],"collection":[{"href":"https:\/\/www.bynaldis-shop.com\/index.php?rest_route=\/wp\/v2\/product"}],"about":[{"href":"https:\/\/www.bynaldis-shop.com\/index.php?rest_route=\/wp\/v2\/types\/product"}],"wp:featuredmedia":[{"embeddable":true,"href":"https:\/\/www.bynaldis-shop.com\/index.php?rest_route=\/wp\/v2\/media\/10325"}],"wp:attachment":[{"href":"https:\/\/www.bynaldis-shop.com\/index.php?rest_route=%2Fwp%2Fv2%2Fmedia&parent=10319"}],"wp:term":[{"taxonomy":"product_brand","embeddable":true,"href":"https:\/\/www.bynaldis-shop.com\/index.php?rest_route=%2Fwp%2Fv2%2Fproduct_brand&post=10319"},{"taxonomy":"product_cat","embeddable":true,"href":"https:\/\/www.bynaldis-shop.com\/index.php?rest_route=%2Fwp%2Fv2%2Fproduct_cat&post=10319"},{"taxonomy":"product_tag","embeddable":true,"href":"https:\/\/www.bynaldis-shop.com\/index.php?rest_route=%2Fwp%2Fv2%2Fproduct_tag&post=10319"}],"curies":[{"name":"wp","href":"https:\/\/api.w.org\/{rel}","templated":true}]}}