{"id":10275,"date":"2025-08-27T12:13:21","date_gmt":"2025-08-27T10:13:21","guid":{"rendered":"https:\/\/www.bynaldis-shop.com\/?post_type=product&#038;p=10275"},"modified":"2025-10-28T08:37:56","modified_gmt":"2025-10-28T07:37:56","slug":"raeucherstaebchenhalter-blume-des-lebens-mangoholz","status":"publish","type":"product","link":"https:\/\/www.bynaldis-shop.com\/?product=raeucherstaebchenhalter-blume-des-lebens-mangoholz","title":{"rendered":"R\u00e4ucherst\u00e4bchenhalter Blume des Lebens Mangoholz"},"content":{"rendered":"<p class=\"\" data-start=\"817\" data-end=\"987\">Ein verzierter R\u00e4uchergef\u00e4\u00df mit detaillierter Blume des Lebens Verzierung.<br data-start=\"891\" data-end=\"894\" \/>Geeignet zum Abbrennen von d\u00fcnnen R\u00e4ucherst\u00e4bchen, wie indische und japanische R\u00e4ucherware.<\/p>\n<p class=\"\" data-start=\"989\" data-end=\"1166\"><strong data-start=\"989\" data-end=\"1016\">Symbol Blume des Lebens<\/strong><br data-start=\"1016\" data-end=\"1019\" \/>Die Blume des Lebens ist eines der kraftvollsten Symbole in der Natur. Es ist eine alte Metapher f\u00fcr die Verbundenheit allen Lebens im Universum.<\/p>\n<p data-start=\"989\" data-end=\"1166\">12,5&#215;12,5&#215;2,5 cm<\/p>\n","protected":false},"excerpt":{"rendered":"<p>Ein verzierter R\u00e4uchergef\u00e4\u00df mit detaillierter Blume des Lebens Verzierung.Geeignet zum Abbrennen von d\u00fcnnen R\u00e4ucherst\u00e4bchen, wie indische und japanische R\u00e4ucherware. Symbol Blume des LebensDie Blume des Lebens ist eines der kraftvollsten Symbole in der Natur. Es ist eine alte Metapher f\u00fcr die Verbundenheit allen Lebens im Universum. 12,5&#215;12,5&#215;2,5 cm<\/p>\n<p><a class=\"read-more\" href=\"https:\/\/www.bynaldis-shop.com\/?product=raeucherstaebchenhalter-blume-des-lebens-mangoholz\">Mehr lesen<span class=\"meta-nav\">&rarr;<\/span><\/a><\/p>\n","protected":false},"featured_media":10340,"template":"","meta":[],"product_brand":[],"product_cat":[252],"product_tag":[],"class_list":{"0":"post-10275","1":"product","2":"type-product","3":"status-publish","4":"has-post-thumbnail","6":"product_cat-zubehoer","8":"first","9":"instock","10":"taxable","11":"shipping-taxable","12":"purchasable","13":"product-type-simple"},"_links":{"self":[{"href":"https:\/\/www.bynaldis-shop.com\/index.php?rest_route=\/wp\/v2\/product\/10275","targetHints":{"allow":["GET"]}}],"collection":[{"href":"https:\/\/www.bynaldis-shop.com\/index.php?rest_route=\/wp\/v2\/product"}],"about":[{"href":"https:\/\/www.bynaldis-shop.com\/index.php?rest_route=\/wp\/v2\/types\/product"}],"wp:featuredmedia":[{"embeddable":true,"href":"https:\/\/www.bynaldis-shop.com\/index.php?rest_route=\/wp\/v2\/media\/10340"}],"wp:attachment":[{"href":"https:\/\/www.bynaldis-shop.com\/index.php?rest_route=%2Fwp%2Fv2%2Fmedia&parent=10275"}],"wp:term":[{"taxonomy":"product_brand","embeddable":true,"href":"https:\/\/www.bynaldis-shop.com\/index.php?rest_route=%2Fwp%2Fv2%2Fproduct_brand&post=10275"},{"taxonomy":"product_cat","embeddable":true,"href":"https:\/\/www.bynaldis-shop.com\/index.php?rest_route=%2Fwp%2Fv2%2Fproduct_cat&post=10275"},{"taxonomy":"product_tag","embeddable":true,"href":"https:\/\/www.bynaldis-shop.com\/index.php?rest_route=%2Fwp%2Fv2%2Fproduct_tag&post=10275"}],"curies":[{"name":"wp","href":"https:\/\/api.w.org\/{rel}","templated":true}]}}