{"id":10273,"date":"2025-08-27T12:13:09","date_gmt":"2025-08-27T10:13:09","guid":{"rendered":"https:\/\/www.bynaldis-shop.com\/?post_type=product&#038;p=10273"},"modified":"2025-10-28T08:38:00","modified_gmt":"2025-10-28T07:38:00","slug":"raeucherstaebchenhalter-blume-des-lebens-selenit","status":"publish","type":"product","link":"https:\/\/www.bynaldis-shop.com\/?product=raeucherstaebchenhalter-blume-des-lebens-selenit","title":{"rendered":"R\u00e4ucherst\u00e4bchenhalter Blume des Lebens Selenit"},"content":{"rendered":"<p>R\u00e4ucherst\u00e4bchenhalter aus Selenit (Satinspat) mit goldfarbenem eingraviertem Symbol der Blume des Lebens.<br \/>\nZum Verbrennen d\u00fcnner R\u00e4ucherst\u00e4bchen.<br \/>\nH\u00f6he: \u00b12,5-2,8 cm<\/p>\n<p><strong>Selenit und Satinspat<\/strong><br \/>\nViele Produkte auf dem Markt, die als Selenit bezeichnet werden, bestehen tats\u00e4chlich aus Satinspat. Selenit ist ein ziemlich transparenter Kristall, w\u00e4hrend Satinspat eher wei\u00df gef\u00e4rbt ist. Der Name Selenit stammt von der griechischen Mondg\u00f6ttin Selene, wegen des sanften mond\u00e4hnlichen Schimmers bei Lichteinfall. Selenit und Satinspat sind beide mit dem sechsten Chakra (dem dritten Auge) und dem siebten Chakra auf der Krone verbunden. Ideal f\u00fcr Meditation, Konzentration und \u00d6ffnung Ihres h\u00f6heren Bewusstseins.<\/p>\n<p><strong>Symbol der Blume des Lebens<\/strong><br \/>\nDie\u00a0Blume des Lebens\u00a0symbolisiert die Einheit von allem in der Sch\u00f6pfung des Lebens. Es zeigt, dass wir alle der gleichen Blaupause nachempfunden sind und ein starkes Symbol innerhalb der heiligen Geometrie sind.<\/p>\n","protected":false},"excerpt":{"rendered":"<p>R\u00e4ucherst\u00e4bchenhalter aus Selenit (Satinspat) mit goldfarbenem eingraviertem Symbol der Blume des Lebens. Zum Verbrennen d\u00fcnner R\u00e4ucherst\u00e4bchen. H\u00f6he: \u00b12,5-2,8 cm Selenit und Satinspat Viele Produkte auf dem Markt, die als Selenit bezeichnet werden, bestehen tats\u00e4chlich aus Satinspat. Selenit ist ein ziemlich transparenter Kristall, w\u00e4hrend Satinspat eher wei\u00df gef\u00e4rbt ist. Der Name Selenit stammt von der griechischen [&hellip;]<\/p>\n<p><a class=\"read-more\" href=\"https:\/\/www.bynaldis-shop.com\/?product=raeucherstaebchenhalter-blume-des-lebens-selenit\">Mehr lesen<span class=\"meta-nav\">&rarr;<\/span><\/a><\/p>\n","protected":false},"featured_media":10341,"template":"","meta":[],"product_brand":[],"product_cat":[252],"product_tag":[],"class_list":{"0":"post-10273","1":"product","2":"type-product","3":"status-publish","4":"has-post-thumbnail","6":"product_cat-zubehoer","8":"first","9":"instock","10":"taxable","11":"shipping-taxable","12":"purchasable","13":"product-type-simple"},"_links":{"self":[{"href":"https:\/\/www.bynaldis-shop.com\/index.php?rest_route=\/wp\/v2\/product\/10273","targetHints":{"allow":["GET"]}}],"collection":[{"href":"https:\/\/www.bynaldis-shop.com\/index.php?rest_route=\/wp\/v2\/product"}],"about":[{"href":"https:\/\/www.bynaldis-shop.com\/index.php?rest_route=\/wp\/v2\/types\/product"}],"wp:featuredmedia":[{"embeddable":true,"href":"https:\/\/www.bynaldis-shop.com\/index.php?rest_route=\/wp\/v2\/media\/10341"}],"wp:attachment":[{"href":"https:\/\/www.bynaldis-shop.com\/index.php?rest_route=%2Fwp%2Fv2%2Fmedia&parent=10273"}],"wp:term":[{"taxonomy":"product_brand","embeddable":true,"href":"https:\/\/www.bynaldis-shop.com\/index.php?rest_route=%2Fwp%2Fv2%2Fproduct_brand&post=10273"},{"taxonomy":"product_cat","embeddable":true,"href":"https:\/\/www.bynaldis-shop.com\/index.php?rest_route=%2Fwp%2Fv2%2Fproduct_cat&post=10273"},{"taxonomy":"product_tag","embeddable":true,"href":"https:\/\/www.bynaldis-shop.com\/index.php?rest_route=%2Fwp%2Fv2%2Fproduct_tag&post=10273"}],"curies":[{"name":"wp","href":"https:\/\/api.w.org\/{rel}","templated":true}]}}