{"id":10227,"date":"2025-08-14T19:35:40","date_gmt":"2025-08-14T17:35:40","guid":{"rendered":"https:\/\/www.bynaldis-shop.com\/?post_type=product&#038;p=10227"},"modified":"2025-09-16T07:51:59","modified_gmt":"2025-09-16T05:51:59","slug":"orakel-die-weisheit-der-vier-winde-von-barry-brailsford","status":"publish","type":"product","link":"https:\/\/www.bynaldis-shop.com\/?product=orakel-die-weisheit-der-vier-winde-von-barry-brailsford","title":{"rendered":"Orakel Die Weisheit der vier Winde von Barry Brailsford"},"content":{"rendered":"<p data-start=\"138\" data-end=\"226\"><strong data-start=\"138\" data-end=\"224\">Weisheit der Vier Winde \u2013 Orakelset mit 50 Karten und 300-seitigem gebundenen Buch<\/strong><\/p>\n<p data-start=\"228\" data-end=\"674\">\u201eWeisheit der Vier Winde\u201c ist eine einzigartige Sammlung von Ratschl\u00e4gen f\u00fcr alle, die auf der Suche nach Selbsterkenntnis, innerer Harmonie und einem tieferen Verst\u00e4ndnis ihrer eigenen Reise sind. Barry Brailsford hat die Weisheiten der Ureinwohner Neuseelands in Gedichten, erkl\u00e4renden Texten und Lesungen zusammengetragen, w\u00e4hrend die bekannte japanische Illustratorin Cecilie Okada das Set zu einem wundersch\u00f6nen Gesamtkunstwerk gestaltete.<\/p>\n<p data-start=\"676\" data-end=\"1000\">Die 50 Weisheitskarten sind kein Ziel, sondern ein Wegweiser. Sie helfen dir, deine inneren St\u00e4rken zu erkennen, Einsicht zu gewinnen und Hoffnung zu sch\u00f6pfen. Sie schenken Klarheit, Inspiration und Anregungen f\u00fcr deine pers\u00f6nliche Reise, deine Heilung, dein Potenzial, deine Kraft und vor allem f\u00fcr deine eigene Wahrheit.<\/p>\n<p data-start=\"1002\" data-end=\"1324\">Dieses Orakel ist kein Tarot, es sagt deine Zukunft nicht vorher und erzeugt keine Angst. Stattdessen schenkt es dir einen Moment der Pause, in dem die \u201eKraft des Zufalls\u201c wirken kann und dich auf neue Wege f\u00fchrt. Manche nennen diesen Raum das Reich des Geistes, andere dein h\u00f6heres Selbst oder den weisen Ort der Alten.<\/p>\n<p data-start=\"1326\" data-end=\"1703\">Die Maori-\u00c4ltesten Neuseelands baten Barry, ihre heiligen \u00dcberlieferungen auf diese Weise zu teilen. In ihrer Kultur ist alles miteinander verbunden \u2013 lebendiger Geist, offen f\u00fcr jeden, der bereit ist, ihn auf seiner Reise zu entdecken. Diese Weisheiten stammen aus universellen Wahrheiten, die Kultur, Zeit und Rasse \u00fcberdauern, und k\u00f6nnen so auch Teil deines Lebens werden.<\/p>\n<p data-start=\"1705\" data-end=\"1961\">Seit Jahren werden die Weisheitskarten von Tausenden Menschen in ihren eigenen vier W\u00e4nden, von Ratgebern, Psychologen und Lehrern genutzt, um neue Pfade zu \u00f6ffnen. Sie haben sich als wertvolle Begleiter erwiesen \u2013 und werden es noch viele Jahre bleiben.<\/p>\n<p data-start=\"1963\" data-end=\"2254\">Das Set aus 50 kunstvoll illustrierten Karten und dem umfassenden 300-seitigen Hauptbuch erm\u00f6glicht es dir, innezuhalten, deine Situation zu betrachten und dich von einem Kaitiaki, einem spirituellen F\u00fchrer, inspirieren zu lassen, der durch das zuf\u00e4llige Ziehen einer Karte zu dir spricht.<\/p>\n<p data-start=\"2256\" data-end=\"2645\">In der Maori-Welt Polynesiens hat alles und jeder eine geistige Heimat, das sogenannte <em data-start=\"2343\" data-end=\"2361\">Tu-ranga-wae-wae<\/em>, \u201eder Ort, an dem wir stehen\u201c. Dieses Heiligtum ist nicht zwingend unser Geburtsort, sondern ein Ort von Kraft, der aus vielen Bereichen kommt. Die \u201eWeisheit der Vier Winde\u201c hat ihre spirituelle Heimat in Neuseeland und ist ein au\u00dfergew\u00f6hnliches, universelles Geschenk an die Welt.<\/p>\n<p data-start=\"2256\" data-end=\"2645\">In unserem Shop findest du eine liebevoll zusammengestellte Auswahl weiterer Orakel, Kartensets und Begleitb\u00fccher. Jedes Orakel er\u00f6ffnet dir neue Einsichten, Impulse und kleine Momente der Ruhe und Selbstentdeckung. Entdecke die Vielfalt unserer Kollektion, lass dich verzaubern und finde genau das Orakel, das dich auf deinem Weg begleitet.<\/p>\n<p data-start=\"2256\" data-end=\"2645\">\n","protected":false},"excerpt":{"rendered":"<p>Weisheit der Vier Winde \u2013 Orakelset mit 50 Karten und 300-seitigem gebundenen Buch \u201eWeisheit der Vier Winde\u201c ist eine einzigartige Sammlung von Ratschl\u00e4gen f\u00fcr alle, die auf der Suche nach Selbsterkenntnis, innerer Harmonie und einem tieferen Verst\u00e4ndnis ihrer eigenen Reise sind. Barry Brailsford hat die Weisheiten der Ureinwohner Neuseelands in Gedichten, erkl\u00e4renden Texten und Lesungen [&hellip;]<\/p>\n<p><a class=\"read-more\" href=\"https:\/\/www.bynaldis-shop.com\/?product=orakel-die-weisheit-der-vier-winde-von-barry-brailsford\">Mehr lesen<span class=\"meta-nav\">&rarr;<\/span><\/a><\/p>\n","protected":false},"featured_media":10229,"template":"","meta":[],"product_brand":[],"product_cat":[84],"product_tag":[],"class_list":{"0":"post-10227","1":"product","2":"type-product","3":"status-publish","4":"has-post-thumbnail","6":"product_cat-orakel","8":"first","9":"instock","10":"taxable","11":"shipping-taxable","12":"purchasable","13":"product-type-simple"},"_links":{"self":[{"href":"https:\/\/www.bynaldis-shop.com\/index.php?rest_route=\/wp\/v2\/product\/10227","targetHints":{"allow":["GET"]}}],"collection":[{"href":"https:\/\/www.bynaldis-shop.com\/index.php?rest_route=\/wp\/v2\/product"}],"about":[{"href":"https:\/\/www.bynaldis-shop.com\/index.php?rest_route=\/wp\/v2\/types\/product"}],"wp:featuredmedia":[{"embeddable":true,"href":"https:\/\/www.bynaldis-shop.com\/index.php?rest_route=\/wp\/v2\/media\/10229"}],"wp:attachment":[{"href":"https:\/\/www.bynaldis-shop.com\/index.php?rest_route=%2Fwp%2Fv2%2Fmedia&parent=10227"}],"wp:term":[{"taxonomy":"product_brand","embeddable":true,"href":"https:\/\/www.bynaldis-shop.com\/index.php?rest_route=%2Fwp%2Fv2%2Fproduct_brand&post=10227"},{"taxonomy":"product_cat","embeddable":true,"href":"https:\/\/www.bynaldis-shop.com\/index.php?rest_route=%2Fwp%2Fv2%2Fproduct_cat&post=10227"},{"taxonomy":"product_tag","embeddable":true,"href":"https:\/\/www.bynaldis-shop.com\/index.php?rest_route=%2Fwp%2Fv2%2Fproduct_tag&post=10227"}],"curies":[{"name":"wp","href":"https:\/\/api.w.org\/{rel}","templated":true}]}}