{"id":10204,"date":"2025-08-14T17:41:35","date_gmt":"2025-08-14T15:41:35","guid":{"rendered":"https:\/\/www.bynaldis-shop.com\/?post_type=product&#038;p=10204"},"modified":"2025-10-28T08:42:11","modified_gmt":"2025-10-28T07:42:11","slug":"orakel-sacred-forest-von-dennis-linn-demnaechst-lieferbar","status":"publish","type":"product","link":"https:\/\/www.bynaldis-shop.com\/?product=orakel-sacred-forest-von-dennis-linn-demnaechst-lieferbar","title":{"rendered":"Orakel Sacred Forest von Dennis Linn"},"content":{"rendered":"<p data-start=\"137\" data-end=\"201\"><strong data-start=\"137\" data-end=\"199\">Sacred Forest Orakel \u2013 52 Karten voller Weisheit und Magie<\/strong><\/p>\n<p data-start=\"203\" data-end=\"974\">Der \u201eSacred Forest\u201c ist ein spiritueller Ort voller Wunder, in dem Naturwesen und mystische Energien zu Hause sind. Mit jeder der 52 liebevoll gestalteten Karten bahnt sich der Leser seinen eigenen Pfad durch dieses magische Reich. Dabei begegnet er sich selbst, erweitert sein Bewusstsein und wird eins mit den zeitlosen Kr\u00e4ften der Natur. Neue Zug\u00e4nge zu innerem Wissen schenken Antworten auf lang gehegte Fragen und er\u00f6ffnen Wege zu mehr Klarheit, innerer St\u00e4rke und Ausgeglichenheit. Ob der Luftgeist zum gr\u00fcndlichen Nachdenken und F\u00fchlen anregt, die uralte Eiche Mut schenkt, zu den eigenen Werten zu stehen, oder der Spirit der Bienen die F\u00fclle ins Leben einl\u00e4dt \u2013 hinter jeder Wegbiegung wartet eine tiefgreifende Erkenntnis, die K\u00f6rper, Geist und Seele ber\u00fchrt.<\/p>\n<p data-start=\"976\" data-end=\"1157\">Entdecke auch die weiteren inspirierenden Orakel und Kartensets in unserem Shop, die dich sanft auf deiner Reise zu mehr Achtsamkeit, Selbstfindung und innerer Harmonie begleiten.<\/p>\n<p data-start=\"976\" data-end=\"1157\"><img loading=\"lazy\" decoding=\"async\" class=\"alignnone size-medium wp-image-10206\" src=\"https:\/\/www.bynaldis-shop.com\/uploads\/sites\/5\/2025\/08\/Orakel-2-210x300.jpg\" alt=\"\" width=\"210\" height=\"300\" srcset=\"https:\/\/www.bynaldis-shop.com\/uploads\/sites\/5\/2025\/08\/Orakel-2-210x300.jpg 210w, https:\/\/www.bynaldis-shop.com\/uploads\/sites\/5\/2025\/08\/Orakel-2-718x1024.jpg 718w, https:\/\/www.bynaldis-shop.com\/uploads\/sites\/5\/2025\/08\/Orakel-2-768x1096.jpg 768w, https:\/\/www.bynaldis-shop.com\/uploads\/sites\/5\/2025\/08\/Orakel-2-105x150.jpg 105w, https:\/\/www.bynaldis-shop.com\/uploads\/sites\/5\/2025\/08\/Orakel-2-600x856.jpg 600w, https:\/\/www.bynaldis-shop.com\/uploads\/sites\/5\/2025\/08\/Orakel-2.jpg 993w\" sizes=\"auto, (max-width: 210px) 100vw, 210px\" \/> <img loading=\"lazy\" decoding=\"async\" class=\"alignnone size-medium wp-image-10207\" src=\"https:\/\/www.bynaldis-shop.com\/uploads\/sites\/5\/2025\/08\/orakel-3-211x300.jpg\" alt=\"\" width=\"211\" height=\"300\" srcset=\"https:\/\/www.bynaldis-shop.com\/uploads\/sites\/5\/2025\/08\/orakel-3-211x300.jpg 211w, https:\/\/www.bynaldis-shop.com\/uploads\/sites\/5\/2025\/08\/orakel-3-105x150.jpg 105w, https:\/\/www.bynaldis-shop.com\/uploads\/sites\/5\/2025\/08\/orakel-3.jpg 240w\" sizes=\"auto, (max-width: 211px) 100vw, 211px\" \/><\/p>\n","protected":false},"excerpt":{"rendered":"<p>Sacred Forest Orakel \u2013 52 Karten voller Weisheit und Magie Der \u201eSacred Forest\u201c ist ein spiritueller Ort voller Wunder, in dem Naturwesen und mystische Energien zu Hause sind. Mit jeder der 52 liebevoll gestalteten Karten bahnt sich der Leser seinen eigenen Pfad durch dieses magische Reich. Dabei begegnet er sich selbst, erweitert sein Bewusstsein und [&hellip;]<\/p>\n<p><a class=\"read-more\" href=\"https:\/\/www.bynaldis-shop.com\/?product=orakel-sacred-forest-von-dennis-linn-demnaechst-lieferbar\">Mehr lesen<span class=\"meta-nav\">&rarr;<\/span><\/a><\/p>\n","protected":false},"featured_media":10205,"template":"","meta":[],"product_brand":[],"product_cat":[84],"product_tag":[],"class_list":{"0":"post-10204","1":"product","2":"type-product","3":"status-publish","4":"has-post-thumbnail","6":"product_cat-orakel","8":"first","9":"instock","10":"taxable","11":"shipping-taxable","12":"purchasable","13":"product-type-simple"},"_links":{"self":[{"href":"https:\/\/www.bynaldis-shop.com\/index.php?rest_route=\/wp\/v2\/product\/10204","targetHints":{"allow":["GET"]}}],"collection":[{"href":"https:\/\/www.bynaldis-shop.com\/index.php?rest_route=\/wp\/v2\/product"}],"about":[{"href":"https:\/\/www.bynaldis-shop.com\/index.php?rest_route=\/wp\/v2\/types\/product"}],"wp:featuredmedia":[{"embeddable":true,"href":"https:\/\/www.bynaldis-shop.com\/index.php?rest_route=\/wp\/v2\/media\/10205"}],"wp:attachment":[{"href":"https:\/\/www.bynaldis-shop.com\/index.php?rest_route=%2Fwp%2Fv2%2Fmedia&parent=10204"}],"wp:term":[{"taxonomy":"product_brand","embeddable":true,"href":"https:\/\/www.bynaldis-shop.com\/index.php?rest_route=%2Fwp%2Fv2%2Fproduct_brand&post=10204"},{"taxonomy":"product_cat","embeddable":true,"href":"https:\/\/www.bynaldis-shop.com\/index.php?rest_route=%2Fwp%2Fv2%2Fproduct_cat&post=10204"},{"taxonomy":"product_tag","embeddable":true,"href":"https:\/\/www.bynaldis-shop.com\/index.php?rest_route=%2Fwp%2Fv2%2Fproduct_tag&post=10204"}],"curies":[{"name":"wp","href":"https:\/\/api.w.org\/{rel}","templated":true}]}}