{"id":10202,"date":"2025-08-14T17:34:24","date_gmt":"2025-08-14T15:34:24","guid":{"rendered":"https:\/\/www.bynaldis-shop.com\/?post_type=product&#038;p=10202"},"modified":"2025-10-27T16:43:56","modified_gmt":"2025-10-27T15:43:56","slug":"orakel-selbstliebe-demnaechst-lieferbar","status":"publish","type":"product","link":"https:\/\/www.bynaldis-shop.com\/?product=orakel-selbstliebe-demnaechst-lieferbar","title":{"rendered":"Orakel Selbstliebe"},"content":{"rendered":"<p data-start=\"103\" data-end=\"153\"><strong data-start=\"103\" data-end=\"151\">Selbstliebe-Orakel \u2013 40 Karten f\u00fcr dein Herz<\/strong><\/p>\n<p data-start=\"155\" data-end=\"874\">W\u00e4re es nicht wunderbar, dir selbst jederzeit bedingungslose Liebe und Anerkennung zu schenken \u2013 frei von Zweifeln oder schlechtem Gewissen? Genau dabei unterst\u00fctzt dich dieses liebevoll gestaltete Orakel-Set mit 40 best\u00e4rkenden Karten und einem begleitenden Buch. Die Karten erinnern dich daran, dir regelm\u00e4\u00dfig kleine Auszeiten zu g\u00f6nnen, Aufgaben entspannter anzugehen, deine Erfolge zu feiern und deine W\u00fcnsche voller Vertrauen zu verfolgen. Die einf\u00fchlsamen Illustrationen \u00f6ffnen dein Herz und helfen dir, deine Bed\u00fcrfnisse zu erkennen, zu achten und deinem pers\u00f6nlichen Weg zu folgen. So wird Selbstliebe zu deinem t\u00e4glichen Begleiter und bildet das Fundament f\u00fcr ein erf\u00fclltes, gl\u00fcckliches und kraftvolles Sein.<\/p>\n<p data-start=\"876\" data-end=\"1061\">Entdecke auch die weiteren inspirierenden Orakel und Kartensets in unserem Shop \u2013 f\u00fcr Kinder, Erwachsene und jeden, der sein Herz \u00f6ffnen und die eigene innere St\u00e4rke entfalten m\u00f6chte.<\/p>\n","protected":false},"excerpt":{"rendered":"<p>Selbstliebe-Orakel \u2013 40 Karten f\u00fcr dein Herz W\u00e4re es nicht wunderbar, dir selbst jederzeit bedingungslose Liebe und Anerkennung zu schenken \u2013 frei von Zweifeln oder schlechtem Gewissen? Genau dabei unterst\u00fctzt dich dieses liebevoll gestaltete Orakel-Set mit 40 best\u00e4rkenden Karten und einem begleitenden Buch. Die Karten erinnern dich daran, dir regelm\u00e4\u00dfig kleine Auszeiten zu g\u00f6nnen, Aufgaben [&hellip;]<\/p>\n<p><a class=\"read-more\" href=\"https:\/\/www.bynaldis-shop.com\/?product=orakel-selbstliebe-demnaechst-lieferbar\">Mehr lesen<span class=\"meta-nav\">&rarr;<\/span><\/a><\/p>\n","protected":false},"featured_media":10203,"template":"","meta":[],"product_brand":[],"product_cat":[268],"product_tag":[],"class_list":{"0":"post-10202","1":"product","2":"type-product","3":"status-publish","4":"has-post-thumbnail","6":"product_cat-demnaechst-lieferbar","8":"first","9":"instock","10":"taxable","11":"shipping-taxable","12":"purchasable","13":"product-type-simple"},"_links":{"self":[{"href":"https:\/\/www.bynaldis-shop.com\/index.php?rest_route=\/wp\/v2\/product\/10202","targetHints":{"allow":["GET"]}}],"collection":[{"href":"https:\/\/www.bynaldis-shop.com\/index.php?rest_route=\/wp\/v2\/product"}],"about":[{"href":"https:\/\/www.bynaldis-shop.com\/index.php?rest_route=\/wp\/v2\/types\/product"}],"wp:featuredmedia":[{"embeddable":true,"href":"https:\/\/www.bynaldis-shop.com\/index.php?rest_route=\/wp\/v2\/media\/10203"}],"wp:attachment":[{"href":"https:\/\/www.bynaldis-shop.com\/index.php?rest_route=%2Fwp%2Fv2%2Fmedia&parent=10202"}],"wp:term":[{"taxonomy":"product_brand","embeddable":true,"href":"https:\/\/www.bynaldis-shop.com\/index.php?rest_route=%2Fwp%2Fv2%2Fproduct_brand&post=10202"},{"taxonomy":"product_cat","embeddable":true,"href":"https:\/\/www.bynaldis-shop.com\/index.php?rest_route=%2Fwp%2Fv2%2Fproduct_cat&post=10202"},{"taxonomy":"product_tag","embeddable":true,"href":"https:\/\/www.bynaldis-shop.com\/index.php?rest_route=%2Fwp%2Fv2%2Fproduct_tag&post=10202"}],"curies":[{"name":"wp","href":"https:\/\/api.w.org\/{rel}","templated":true}]}}