{"id":10196,"date":"2025-08-14T16:39:23","date_gmt":"2025-08-14T14:39:23","guid":{"rendered":"https:\/\/www.bynaldis-shop.com\/?post_type=product&#038;p=10196"},"modified":"2026-05-06T11:16:54","modified_gmt":"2026-05-06T09:16:54","slug":"waldkinder-postkartenbuch-von-daniela-drescher-demnaechst-lieferbar","status":"publish","type":"product","link":"https:\/\/www.bynaldis-shop.com\/?product=waldkinder-postkartenbuch-von-daniela-drescher-demnaechst-lieferbar","title":{"rendered":"Postkartenbuch &#8222;Waldkinder&#8220;"},"content":{"rendered":"<p data-start=\"205\" data-end=\"493\">Zauberhafte Motive zum Verschicken und Dekorieren! Seit beinahe zwanzig Jahren stehen Daniela Dreschers Bilder f\u00fcr einen einf\u00fchlsamen, direkten Zugang zur Natur. Ihre B\u00fccher, Kalender und Postkarten ber\u00fchren Menschen weltweit und lassen sie die kleinen Wunder des Alltags neu entdecken.<\/p>\n<p data-start=\"495\" data-end=\"904\">Im Postkartenbuch \u201eWaldkinder\u201c entfaltet sich Daniela Dreschers besondere Liebe zum Wald. Zwischen Moos, Pilzen und leuchtenden Bl\u00e4ttern begegnen wir kleinen Waldkindern, die den Wald erkunden, Verstecke entdecken und sich an den Geheimnissen der Natur erfreuen. Jede Illustration ist voller Z\u00e4rtlichkeit, Humor und Staunen. Ein Spiegel f\u00fcr all das, was Kinder im Wald erleben und Erwachsene oft vergessen.<\/p>\n<p data-start=\"906\" data-end=\"1183\">Die f\u00fcnfzehn Postkarten laden dazu ein, diese magischen Momente zu verschicken, zu verschenken oder einfach selbst zu genie\u00dfen. Sie erinnern daran, dass Natur, Freundschaft und Abenteuer oft direkt vor unserer T\u00fcr warten. Man muss nur die Augen \u00f6ffnen und dem Herzen folgen.<\/p>\n<p data-start=\"1185\" data-end=\"1494\">\u201eWaldkinder\u201c ist ein liebevolles Geschenk f\u00fcr alle, die Natur, Fantasie und die kleinen Freuden des Lebens sch\u00e4tzen. Und wer von Daniela Dreschers zauberhaften Bildern nicht genug bekommen kann, findet in unserem Shop viele weitere Postkartenb\u00fccher jedes einzelne ein St\u00fcck Poesie, Farbe und Herzensw\u00e4rme.<\/p>\n<p data-start=\"1496\" data-end=\"1575\">Ein Gru\u00df aus dem Wald, der Kinderherzen und Tr\u00e4umer gleicherma\u00dfen verzaubert.<\/p>\n","protected":false},"excerpt":{"rendered":"<p>Zauberhafte Motive zum Verschicken und Dekorieren! Seit beinahe zwanzig Jahren stehen Daniela Dreschers Bilder f\u00fcr einen einf\u00fchlsamen, direkten Zugang zur Natur. Ihre B\u00fccher, Kalender und Postkarten ber\u00fchren Menschen weltweit und lassen sie die kleinen Wunder des Alltags neu entdecken. Im Postkartenbuch \u201eWaldkinder\u201c entfaltet sich Daniela Dreschers besondere Liebe zum Wald. Zwischen Moos, Pilzen und leuchtenden [&hellip;]<\/p>\n<p><a class=\"read-more\" href=\"https:\/\/www.bynaldis-shop.com\/?product=waldkinder-postkartenbuch-von-daniela-drescher-demnaechst-lieferbar\">Mehr lesen<span class=\"meta-nav\">&rarr;<\/span><\/a><\/p>\n","protected":false},"featured_media":10686,"template":"","meta":[],"product_brand":[],"product_cat":[268],"product_tag":[],"class_list":{"0":"post-10196","1":"product","2":"type-product","3":"status-publish","4":"has-post-thumbnail","6":"product_cat-demnaechst-lieferbar","8":"first","9":"instock","10":"taxable","11":"shipping-taxable","12":"purchasable","13":"product-type-simple"},"_links":{"self":[{"href":"https:\/\/www.bynaldis-shop.com\/index.php?rest_route=\/wp\/v2\/product\/10196","targetHints":{"allow":["GET"]}}],"collection":[{"href":"https:\/\/www.bynaldis-shop.com\/index.php?rest_route=\/wp\/v2\/product"}],"about":[{"href":"https:\/\/www.bynaldis-shop.com\/index.php?rest_route=\/wp\/v2\/types\/product"}],"wp:featuredmedia":[{"embeddable":true,"href":"https:\/\/www.bynaldis-shop.com\/index.php?rest_route=\/wp\/v2\/media\/10686"}],"wp:attachment":[{"href":"https:\/\/www.bynaldis-shop.com\/index.php?rest_route=%2Fwp%2Fv2%2Fmedia&parent=10196"}],"wp:term":[{"taxonomy":"product_brand","embeddable":true,"href":"https:\/\/www.bynaldis-shop.com\/index.php?rest_route=%2Fwp%2Fv2%2Fproduct_brand&post=10196"},{"taxonomy":"product_cat","embeddable":true,"href":"https:\/\/www.bynaldis-shop.com\/index.php?rest_route=%2Fwp%2Fv2%2Fproduct_cat&post=10196"},{"taxonomy":"product_tag","embeddable":true,"href":"https:\/\/www.bynaldis-shop.com\/index.php?rest_route=%2Fwp%2Fv2%2Fproduct_tag&post=10196"}],"curies":[{"name":"wp","href":"https:\/\/api.w.org\/{rel}","templated":true}]}}