{"id":10015,"date":"2025-08-09T17:55:50","date_gmt":"2025-08-09T15:55:50","guid":{"rendered":"https:\/\/www.bynaldis-shop.com\/?post_type=product&#038;p=10015"},"modified":"2025-10-19T13:28:49","modified_gmt":"2025-10-19T11:28:49","slug":"schutzengel-paula","status":"publish","type":"product","link":"https:\/\/www.bynaldis-shop.com\/?product=schutzengel-paula","title":{"rendered":"Schutzengel Paula \u2013 in Blaugr\u00fcn, l\u00e4chelnd"},"content":{"rendered":"<p data-start=\"68\" data-end=\"135\"><strong data-start=\"68\" data-end=\"133\">Schutzengel Paula \u2013 in Blaugr\u00fcn, l\u00e4chelnd<\/strong><\/p>\n<p data-start=\"137\" data-end=\"378\">Mit ihrem sanften L\u00e4cheln und den zarten Farben in Blaugr\u00fcn strahlt Schutzengel Paula W\u00e4rme, Geborgenheit und Zuversicht aus. Stehend und anmutig wirkt sie wie ein kleiner Lichtblick, der Gl\u00fcck und positive Energie in jedes Zuhause bringt.<\/p>\n<p data-start=\"380\" data-end=\"646\">Dank ihrer handlichen Ma\u00dfe von 8,5 x 3,5 x 3,5 cm findet Paula \u00fcberall ihren Platz \u2013 auf dem Nachttisch, im Regal oder als liebevoller Gl\u00fccksbringer auf dem Schreibtisch. Ein wunderbares Geschenk f\u00fcr alle, denen man zeigen m\u00f6chte: <em data-start=\"611\" data-end=\"644\">Du bist beh\u00fctet und nie allein.<\/em><\/p>\n","protected":false},"excerpt":{"rendered":"<p>Schutzengel Paula \u2013 in Blaugr\u00fcn, l\u00e4chelnd Mit ihrem sanften L\u00e4cheln und den zarten Farben in Blaugr\u00fcn strahlt Schutzengel Paula W\u00e4rme, Geborgenheit und Zuversicht aus. Stehend und anmutig wirkt sie wie ein kleiner Lichtblick, der Gl\u00fcck und positive Energie in jedes Zuhause bringt. Dank ihrer handlichen Ma\u00dfe von 8,5 x 3,5 x 3,5 cm findet Paula [&hellip;]<\/p>\n<p><a class=\"read-more\" href=\"https:\/\/www.bynaldis-shop.com\/?product=schutzengel-paula\">Mehr lesen<span class=\"meta-nav\">&rarr;<\/span><\/a><\/p>\n","protected":false},"featured_media":10016,"template":"","meta":[],"product_brand":[],"product_cat":[291,172,239],"product_tag":[],"class_list":{"0":"post-10015","1":"product","2":"type-product","3":"status-publish","4":"has-post-thumbnail","6":"product_cat-engel-fuer-kleine-herzen","7":"product_cat-engel","8":"product_cat-weihnachten","10":"first","11":"instock","12":"taxable","13":"shipping-taxable","14":"purchasable","15":"product-type-simple"},"_links":{"self":[{"href":"https:\/\/www.bynaldis-shop.com\/index.php?rest_route=\/wp\/v2\/product\/10015","targetHints":{"allow":["GET"]}}],"collection":[{"href":"https:\/\/www.bynaldis-shop.com\/index.php?rest_route=\/wp\/v2\/product"}],"about":[{"href":"https:\/\/www.bynaldis-shop.com\/index.php?rest_route=\/wp\/v2\/types\/product"}],"wp:featuredmedia":[{"embeddable":true,"href":"https:\/\/www.bynaldis-shop.com\/index.php?rest_route=\/wp\/v2\/media\/10016"}],"wp:attachment":[{"href":"https:\/\/www.bynaldis-shop.com\/index.php?rest_route=%2Fwp%2Fv2%2Fmedia&parent=10015"}],"wp:term":[{"taxonomy":"product_brand","embeddable":true,"href":"https:\/\/www.bynaldis-shop.com\/index.php?rest_route=%2Fwp%2Fv2%2Fproduct_brand&post=10015"},{"taxonomy":"product_cat","embeddable":true,"href":"https:\/\/www.bynaldis-shop.com\/index.php?rest_route=%2Fwp%2Fv2%2Fproduct_cat&post=10015"},{"taxonomy":"product_tag","embeddable":true,"href":"https:\/\/www.bynaldis-shop.com\/index.php?rest_route=%2Fwp%2Fv2%2Fproduct_tag&post=10015"}],"curies":[{"name":"wp","href":"https:\/\/api.w.org\/{rel}","templated":true}]}}