{"id":2723,"date":"2020-03-04T15:21:16","date_gmt":"2020-03-04T14:21:16","guid":{"rendered":"https:\/\/www.bynaldis.com\/?page_id=2723"},"modified":"2025-10-08T18:11:42","modified_gmt":"2025-10-08T16:11:42","slug":"shopmenu","status":"publish","type":"page","link":"https:\/\/www.bynaldis-shop.com\/","title":{"rendered":"Shop"},"content":{"rendered":"\n<p>Gehen Sie direkt zum <a href=\"https:\/\/www.bynaldis-shop.com\/?page_id=6\" data-type=\"page\" data-id=\"6\">Warenkorb<\/a><\/p>\n\n\n<div id='1' class='widgets_on_page wop_tiny1  wop_small1  wop_medium1  wop_large1  wop_wide1'>\n\t\t\t<ul><li id=\"woocommerce_product_search-2\" class=\"widget woocommerce widget_product_search\"><div class=\"aws-container\" data-url=\"\/?wc-ajax=aws_action\" data-siteurl=\"https:\/\/www.bynaldis-shop.com\" data-lang=\"\" data-show-loader=\"true\" data-show-more=\"true\" data-show-page=\"true\" data-ajax-search=\"true\" data-show-clear=\"true\" data-mobile-screen=\"false\" data-use-analytics=\"false\" data-min-chars=\"1\" data-buttons-order=\"1\" data-timeout=\"300\" data-is-mobile=\"false\" data-page-id=\"0\" data-tax=\"\" ><form class=\"aws-search-form\" action=\"https:\/\/www.bynaldis-shop.com\/\" method=\"get\" role=\"search\" ><div class=\"aws-wrapper\"><label class=\"aws-search-label\" for=\"69fc77b8f35a2\">Suche<\/label><input type=\"search\" name=\"s\" id=\"69fc77b8f35a2\" value=\"\" class=\"aws-search-field\" placeholder=\"Suche\" autocomplete=\"off\" \/><input type=\"hidden\" name=\"post_type\" value=\"product\"><input type=\"hidden\" name=\"type_aws\" value=\"true\"><div class=\"aws-search-clear\"><span>\u00d7<\/span><\/div><div class=\"aws-loader\"><\/div><\/div><\/form><\/div><\/li><\/ul><\/div><!-- widgets_on_page -->\n\n\n\n<p class=\"has-text-align-center\">Sch\u00f6n, dass Du in unserem Shop bist und an unseren besonderen und liebevoll gestalteten Produkten Interesse hast. Bitte beachte, dass wir an manchen Tag nicht immer gleich deine Bestellung bearbeiten k\u00f6nnen und die Lieferzeiten sich dadurch um 1-3 Tage verl\u00e4ngern k\u00f6nnen. Wir danken dir sehr f\u00fcr dein Verst\u00e4ndnis und entschuldigen uns f\u00fcr eventuelle Unannehmlichkeiten. <\/p>\n\n\n\n<p class=\"has-text-align-center\">Von Herzen Diana &amp; Ralph Naldi<\/p>\n\n\n\n<p><\/p>\n\n\n\n<p><\/p>\n","protected":false},"excerpt":{"rendered":"<p>Gehen Sie direkt zum Warenkorb Sch\u00f6n, dass Du in unserem Shop bist und an unseren besonderen und liebevoll gestalteten Produkten Interesse hast. Bitte beachte, dass wir an manchen Tag nicht immer gleich deine Bestellung bearbeiten k\u00f6nnen und die Lieferzeiten sich dadurch um 1-3 Tage verl\u00e4ngern k\u00f6nnen. Wir danken dir sehr f\u00fcr dein Verst\u00e4ndnis und entschuldigen [&hellip;]<\/p>\n<p><a class=\"read-more\" href=\"https:\/\/www.bynaldis-shop.com\/\">Mehr lesen<span class=\"meta-nav\">&rarr;<\/span><\/a><\/p>\n","protected":false},"author":1,"featured_media":0,"parent":0,"menu_order":0,"comment_status":"closed","ping_status":"closed","template":"page-shopmenu.php","meta":{"footnotes":""},"class_list":["post-2723","page","type-page","status-publish","hentry"],"_links":{"self":[{"href":"https:\/\/www.bynaldis-shop.com\/index.php?rest_route=\/wp\/v2\/pages\/2723","targetHints":{"allow":["GET"]}}],"collection":[{"href":"https:\/\/www.bynaldis-shop.com\/index.php?rest_route=\/wp\/v2\/pages"}],"about":[{"href":"https:\/\/www.bynaldis-shop.com\/index.php?rest_route=\/wp\/v2\/types\/page"}],"author":[{"embeddable":true,"href":"https:\/\/www.bynaldis-shop.com\/index.php?rest_route=\/wp\/v2\/users\/1"}],"replies":[{"embeddable":true,"href":"https:\/\/www.bynaldis-shop.com\/index.php?rest_route=%2Fwp%2Fv2%2Fcomments&post=2723"}],"version-history":[{"count":3,"href":"https:\/\/www.bynaldis-shop.com\/index.php?rest_route=\/wp\/v2\/pages\/2723\/revisions"}],"predecessor-version":[{"id":10523,"href":"https:\/\/www.bynaldis-shop.com\/index.php?rest_route=\/wp\/v2\/pages\/2723\/revisions\/10523"}],"wp:attachment":[{"href":"https:\/\/www.bynaldis-shop.com\/index.php?rest_route=%2Fwp%2Fv2%2Fmedia&parent=2723"}],"curies":[{"name":"wp","href":"https:\/\/api.w.org\/{rel}","templated":true}]}}