{"id":198,"date":"2017-06-01T11:52:48","date_gmt":"2017-06-01T09:52:48","guid":{"rendered":"http:\/\/bynaldis.com\/?page_id=198"},"modified":"2021-08-21T10:27:55","modified_gmt":"2021-08-21T08:27:55","slug":"widerrufsbelehrung","status":"publish","type":"page","link":"https:\/\/www.bynaldis-shop.com\/?page_id=198","title":{"rendered":"Widerrufsbelehrung"},"content":{"rendered":"<p style=\"font-weight: bold; padding-bottom: 10px;\">\u00a7 6 Widerrufsrecht des Kunden als Verbraucher:<\/p>\n<p><b><br \/>\nWiderrufsrecht f\u00fcr Verbraucher<\/b><\/p>\n<p>Verbrauchern steht ein Widerrufsrecht nach folgender Ma\u00dfgabe zu, wobei Verbraucher jede nat\u00fcrliche Person ist, die ein Rechtsgesch\u00e4ft zu Zwecken abschlie\u00dft,<br \/>\ndie \u00fcberwiegend weder ihrer gewerblichen noch ihrer selbst\u00e4ndigen beruflichen T\u00e4tigkeit zugerechnet werden k\u00f6nnen:<\/p>\n<p style=\"font-weight: bold; padding-bottom: 1px; text-align: center;\">Widerrufsbelehrung<\/p>\n<p><b>Widerrufsrecht<\/b><\/p>\n<p>Du hast das Recht, binnen vierzehn Tagen ohne Angabe von Gr\u00fcnden diesen Vertrag zu widerrufen.<\/p>\n<p>Die Widerrufsfrist betr\u00e4gt vierzehn Tage, ab dem Tag, an dem Du oder ein von Dir benannter Dritter,<br \/>\nder nicht der Bef\u00f6rderer ist, die Waren in Besitz genommen haben bzw. hat.<\/p>\n<p>Um Dein Widerrufsrecht auszu\u00fcben, m\u00fcsst Du uns<\/p>\n<div style=\"margin-left: 20px; margin-top: 5px; margin-bottom: 5px;\">By Naldi`s UG<br \/>\nRalph Schulte<br \/>\nGro\u00dfer Stein 77<br \/>\nD-32657 Lemgo<br \/>\nE-Mail info@bynaldis.com<\/div>\n<p>mittels einer eindeutigen Erkl\u00e4rung (z.B. ein mit der Post versandter Brief, Telefax oder E-Mail) \u00fcber Deinen Entschluss,<br \/>\ndiesen Vertrag zu widerrufen, informieren. Du kannst daf\u00fcr das beigef\u00fcgte Muster-Widerrufsformular verwenden, das jedoch nicht vorgeschrieben ist.<\/p>\n<p><b>Widerrufsfolgen<\/b><\/p>\n<p>Wenn Du diesen Vertrag widerrufst, haben wir Dir alle Zahlungen, die wir von Dir erhalten haben, einschlie\u00dflich der<br \/>\nLieferkosten (mit Ausnahme der zus\u00e4tzlichen Kosten, die sich daraus ergeben, dass Du eine andere Art der Lieferung als die von uns angebotene, g\u00fcnstigste Standardlieferung gew\u00e4hlt haben), unverz\u00fcglich und sp\u00e4testens binnen vierzehn Tagen ab dem Tag zur\u00fcckzuzahlen, an dem die Mitteilung \u00fcber Deinen Widerruf dieses Vertrags bei uns eingegangen ist.<br \/>\nF\u00fcr diese R\u00fcckzahlung verwenden wir dasselbe Zahlungsmittel, das Du bei der urspr\u00fcnglichen Transaktion eingesetzt hast, es sei denn, mit Dir wurde ausdr\u00fccklich etwas anderes vereinbart; in keinem Fall wird Dir wegen dieser R\u00fcckzahlung Entgelte berechnet.<\/p>\n<p>Wir k\u00f6nnen die R\u00fcckzahlung verweigern, bis wir die Ware wieder zur\u00fcckerhalten haben oder bis Du den Nachweis erbracht hast, dass Du die Ware zur\u00fcckgesandt hast, je nachdem, welches der fr\u00fchere Zeitpunkt ist.<\/p>\n<p>Du hast die Ware unverz\u00fcglich und in jedem Fall sp\u00e4testens binnen vierzehn Tagen ab dem Tag, an dem Du uns \u00fcber den Widerruf dieses Vertrages unterrichtet hast, an uns zur\u00fcckzusenden oder zu \u00fcbergeben. Die Frist ist gewahrt,<br \/>\nwenn Du die Ware vor Ablauf der Frist von vierzehn Tagen absendest.<\/p>\n<p>Du tr\u00e4gst die unmittelbaren Kosten der R\u00fccksendung der Ware.<\/p>\n<p style=\"font-weight: bold; padding-bottom: 10px;\">\u00a7 7 Widerrufsformular<\/p>\n<p style=\"text-align: center; font-weight: bold;\">Muster-Widerrufsformular<\/p>\n<p>(Wenn Du den Vertrag widerrufen willst, dann f\u00fcll bitte dieses Formular aus und sende es zur\u00fcck.)<\/p>\n<div style=\"border: 1px solid #000000; padding: 10px;\">An :<br \/>\nBy Naldi`s UG<br \/>\nRalph Schulte<br \/>\nGro\u00dfer Stein 77<br \/>\nD-32657 Lemgo<br \/>\nE-Mail info@bynaldis.com<\/p>\n<p>Hiermit widerrufe(n) ich\/wir (*) den von mir\/uns (*) abgeschlossenen Vertrag \u00fcber den Kauf der folgenden Waren (*)\/die Erbringung der folgenden Dienstleistung (*)_____________________________________________________Bestellt am (*)\/erhalten am (*)__________________<\/p>\n<p>Name des\/der Verbraucher(s)<\/p>\n<p>_____________________________________________________<\/p>\n<p>Anschrift des\/der Verbraucher(s)<\/p>\n<p>_____________________________________________________<\/p>\n<p>Unterschrift des\/der Verbraucher(s) (nur bei Mitteilung auf Papier)<\/p>\n<p>__________________<\/p>\n<p>Datum<\/p>\n<p>__________________<\/p>\n<\/div>\n<p>(*) Unzutreffendes streichen.<\/p>\n","protected":false},"excerpt":{"rendered":"<p>\u00a7 6 Widerrufsrecht des Kunden als Verbraucher: Widerrufsrecht f\u00fcr Verbraucher Verbrauchern steht ein Widerrufsrecht nach folgender Ma\u00dfgabe zu, wobei Verbraucher jede nat\u00fcrliche Person ist, die ein Rechtsgesch\u00e4ft zu Zwecken abschlie\u00dft, die \u00fcberwiegend weder ihrer gewerblichen noch ihrer selbst\u00e4ndigen beruflichen T\u00e4tigkeit zugerechnet werden k\u00f6nnen: Widerrufsbelehrung Widerrufsrecht Du hast das Recht, binnen vierzehn Tagen ohne Angabe von [&hellip;]<\/p>\n<p><a class=\"read-more\" href=\"https:\/\/www.bynaldis-shop.com\/?page_id=198\">Mehr lesen<span class=\"meta-nav\">&rarr;<\/span><\/a><\/p>\n","protected":false},"author":1,"featured_media":0,"parent":0,"menu_order":0,"comment_status":"closed","ping_status":"closed","template":"","meta":{"footnotes":""},"class_list":["post-198","page","type-page","status-publish","hentry"],"_links":{"self":[{"href":"https:\/\/www.bynaldis-shop.com\/index.php?rest_route=\/wp\/v2\/pages\/198","targetHints":{"allow":["GET"]}}],"collection":[{"href":"https:\/\/www.bynaldis-shop.com\/index.php?rest_route=\/wp\/v2\/pages"}],"about":[{"href":"https:\/\/www.bynaldis-shop.com\/index.php?rest_route=\/wp\/v2\/types\/page"}],"author":[{"embeddable":true,"href":"https:\/\/www.bynaldis-shop.com\/index.php?rest_route=\/wp\/v2\/users\/1"}],"replies":[{"embeddable":true,"href":"https:\/\/www.bynaldis-shop.com\/index.php?rest_route=%2Fwp%2Fv2%2Fcomments&post=198"}],"version-history":[{"count":1,"href":"https:\/\/www.bynaldis-shop.com\/index.php?rest_route=\/wp\/v2\/pages\/198\/revisions"}],"predecessor-version":[{"id":4739,"href":"https:\/\/www.bynaldis-shop.com\/index.php?rest_route=\/wp\/v2\/pages\/198\/revisions\/4739"}],"wp:attachment":[{"href":"https:\/\/www.bynaldis-shop.com\/index.php?rest_route=%2Fwp%2Fv2%2Fmedia&parent=198"}],"curies":[{"name":"wp","href":"https:\/\/api.w.org\/{rel}","templated":true}]}}