{"id":1444,"date":"2018-09-17T11:46:42","date_gmt":"2018-09-17T09:46:42","guid":{"rendered":"https:\/\/bynaldis.com\/?page_id=1444"},"modified":"2025-10-09T22:52:05","modified_gmt":"2025-10-09T20:52:05","slug":"ds","status":"publish","type":"page","link":"https:\/\/www.bynaldis-shop.com\/?page_id=1444","title":{"rendered":"Datenschutzerkl\u00e4rung"},"content":{"rendered":"<p>Wir nehmen den Schutz Deiner pers\u00f6nlichen Daten sehr ernst. Wir behandeln Deine personenbezogenen Daten vertraulich und entsprechend der gesetzlichen Datenschutzvorschriften sowie dieser Datenschutzerkl\u00e4rung.<\/p>\n<p><strong>Nutzung der personenbezogene Daten<\/strong><\/p>\n<p>Personenbezogene Daten sind alle Daten, die auf Dich pers\u00f6nlich beziehbar sind, beispielweise Dein Name, Deine Anschrift oder Deine E-Mail-Adresse.<\/p>\n<p>Soweit auf unseren Seiten personenbezogene Daten erhoben werden, erfolgt dies, soweit m\u00f6glich, stets auf freiwilliger Basis. Diese Daten werden ohne Deine ausdr\u00fcckliche Zustimmung <strong>nicht an Dritte weitergegeben.<\/strong><\/p>\n<p>In dieser Datenschutzerkl\u00e4rung informiere wir Dich \u00fcber die Erhebung personenbezogener Daten bei Nutzung unser Internetpr\u00e4senz.<\/p>\n<p>Verantwortlicher gem. Art. 4 Abs. 7 EU-Datenschutz-Grundverordnung (DS-GVO) ist,<\/p>\n<p style=\"padding-left: 30px;\">By Naldi&#8217;s UG, Ralph Schulte, Gro\u00dfer Stein 77, 32657, Lemgo, Deutschland, info (at) bynaldis.com<\/p>\n<p>Die Adresse unserer Website ist:<\/p>\n<p style=\"padding-left: 30px;\"><a href=\"https:\/\/www.bynaldis-shop.com\">www.bynaldis-shop.com<\/a><\/p>\n<p style=\"font-size: 1.2em;\"><strong>Cookies<\/strong><\/p>\n<p>Die Internetseiten verwenden teilweise so genannte Cookies. Cookies richten auf Deinem Rechner keinen Schaden an und enthalten keine Viren. Cookies dienen dazu, unser Angebot nutzerfreundlicher, effektiver und sicherer zu machen. Cookies sind kleine Textdateien, die auf Deinem Rechner abgelegt werden und die Dein Browser speichert.<\/p>\n<p>Die meisten der von uns verwendeten Cookies sind so genannte \u201eSession-Cookies\u201c. Sie werden nach Ende Deines Besuchs automatisch gel\u00f6scht. Andere Cookies bleiben auf Deinem Endger\u00e4t gespeichert, bis Du diese l\u00f6schst. Diese Cookies erm\u00f6glichen es uns, Deinen Browser beim n\u00e4chsten Besuch wiederzuerkennen.<\/p>\n<p>Du kannst Deinen Browser so einstellen, dass Du \u00fcber das Setzen von Cookies informiert wirst und Cookies nur im Einzelfall erlaubst, die Annahme von Cookies f\u00fcr bestimmte F\u00e4lle oder generell ausschlie\u00dfen sowie das automatische L\u00f6schen der Cookies beim Schlie\u00dfen des Browser aktivierst. Bei der Deaktivierung von Cookies kann die Funktionalit\u00e4t dieser Website eingeschr\u00e4nkt sein.<\/p>\n<p style=\"font-size: 0.8em;\">Quelle: https:\/\/www.e-recht24.de<\/p>\n<p><strong>Cookies im Webshop<\/strong><\/p>\n<p>F\u00fcr die Speicherung des Inhaltes des Warenkorbs benutzen wir Session Cookies. Diese Cookies enthalten keine personenbezogenen Daten und werden verworfen, wenn Du Deinen Browser schlie\u00dft.<\/p>\n<p style=\"font-size: 1.2em;\"><strong>Server-Log-Files<\/strong><\/p>\n<p>Der Provider der Seiten erhebt und speichert automatisch Informationen in so genannte Server-Log Files, die Dein Browser automatisch an uns \u00fcbermittelt. Diese sind:<\/p>\n<p><span style=\"padding-left: 30px;\">Browsertyp und Browserversion<\/span><br \/>\n<span style=\"padding-left: 30px;\">verwendetes Betriebssystem<\/span><br \/>\n<span style=\"padding-left: 30px;\">Referrer URL<\/span><br \/>\n<span style=\"padding-left: 30px;\">Hostname des zugreifenden Rechners<\/span><br \/>\n<span style=\"padding-left: 30px;\">Uhrzeit der Serveranfrage<\/span><\/p>\n<p>Diese Daten sind nicht bestimmten Personen zuordenbar. Eine Zusammenf\u00fchrung dieser Daten mit anderen Datenquellen wird nicht vorgenommen. Wir behalten uns vor, diese Daten nachtr\u00e4glich zu pr\u00fcfen, wenn uns konkrete Anhaltspunkte f\u00fcr eine rechtswidrige Nutzung bekannt werden.<\/p>\n<p style=\"font-size: 0.8em;\">Quelle: https:\/\/www.e-recht24.de<\/p>\n<p style=\"font-size: 1.2em;\"><strong>SSL Verschl\u00fcsselung<\/strong><\/p>\n<p>Diese Seite nutzt aus Gr\u00fcnden der Sicherheit und zum Schutz der \u00dcbertragung vertraulicher Inhalte, wie zum Beispiel der Anfragen, die Du an uns als Seitenbetreiber sendest, eine SSL-Verschl\u00fcsselung. Eine verschl\u00fcsselte Verbindung erkennst Du daran, dass die Adresszeile des Browsers von \u201ehttp:\/\/\u201c auf \u201ehttps:\/\/\u201c wechselt und an dem Schloss-Symbol in Deiner Browserzeile.<\/p>\n<p>Wenn die SSL Verschl\u00fcsselung aktiviert ist, k\u00f6nnen die Daten, die Du an uns \u00fcbermittelst, nicht von Dritten mitgelesen werden.<\/p>\n<p style=\"font-size: 0.8em;\">Quelle: https:\/\/www.e-recht24.de<\/p>\n<p style=\"font-size: 1.2em;\"><strong>Anmelde- und Kontaktformular<\/strong><\/p>\n<p>Wenn Du uns \u00fcber das Anmelde- oder Kontaktformular kontaktierst, werden Deine Angaben aus dem Anfrageformular inklusive der von Dir dort angegebenen Kontaktdaten zwecks Bearbeitung der Anfrage und f\u00fcr den Fall von Anschlussfragen bei uns gespeichert. Diese Daten geben wir nicht ohne Deine Einwilligung weiter.<\/p>\n<p style=\"font-size: 1.2em;\"><span style=\"font-size: 19.2px;\"><b>Newsletter Daten<\/b><\/span><\/p>\n<p>Wenn Du den auf der Website angebotenen Newsletter beziehen m\u00f6chtest, ben\u00f6tigen wir von Dir eine E-Mail-Adresse sowie Informationen, welche uns die \u00dcberpr\u00fcfung gestatten, dass Du der Inhaber der angegebenen E-Mail-Adresse bist und mit dem Empfang des Newsletters einverstanden bist. Weitere Daten werden nicht erhoben. Diese Daten verwenden wir ausschlie\u00dflich f\u00fcr den Versand der angeforderten Informationen und geben sie nicht an Dritte weiter.<\/p>\n<p>Die erteilte Einwilligung zur Speicherung der Daten, der E-Mail-Adresse sowie deren Nutzung zum Versand des Newsletters kannst Du jederzeit widerrufen, etwa \u00fcber den \u201eAustragen\u201c-Link im Newsletter.<\/p>\n<p style=\"font-size: 0.8em;\">Quelle: https:\/\/www.e-recht24.de<\/p>\n<p style=\"font-size: 1.2em;\"><strong>Google Fonts<\/strong><\/p>\n<p>Wir binden die Schriftarten (&#8222;Google Fonts&#8220;) des Anbieters Google LLC, 1600 Amphitheatre Parkway, Mountain View, CA 94043, USA, ein. Datenschutzerkl\u00e4rung: https:\/\/www.google.com\/policies\/privacy\/, Opt-Out: https:\/\/adssettings.google.com\/authenticated.<\/p>\n<p style=\"font-size: 1.2em;\"><strong>Bestellabwicklung im Woocommerce Webshop<\/strong><\/p>\n<p>Wir verarbeiten die Daten unserer Kunden im Rahmen der Bestellvorg\u00e4nge in unserem Onlineshop, um Dir die Auswahl und die Bestellung der gew\u00e4hlten Produkte und Leistungen, sowie deren Bezahlung und Zustellung, bzw. Ausf\u00fchrung zu erm\u00f6glichen.<\/p>\n<p>Zu den verarbeiteten Daten geh\u00f6ren:<\/p>\n<p><span style=\"padding-left: 30px;\">Name<\/span><br \/>\n<span style=\"padding-left: 30px;\">Rechnungs- und Lieferungsadresse<\/span><br \/>\n<span style=\"padding-left: 30px;\">Vertragsdaten (Anmerkungen und Notizen)<\/span><br \/>\n<span style=\"padding-left: 30px;\">E-Mail-Adresse und Telefonnummer<\/span><\/p>\n<p>Die Verarbeitung erfolgt zum folgenden Zweck im Rahmen des Betriebs des Webshops:<\/p>\n<p><span style=\"padding-left: 30px;\">die Abrechnung der Einkauf<\/span><br \/>\n<span style=\"padding-left: 30px;\">die Lieferung der Einkauf<\/span><br \/>\n<span style=\"padding-left: 30px;\">die Kundenbetreuung<\/span><\/p>\n<p>Die Verarbeitung erfolgt auf Grundlage des Art. 6 Abs. 1 lit. b (Durchf\u00fchrung Bestellvorg\u00e4nge) und c (Gesetzlich erforderliche Archivierung) DSGVO. Dabei sind die als erforderlich gekennzeichneten Angaben zur Begr\u00fcndung und Erf\u00fcllung des Vertrages erforderlich.<\/p>\n<p>Die Daten offenbaren wir gegen\u00fcber Dritten im folgenden Rahmen<\/p>\n<p><span style=\"padding-left: 30px;\">f\u00fcr die Auslieferung<\/span><br \/>\n<span style=\"padding-left: 30px;\">f\u00fcr die Zahlung<\/span><br \/>\n<span style=\"padding-left: 30px;\">f\u00fcr gesetzliche Erlaubnisse und Pflichten gegen\u00fcber Rechtsberatern und Beh\u00f6rden<\/span><\/p>\n<p>Die Daten werden in Drittl\u00e4ndern nur dann verarbeitet, wenn dies zur Vertragserf\u00fcllung erforderlich ist (z.B. auf Kundenwunsch bei Auslieferung oder Zahlung).<\/p>\n<p><strong>Benutzerkonten<\/strong><\/p>\n<p>Kunden k\u00f6nnen kein Benutzerkonto anlegen.<\/p>\n<p><strong>L\u00f6schung<\/strong><\/p>\n<p>Die L\u00f6schung erfolgt nach Ablauf gesetzlicher Gew\u00e4hrleistungs- und vergleichbarer Pflichten, die Erforderlichkeit der Aufbewahrung der Daten wird alle drei Jahre \u00fcberpr\u00fcft; im Fall der gesetzlichen Archivierungspflichten erfolgt die L\u00f6schung nach deren Ablauf (Ende handelsrechtlicher (6 Jahre) und steuerrechtlicher (10 Jahre) Aufbewahrungspflicht).<\/p>\n<p style=\"font-size: 1.2em;\"><strong>Widerspruch Werbe-Mails<\/strong><\/p>\n<p>Der Nutzung von im Rahmen der Impressumspflicht ver\u00f6ffentlichten Kontaktdaten zur \u00dcbersendung von nicht ausdr\u00fccklich angeforderter Werbung und Informationsmaterialien wird hiermit widersprochen. Die Betreiber der Seiten behalten sich ausdr\u00fccklich rechtliche Schritte im Falle der unverlangten Zusendung von Werbeinformationen, etwa durch Spam-E-Mails, vor.<\/p>\n<p style=\"font-size: 0.8em;\">Quelle: https:\/\/www.e-recht24.de<\/p>\n<p style=\"font-size: 1.2em;\"><strong>Recht auf Auskunft, L\u00f6schung und Sperrung<\/strong><\/p>\n<p>Du hast jederzeit das Recht auf unentgeltliche Auskunft \u00fcber Deine gespeicherten personenbezogenen Daten, deren Herkunft und Empf\u00e4nger und den Zweck der Datenverarbeitung sowie ein Recht auf Berichtigung, Sperrung oder L\u00f6schung dieser Daten. Hierzu sowie zu weiteren Fragen zum Thema personenbezogene Daten kannst Du Dich jederzeit unter der im Impressum angegebenen Adresse an uns wenden.<\/p>\n<p style=\"font-size: 0.8em;\">Quelle: https:\/\/www.e-recht24.de<\/p>\n","protected":false},"excerpt":{"rendered":"<p>Wir nehmen den Schutz Deiner pers\u00f6nlichen Daten sehr ernst. Wir behandeln Deine personenbezogenen Daten vertraulich und entsprechend der gesetzlichen Datenschutzvorschriften sowie dieser Datenschutzerkl\u00e4rung. Nutzung der personenbezogene Daten Personenbezogene Daten sind alle Daten, die auf Dich pers\u00f6nlich beziehbar sind, beispielweise Dein Name, Deine Anschrift oder Deine E-Mail-Adresse. Soweit auf unseren Seiten personenbezogene Daten erhoben werden, erfolgt [&hellip;]<\/p>\n<p><a class=\"read-more\" href=\"https:\/\/www.bynaldis-shop.com\/?page_id=1444\">Mehr lesen<span class=\"meta-nav\">&rarr;<\/span><\/a><\/p>\n","protected":false},"author":1,"featured_media":0,"parent":0,"menu_order":0,"comment_status":"closed","ping_status":"closed","template":"","meta":{"footnotes":""},"class_list":["post-1444","page","type-page","status-publish","hentry"],"_links":{"self":[{"href":"https:\/\/www.bynaldis-shop.com\/index.php?rest_route=\/wp\/v2\/pages\/1444","targetHints":{"allow":["GET"]}}],"collection":[{"href":"https:\/\/www.bynaldis-shop.com\/index.php?rest_route=\/wp\/v2\/pages"}],"about":[{"href":"https:\/\/www.bynaldis-shop.com\/index.php?rest_route=\/wp\/v2\/types\/page"}],"author":[{"embeddable":true,"href":"https:\/\/www.bynaldis-shop.com\/index.php?rest_route=\/wp\/v2\/users\/1"}],"replies":[{"embeddable":true,"href":"https:\/\/www.bynaldis-shop.com\/index.php?rest_route=%2Fwp%2Fv2%2Fcomments&post=1444"}],"version-history":[{"count":3,"href":"https:\/\/www.bynaldis-shop.com\/index.php?rest_route=\/wp\/v2\/pages\/1444\/revisions"}],"predecessor-version":[{"id":10532,"href":"https:\/\/www.bynaldis-shop.com\/index.php?rest_route=\/wp\/v2\/pages\/1444\/revisions\/10532"}],"wp:attachment":[{"href":"https:\/\/www.bynaldis-shop.com\/index.php?rest_route=%2Fwp%2Fv2%2Fmedia&parent=1444"}],"curies":[{"name":"wp","href":"https:\/\/api.w.org\/{rel}","templated":true}]}}